{"id":878,"date":"2026-04-05T16:55:50","date_gmt":"2026-04-05T16:55:50","guid":{"rendered":"https:\/\/www.lianmeithermos.com\/?post_type=product&#038;p=878"},"modified":"2026-04-11T01:50:01","modified_gmt":"2026-04-11T01:50:01","slug":"bulk-stainless-steel-cookware-set","status":"publish","type":"product","link":"https:\/\/www.lianmeithermos.com\/fr\/produit\/bulk-stainless-steel-cookware-set\/","title":{"rendered":"Batterie de cuisine en acier inoxydable en vrac compatible avec plusieurs fourneaux"},"content":{"rendered":"<h2 class=\"wp-block-heading\">Caract\u00e9ristiques de la batterie de cuisine en acier inoxydable Bulk<\/h2>\n\n\n\n<div class=\"wp-block-columns is-layout-flex wp-container-core-columns-is-layout-9d6595d7 wp-block-columns-is-layout-flex\">\n<div class=\"wp-block-column is-vertically-aligned-center is-layout-flow wp-block-column-is-layout-flow\">\n<div class=\"wp-block-columns is-layout-flex wp-container-core-columns-is-layout-9d6595d7 wp-block-columns-is-layout-flex\">\n<div class=\"wp-block-column is-vertically-aligned-top is-layout-flow wp-block-column-is-layout-flow\">\n<p><strong>Antiadh\u00e9sif de pr\u00e9cision :<\/strong> Chaque pi\u00e8ce est recouverte d'un mat\u00e9riau antiadh\u00e9sif de haute qualit\u00e9 pour une utilisation commerciale intensive.<\/p>\n\n\n\n<p><strong>Compatible avec plusieurs po\u00eales :<\/strong> Optimis\u00e9 pour <strong>Induction, gaz, \u00e9lectricit\u00e9 et c\u00e9ramique<\/strong> cuisini\u00e8res.<\/p>\n\n\n\n<p><strong>Durabilit\u00e9 professionnelle :<\/strong> Fabriqu\u00e9 en acier inoxydable \u00e9paissi de qualit\u00e9 alimentaire pour garantir une performance durable.<\/p>\n\n\n\n<p><strong>Entretien facile :<\/strong> Con\u00e7ue pour un nettoyage sans effort et une hygi\u00e8ne sup\u00e9rieure dans les cuisines en activit\u00e9.<\/p>\n<\/div>\n\n\n\n<div class=\"wp-block-column is-layout-flow wp-block-column-is-layout-flow\">\n<figure class=\"wp-block-image alignwide size-full\"><img decoding=\"async\" width=\"474\" height=\"515\" src=\"https:\/\/www.lianmeithermos.com\/wp-content\/uploads\/2026\/04\/Bulk-Stainless-Steel-Cookware-Set1.webp\" alt=\"Batterie de cuisine en acier inoxydable en vrac1\" class=\"wp-image-879\" srcset=\"https:\/\/www.lianmeithermos.com\/wp-content\/uploads\/2026\/04\/Bulk-Stainless-Steel-Cookware-Set1.webp 474w, https:\/\/www.lianmeithermos.com\/wp-content\/uploads\/2026\/04\/Bulk-Stainless-Steel-Cookware-Set1-276x300.webp 276w, https:\/\/www.lianmeithermos.com\/wp-content\/uploads\/2026\/04\/Bulk-Stainless-Steel-Cookware-Set1-11x12.webp 11w\" sizes=\"(max-width: 474px) 100vw, 474px\" \/><\/figure>\n<\/div>\n<\/div>\n<\/div>\n<\/div>","protected":false},"excerpt":{"rendered":"<p data-start=\"452\" data-end=\"647\">Cette batterie de cuisine en acier inoxydable en vrac est dot\u00e9e d'un corps antiadh\u00e9sif \u00e9paissi et est compatible avec de nombreuses cuisini\u00e8res. Il s'agit de la solution compl\u00e8te parfaite pour les fournisseurs en gros de la restauration et de l'h\u00f4tellerie.<\/p>\n<h2>Sp\u00e9cifications de la batterie de cuisine en acier inoxydable en vrac<\/h2>\n<table style=\"height: 390px;\" width=\"342\">\n<tbody>\n<tr>\n<td width=\"71\">Nom de l'article<\/td>\n<td width=\"88\">Diam\u00e8tre \/ Sp\u00e9cification<\/td>\n<\/tr>\n<tr>\n<td width=\"71\">Marmite (petite)<\/td>\n<td width=\"88\">18cm\u00a0(with Lid)<\/td>\n<\/tr>\n<tr>\n<td width=\"71\">Marmite (moyenne)<\/td>\n<td width=\"88\">20cm\u00a0(with Lid)<\/td>\n<\/tr>\n<tr>\n<td width=\"71\">Marmite (grande)<\/td>\n<td width=\"88\">22cm\u00a0(with Lid)<\/td>\n<\/tr>\n<tr>\n<td width=\"71\">Yukihira Pan<\/td>\n<td width=\"88\">18cm<\/td>\n<\/tr>\n<tr>\n<td width=\"71\">Po\u00eale \u00e0 frire<\/td>\n<td width=\"88\">24cm<\/td>\n<\/tr>\n<tr>\n<td width=\"71\">Wok profond<\/td>\n<td width=\"88\">32cm<\/td>\n<\/tr>\n<\/tbody>\n<\/table>","protected":false},"featured_media":879,"comment_status":"closed","ping_status":"closed","template":"","meta":{"_acf_changed":false},"product_brand":[],"product_cat":[29],"product_tag":[],"class_list":{"0":"post-878","1":"product","2":"type-product","3":"status-publish","4":"has-post-thumbnail","6":"product_cat-wholesale-cookware","8":"first","9":"instock","10":"shipping-taxable","11":"product-type-simple"},"acf":[],"_links":{"self":[{"href":"https:\/\/www.lianmeithermos.com\/fr\/wp-json\/wp\/v2\/product\/878","targetHints":{"allow":["GET"]}}],"collection":[{"href":"https:\/\/www.lianmeithermos.com\/fr\/wp-json\/wp\/v2\/product"}],"about":[{"href":"https:\/\/www.lianmeithermos.com\/fr\/wp-json\/wp\/v2\/types\/product"}],"replies":[{"embeddable":true,"href":"https:\/\/www.lianmeithermos.com\/fr\/wp-json\/wp\/v2\/comments?post=878"}],"wp:featuredmedia":[{"embeddable":true,"href":"https:\/\/www.lianmeithermos.com\/fr\/wp-json\/wp\/v2\/media\/879"}],"wp:attachment":[{"href":"https:\/\/www.lianmeithermos.com\/fr\/wp-json\/wp\/v2\/media?parent=878"}],"wp:term":[{"taxonomy":"product_brand","embeddable":true,"href":"https:\/\/www.lianmeithermos.com\/fr\/wp-json\/wp\/v2\/product_brand?post=878"},{"taxonomy":"product_cat","embeddable":true,"href":"https:\/\/www.lianmeithermos.com\/fr\/wp-json\/wp\/v2\/product_cat?post=878"},{"taxonomy":"product_tag","embeddable":true,"href":"https:\/\/www.lianmeithermos.com\/fr\/wp-json\/wp\/v2\/product_tag?post=878"}],"curies":[{"name":"wp","href":"https:\/\/api.w.org\/{rel}","templated":true}]}}