{"id":880,"date":"2026-04-05T17:01:57","date_gmt":"2026-04-05T17:01:57","guid":{"rendered":"https:\/\/www.lianmeithermos.com\/?post_type=product&#038;p=880"},"modified":"2026-04-08T01:04:28","modified_gmt":"2026-04-08T01:04:28","slug":"wholesale-non-stick-frying-pans-universal-stove-compatible","status":"publish","type":"product","link":"https:\/\/www.lianmeithermos.com\/fr\/produit\/wholesale-non-stick-frying-pans-universal-stove-compatible\/","title":{"rendered":"Grossiste Po\u00eales \u00e0 frire antiadh\u00e9sives compatibles avec les cuisini\u00e8res universelles"},"content":{"rendered":"<h2 class=\"wp-block-heading\">Caract\u00e9ristiques des po\u00eales \u00e0 frire antiadh\u00e9sives en gros<\/h2>\n\n\n\n<div class=\"wp-block-columns is-layout-flex wp-container-core-columns-is-layout-9d6595d7 wp-block-columns-is-layout-flex\">\n<div class=\"wp-block-column is-vertically-aligned-center is-layout-flow wp-block-column-is-layout-flow\">\n<div class=\"wp-block-columns is-layout-flex wp-container-core-columns-is-layout-9d6595d7 wp-block-columns-is-layout-flex\">\n<div class=\"wp-block-column is-vertically-aligned-top is-layout-flow wp-block-column-is-layout-flow\">\n<p><strong>Rev\u00eatement antiadh\u00e9sif de premi\u00e8re qualit\u00e9 :<\/strong> La surface antiadh\u00e9sive durable garantit une lib\u00e9ration facile des aliments et des performances de cuisson sup\u00e9rieures.<\/p>\n\n\n\n<p><strong>Mat\u00e9riau \u00e9paissi Construction :<\/strong> Fabriqu\u00e9 en acier inoxydable \u00e9pais pour une meilleure durabilit\u00e9 et une distribution uniforme de la chaleur.<\/p>\n\n\n\n<p><strong>Compatibilit\u00e9 universelle avec les r\u00e9chauds :<\/strong> Con\u00e7ue de mani\u00e8re experte avec une base adapt\u00e9e \u00e0 <strong>Induction, gaz, \u00e9lectricit\u00e9, c\u00e9ramique et halog\u00e8ne<\/strong> cuisini\u00e8res.<\/p>\n\n\n\n<p><strong>Facile \u00e0 nettoyer et \u00e0 entretenir :<\/strong> Con\u00e7u pour un nettoyage rapide et sans effort, il est id\u00e9al pour les environnements professionnels \u00e0 haut rendement.<\/p>\n\n\n\n<p><strong>Poign\u00e9es ergonomiques Stay-Cool :<\/strong> Les poign\u00e9es creuses en acier inoxydable r\u00e9duisent le transfert de chaleur pour une utilisation s\u00fbre et confortable.<\/p>\n<\/div>\n\n\n\n<div class=\"wp-block-column is-layout-flow wp-block-column-is-layout-flow\">\n<figure class=\"wp-block-image alignwide size-full\"><img decoding=\"async\" width=\"1080\" height=\"1080\" src=\"https:\/\/www.lianmeithermos.com\/wp-content\/uploads\/2026\/04\/Wholesale-Non-Stick-Frying-Pans-1.webp\" alt=\"Po\u00eales \u00e0 frire antiadh\u00e9sives en gros\" class=\"wp-image-883\" srcset=\"https:\/\/www.lianmeithermos.com\/wp-content\/uploads\/2026\/04\/Wholesale-Non-Stick-Frying-Pans-1.webp 1080w, https:\/\/www.lianmeithermos.com\/wp-content\/uploads\/2026\/04\/Wholesale-Non-Stick-Frying-Pans-1-300x300.webp 300w, https:\/\/www.lianmeithermos.com\/wp-content\/uploads\/2026\/04\/Wholesale-Non-Stick-Frying-Pans-1-150x150.webp 150w, https:\/\/www.lianmeithermos.com\/wp-content\/uploads\/2026\/04\/Wholesale-Non-Stick-Frying-Pans-1-768x768.webp 768w, https:\/\/www.lianmeithermos.com\/wp-content\/uploads\/2026\/04\/Wholesale-Non-Stick-Frying-Pans-1-12x12.webp 12w, https:\/\/www.lianmeithermos.com\/wp-content\/uploads\/2026\/04\/Wholesale-Non-Stick-Frying-Pans-1-600x600.webp 600w, https:\/\/www.lianmeithermos.com\/wp-content\/uploads\/2026\/04\/Wholesale-Non-Stick-Frying-Pans-1-100x100.webp 100w\" sizes=\"(max-width: 1080px) 100vw, 1080px\" \/><\/figure>\n<\/div>\n<\/div>\n<\/div>\n<\/div>","protected":false},"excerpt":{"rendered":"<p data-start=\"452\" data-end=\"647\">Ces po\u00eales \u00e0 frire antiadh\u00e9sives en gros sont fabriqu\u00e9es en acier inoxydable \u00e9paissi. Compatibles avec toutes les cuisini\u00e8res (induction\/gaz\/\u00e9lectrique), elles sont con\u00e7ues pour \u00eatre utilis\u00e9es dans des conditions id\u00e9ales. <b data-path-to-node=\"5\" data-index-in-node=\"153\">nettoyage facile<\/b>. Id\u00e9al pour les grossistes et les cuisines commerciales.<\/p>\n<h2>Sp\u00e9cifications des po\u00eales \u00e0 frire antiadh\u00e9sives en gros<\/h2>\n<table style=\"border-collapse: collapse; width: 344px; height: 233px;\" border=\"0\" width=\"93\" cellspacing=\"0\" cellpadding=\"0\">\n<tbody>\n<tr style=\"height: 34.75pt;\">\n<td class=\"et2\" style=\"height: 34.75pt; width: 46.80pt;\" width=\"46\" height=\"34\">Objet<\/td>\n<td class=\"et2\" style=\"width: 46.80pt;\" width=\"46\">Taille<\/td>\n<\/tr>\n<tr style=\"height: 34.75pt;\">\n<td class=\"et2\" style=\"height: 34.75pt; width: 46.80pt;\" width=\"46\" height=\"34\">Po\u00eale \u00e0 frire (S)<\/td>\n<td class=\"et2\" style=\"width: 46.80pt;\" width=\"46\">24cm<\/td>\n<\/tr>\n<tr style=\"height: 51.75pt;\">\n<td class=\"et2\" style=\"height: 51.75pt; width: 46.80pt;\" width=\"46\" height=\"51\">Po\u00eale \u00e0 frire (M)<\/td>\n<td class=\"et2\" style=\"width: 46.80pt;\" width=\"46\">26cm<\/td>\n<\/tr>\n<tr style=\"height: 51.75pt;\">\n<td class=\"et2\" style=\"height: 51.75pt; width: 46.80pt;\" width=\"46\" height=\"51\">Po\u00eale \u00e0 frire (L)<\/td>\n<td class=\"et2\" style=\"width: 46.80pt;\" width=\"46\">28cm<\/td>\n<\/tr>\n<\/tbody>\n<\/table>","protected":false},"featured_media":883,"comment_status":"closed","ping_status":"closed","template":"","meta":{"_acf_changed":false},"product_brand":[],"product_cat":[29],"product_tag":[],"class_list":{"0":"post-880","1":"product","2":"type-product","3":"status-publish","4":"has-post-thumbnail","6":"product_cat-wholesale-cookware","8":"first","9":"instock","10":"shipping-taxable","11":"product-type-simple"},"acf":[],"_links":{"self":[{"href":"https:\/\/www.lianmeithermos.com\/fr\/wp-json\/wp\/v2\/product\/880","targetHints":{"allow":["GET"]}}],"collection":[{"href":"https:\/\/www.lianmeithermos.com\/fr\/wp-json\/wp\/v2\/product"}],"about":[{"href":"https:\/\/www.lianmeithermos.com\/fr\/wp-json\/wp\/v2\/types\/product"}],"replies":[{"embeddable":true,"href":"https:\/\/www.lianmeithermos.com\/fr\/wp-json\/wp\/v2\/comments?post=880"}],"wp:featuredmedia":[{"embeddable":true,"href":"https:\/\/www.lianmeithermos.com\/fr\/wp-json\/wp\/v2\/media\/883"}],"wp:attachment":[{"href":"https:\/\/www.lianmeithermos.com\/fr\/wp-json\/wp\/v2\/media?parent=880"}],"wp:term":[{"taxonomy":"product_brand","embeddable":true,"href":"https:\/\/www.lianmeithermos.com\/fr\/wp-json\/wp\/v2\/product_brand?post=880"},{"taxonomy":"product_cat","embeddable":true,"href":"https:\/\/www.lianmeithermos.com\/fr\/wp-json\/wp\/v2\/product_cat?post=880"},{"taxonomy":"product_tag","embeddable":true,"href":"https:\/\/www.lianmeithermos.com\/fr\/wp-json\/wp\/v2\/product_tag?post=880"}],"curies":[{"name":"wp","href":"https:\/\/api.w.org\/{rel}","templated":true}]}}