{"id":553,"date":"2025-12-28T11:18:36","date_gmt":"2025-12-28T11:18:36","guid":{"rendered":"https:\/\/www.lianmeithermos.com\/?post_type=product&#038;p=553"},"modified":"2025-12-30T00:59:40","modified_gmt":"2025-12-30T00:59:40","slug":"bulk-stainless-steel-milk-tea-buckets-for-commercial-use","status":"publish","type":"product","link":"https:\/\/www.lianmeithermos.com\/pt\/produto\/bulk-stainless-steel-milk-tea-buckets-for-commercial-use\/","title":{"rendered":"Baldes de a\u00e7o inoxid\u00e1vel para ch\u00e1 com leite a granel para uso comercial"},"content":{"rendered":"<h2 class=\"wp-block-heading\">Caracter\u00edsticas dos baldes de a\u00e7o inoxid\u00e1vel para ch\u00e1 com leite a granel<\/h2>\n\n\n\n<div class=\"wp-block-columns is-layout-flex wp-container-core-columns-is-layout-9d6595d7 wp-block-columns-is-layout-flex\">\n<div class=\"wp-block-column is-vertically-aligned-center is-layout-flow wp-block-column-is-layout-flow\">\n<div class=\"wp-block-columns is-layout-flex wp-container-core-columns-is-layout-9d6595d7 wp-block-columns-is-layout-flex\">\n<div class=\"wp-block-column is-vertically-aligned-top is-layout-flow wp-block-column-is-layout-flow\">\n<p><strong>A\u00e7o inoxid\u00e1vel 304 seguro para alimentos<\/strong>\uff1a Interior certificado para uso alimentar \u2014 n\u00e3o t\u00f3xico, resistente \u00e0 corros\u00e3o e em conformidade com as normas FDA\/LFGB.<\/p>\n\n\n\n<p><strong>Reten\u00e7\u00e3o de temperatura por mais de 24 horas<\/strong>\uff1a O isolamento de tr\u00eas camadas (v\u00e1cuo + espuma PU) mant\u00e9m as bebidas quentes ou frias durante todo o dia, reduzindo o desperd\u00edcio e garantindo a consist\u00eancia.<\/p>\n\n\n\n<p><strong>Torneira de resina sem gotejamento<\/strong>\uff1a Torneira ergon\u00f3mica resistente ao calor para uma distribui\u00e7\u00e3o suave com uma s\u00f3 m\u00e3o \u2014 sem fugas, sem sujidade.<\/p>\n\n\n\n<p><strong>Pernas dobr\u00e1veis, design empilh\u00e1vel <\/strong>\uff1aEleve 7 cm para um despejo confort\u00e1vel; dobre para economizar espa\u00e7o no armazenamento ou transporte.<\/p>\n\n\n\n<p><strong>Um balde, m\u00faltiplas utiliza\u00e7\u00f5es<\/strong>\uff1aIdeal para ch\u00e1 boba, caf\u00e9, leite, xarope ou \u00e1gua \u2014 reduza o uso de pl\u00e1stico descart\u00e1vel e simplifique as opera\u00e7\u00f5es.<\/p>\n\n\n\n<p><strong>Escala de 6L a 20L com o seu neg\u00f3cio<\/strong>Compacto para quiosques, grande para caf\u00e9s \u2014 a mesma constru\u00e7\u00e3o fi\u00e1vel em todos os tamanhos.<\/p>\n<\/div>\n\n\n\n<div class=\"wp-block-column is-layout-flow wp-block-column-is-layout-flow\">\n<figure class=\"wp-block-image size-full\"><img decoding=\"async\" width=\"800\" height=\"800\" src=\"https:\/\/www.lianmeithermos.com\/wp-content\/uploads\/2025\/12\/Bulk-Stainless-Steel-Milk-Tea-Buckets-4.webp\" alt=\"Baldes de a\u00e7o inoxid\u00e1vel para ch\u00e1 com leite a granel 4\" class=\"wp-image-554\" srcset=\"https:\/\/www.lianmeithermos.com\/wp-content\/uploads\/2025\/12\/Bulk-Stainless-Steel-Milk-Tea-Buckets-4.webp 800w, https:\/\/www.lianmeithermos.com\/wp-content\/uploads\/2025\/12\/Bulk-Stainless-Steel-Milk-Tea-Buckets-4-300x300.webp 300w, https:\/\/www.lianmeithermos.com\/wp-content\/uploads\/2025\/12\/Bulk-Stainless-Steel-Milk-Tea-Buckets-4-150x150.webp 150w, https:\/\/www.lianmeithermos.com\/wp-content\/uploads\/2025\/12\/Bulk-Stainless-Steel-Milk-Tea-Buckets-4-768x768.webp 768w, https:\/\/www.lianmeithermos.com\/wp-content\/uploads\/2025\/12\/Bulk-Stainless-Steel-Milk-Tea-Buckets-4-600x600.webp 600w, https:\/\/www.lianmeithermos.com\/wp-content\/uploads\/2025\/12\/Bulk-Stainless-Steel-Milk-Tea-Buckets-4-100x100.webp 100w\" sizes=\"(max-width: 800px) 100vw, 800px\" \/><\/figure>\n<\/div>\n<\/div>\n<\/div>\n<\/div>","protected":false},"excerpt":{"rendered":"<p>Baldes de ch\u00e1 com leite a granel premium para caf\u00e9s, lojas de boba e fornecedores de servi\u00e7os alimentares. Fabricados com a\u00e7o inoxid\u00e1vel 304 em conformidade com a FDA, isolamento de tr\u00eas camadas e torneira \u00e0 prova de fugas \u2014 concebidos para distribui\u00e7\u00e3o de grandes volumes, reten\u00e7\u00e3o de temperatura e f\u00e1cil empilhamento. OEM dispon\u00edvel.<\/p>\n<h2>Especifica\u00e7\u00f5es dos baldes de a\u00e7o inoxid\u00e1vel para ch\u00e1 com leite a granel<\/h2>\n<div class=\"tongyi-markdown-table-wrapper\">\n<table style=\"height: 256px;\" width=\"714\">\n<thead>\n<tr>\n<th data-spm-anchor-id=\"5176.28103460.0.i39.f80475513I0AEr\">Tamanho (L)<\/th>\n<th>Dimens\u00f5es internas (P\u00d7A, cm)<\/th>\n<th>Peso l\u00edquido (kg)<\/th>\n<th>Peso bruto (kg)<\/th>\n<th>Embalagem individual (cm)<\/th>\n<th>Caixa exterior (cm)<\/th>\n<th>Unidades por caixa<\/th>\n<\/tr>\n<\/thead>\n<tbody>\n<tr>\n<td>6<\/td>\n<td>18 \u00d7 19,5<\/td>\n<td>1.24<\/td>\n<td>1.62<\/td>\n<td>23,5 \u00d7 25 \u00d7 30,5<\/td>\n<td>76 \u00d7 51 \u00d7 33<\/td>\n<td>6<\/td>\n<\/tr>\n<tr>\n<td>8<\/td>\n<td>18 \u00d7 24,5<\/td>\n<td>1.36<\/td>\n<td>1.78<\/td>\n<td>23,5 \u00d7 25 \u00d7 35,5<\/td>\n<td>51 \u00d7 38 \u00d7 35<\/td>\n<td>6<\/td>\n<\/tr>\n<tr>\n<td>10<\/td>\n<td>18 \u00d7 29,5<\/td>\n<td>1.53<\/td>\n<td>1.96<\/td>\n<td>23,5 \u00d7 25 \u00d7 40,5<\/td>\n<td>51 \u00d7 43 \u00d7 39<\/td>\n<td>6<\/td>\n<\/tr>\n<tr>\n<td>12<\/td>\n<td>18 \u00d7 34,5<\/td>\n<td>1.63<\/td>\n<td>2.11<\/td>\n<td>23,5 \u00d7 25 \u00d7 45,5<\/td>\n<td>51 \u00d7 48 \u00d7 43<\/td>\n<td>6<\/td>\n<\/tr>\n<tr>\n<td>14<\/td>\n<td>\u2014<\/td>\n<td>\u2014<\/td>\n<td>\u2014<\/td>\n<td>\u2014<\/td>\n<td>\u2014<\/td>\n<td>6<\/td>\n<\/tr>\n<tr>\n<td>16<\/td>\n<td>22 \u00d7 30,5<\/td>\n<td>2.03<\/td>\n<td>2.77<\/td>\n<td>35 \u00d7 35 \u00d7 47<\/td>\n<td>60 \u00d7 48 \u00d7 57<\/td>\n<td>6<\/td>\n<\/tr>\n<tr>\n<td data-spm-anchor-id=\"5176.28103460.0.i32.f80475513I0AEr\">18<\/td>\n<td>\u2014<\/td>\n<td>\u2014<\/td>\n<td>\u2014<\/td>\n<td>\u2014<\/td>\n<td>\u2014<\/td>\n<td>6<\/td>\n<\/tr>\n<tr>\n<td data-spm-anchor-id=\"5176.28103460.0.i31.f80475513I0AEr\">20<\/td>\n<td>22 \u00d7 38,5<\/td>\n<td>2.35<\/td>\n<td>3.17<\/td>\n<td>35 \u00d7 35 \u00d7 56<\/td>\n<td>60 \u00d7 56 \u00d7 70<\/td>\n<td>6<\/td>\n<\/tr>\n<\/tbody>\n<\/table>\n<\/div>","protected":false},"featured_media":555,"comment_status":"closed","ping_status":"closed","template":"","meta":{"_acf_changed":false},"product_brand":[],"product_cat":[18],"product_tag":[25],"class_list":{"0":"post-553","1":"product","2":"type-product","3":"status-publish","4":"has-post-thumbnail","6":"product_cat-wholesale-milk-tea-buckets","7":"product_tag-restaurant","9":"first","10":"instock","11":"shipping-taxable","12":"product-type-simple"},"acf":[],"_links":{"self":[{"href":"https:\/\/www.lianmeithermos.com\/pt\/wp-json\/wp\/v2\/product\/553","targetHints":{"allow":["GET"]}}],"collection":[{"href":"https:\/\/www.lianmeithermos.com\/pt\/wp-json\/wp\/v2\/product"}],"about":[{"href":"https:\/\/www.lianmeithermos.com\/pt\/wp-json\/wp\/v2\/types\/product"}],"replies":[{"embeddable":true,"href":"https:\/\/www.lianmeithermos.com\/pt\/wp-json\/wp\/v2\/comments?post=553"}],"wp:featuredmedia":[{"embeddable":true,"href":"https:\/\/www.lianmeithermos.com\/pt\/wp-json\/wp\/v2\/media\/555"}],"wp:attachment":[{"href":"https:\/\/www.lianmeithermos.com\/pt\/wp-json\/wp\/v2\/media?parent=553"}],"wp:term":[{"taxonomy":"product_brand","embeddable":true,"href":"https:\/\/www.lianmeithermos.com\/pt\/wp-json\/wp\/v2\/product_brand?post=553"},{"taxonomy":"product_cat","embeddable":true,"href":"https:\/\/www.lianmeithermos.com\/pt\/wp-json\/wp\/v2\/product_cat?post=553"},{"taxonomy":"product_tag","embeddable":true,"href":"https:\/\/www.lianmeithermos.com\/pt\/wp-json\/wp\/v2\/product_tag?post=553"}],"curies":[{"name":"wp","href":"https:\/\/api.w.org\/{rel}","templated":true}]}}