{"id":558,"date":"2025-12-28T11:22:53","date_gmt":"2025-12-28T11:22:53","guid":{"rendered":"https:\/\/www.lianmeithermos.com\/?post_type=product&#038;p=558"},"modified":"2025-12-30T00:59:24","modified_gmt":"2025-12-30T00:59:24","slug":"commercial-milk-tea-buckets-in-bulk","status":"publish","type":"product","link":"https:\/\/www.lianmeithermos.com\/pt\/produto\/commercial-milk-tea-buckets-in-bulk\/","title":{"rendered":"Baldes de ch\u00e1 com leite de qualidade comercial a granel"},"content":{"rendered":"<h2 class=\"wp-block-heading\">Caracter\u00edsticas dos baldes de ch\u00e1 com leite a granel<\/h2>\n\n\n\n<div class=\"wp-block-columns is-layout-flex wp-container-core-columns-is-layout-9d6595d7 wp-block-columns-is-layout-flex\">\n<div class=\"wp-block-column is-vertically-aligned-center is-layout-flow wp-block-column-is-layout-flow\">\n<div class=\"wp-block-columns is-layout-flex wp-container-core-columns-is-layout-9d6595d7 wp-block-columns-is-layout-flex\">\n<div class=\"wp-block-column is-vertically-aligned-top is-layout-flow wp-block-column-is-layout-flow\">\n<p><strong>Revestimento de seguran\u00e7a para uso alimentar<\/strong>\uff1a<br>Fabricado com \u201ca\u00e7o inoxid\u00e1vel de qualidade alimentar\u201d cuidadosamente selecionado, garantindo sa\u00fade e seguran\u00e7a por ser livre de metais pesados e resistente \u00e0 corros\u00e3o, garantindo a seguran\u00e7a das bebidas desde a origem.<br><strong>Excelente desempenho de isolamento<\/strong>\uff1a<br>Possui uma camada de isolamento com 2,5 cm de espessura, proporcionando at\u00e9 24 horas de reten\u00e7\u00e3o de calor e frio de longa dura\u00e7\u00e3o, atendendo \u00e0s necessidades das opera\u00e7\u00f5es comerciais durante todo o dia.<br><strong>F\u00e1cil de limpar e dur\u00e1vel<\/strong>\uff1a<br>O revestimento interno tem uma superf\u00edcie lisa e sem costuras que evita o ac\u00famulo de sujeira e res\u00edduos, facilitando e agilizando a limpeza, atendendo aos requisitos de higiene para uso comercial frequente.<br><strong>Design \u00e0 prova de fugas melhorado<\/strong>\uff1a<br>O produto foi recentemente atualizado com foco na otimiza\u00e7\u00e3o estrutural, eliminando completamente os problemas de vazamento na parte inferior para uma utiliza\u00e7\u00e3o mais segura e sem preocupa\u00e7\u00f5es.<br><strong>Adapta\u00e7\u00e3o profissional de cenas<\/strong>\uff1a<br>Concebido especificamente para ambientes comerciais, como lojas de ch\u00e1 e cafetarias, equipado com uma torneira conveniente e uma pega pr\u00e1tica para melhorar a efici\u00eancia e a facilidade de opera\u00e7\u00e3o.<\/p>\n<\/div>\n\n\n\n<div class=\"wp-block-column is-layout-flow wp-block-column-is-layout-flow\">\n<figure class=\"wp-block-image size-full\"><img decoding=\"async\" width=\"800\" height=\"800\" src=\"https:\/\/www.lianmeithermos.com\/wp-content\/uploads\/2025\/12\/Milk-Tea-Buckets-in-Bulk3.webp\" alt=\"Baldes de ch\u00e1 com leite a granel3\" class=\"wp-image-561\" srcset=\"https:\/\/www.lianmeithermos.com\/wp-content\/uploads\/2025\/12\/Milk-Tea-Buckets-in-Bulk3.webp 800w, https:\/\/www.lianmeithermos.com\/wp-content\/uploads\/2025\/12\/Milk-Tea-Buckets-in-Bulk3-300x300.webp 300w, https:\/\/www.lianmeithermos.com\/wp-content\/uploads\/2025\/12\/Milk-Tea-Buckets-in-Bulk3-150x150.webp 150w, https:\/\/www.lianmeithermos.com\/wp-content\/uploads\/2025\/12\/Milk-Tea-Buckets-in-Bulk3-768x768.webp 768w, https:\/\/www.lianmeithermos.com\/wp-content\/uploads\/2025\/12\/Milk-Tea-Buckets-in-Bulk3-600x600.webp 600w, https:\/\/www.lianmeithermos.com\/wp-content\/uploads\/2025\/12\/Milk-Tea-Buckets-in-Bulk3-100x100.webp 100w\" sizes=\"(max-width: 800px) 100vw, 800px\" \/><\/figure>\n<\/div>\n<\/div>\n<\/div>\n<\/div>","protected":false},"excerpt":{"rendered":"<p data-start=\"452\" data-end=\"647\">Baldes de ch\u00e1 com leite de qualidade comercial a granel para lojas de ch\u00e1 com leite e uso em catering, com constru\u00e7\u00e3o em a\u00e7o inoxid\u00e1vel de qualidade alimentar, isolamento fi\u00e1vel e suporte flex\u00edvel a granel e OEM\/ODM.<\/p>\n<h2>Especifica\u00e7\u00f5es dos baldes de ch\u00e1 com leite a granel<\/h2>\n<table style=\"height: 251px;\" width=\"635\">\n<thead>\n<tr>\n<th>Capacidade (L)<\/th>\n<th>Di\u00e2metro interno \u00d7 Altura interna (cm)<\/th>\n<th>Peso bruto (kg)<\/th>\n<th>Tamanho da embalagem individual (cm)<\/th>\n<th>Tamanho da caixa (cm)<\/th>\n<th>Quantidade \/ Caixa<\/th>\n<\/tr>\n<\/thead>\n<tbody>\n<tr>\n<td>6<\/td>\n<td>19,5 \u00d7 17<\/td>\n<td>1.62<\/td>\n<td>35 \u00d7 25 \u00d7 30,5<\/td>\n<td>76 \u00d7 51 \u00d7 33<\/td>\n<td>6<\/td>\n<\/tr>\n<tr>\n<td>8<\/td>\n<td>19,5 \u00d7 22<\/td>\n<td>1.86<\/td>\n<td>35 \u00d7 25 \u00d7 35,5<\/td>\n<td>51 \u00d7 38 \u00d7 35<\/td>\n<td>6<\/td>\n<\/tr>\n<tr>\n<td>10<\/td>\n<td>19,5 \u00d7 27,5<\/td>\n<td>2.05<\/td>\n<td>35 \u00d7 25 \u00d7 40,5<\/td>\n<td>51 \u00d7 43 \u00d7 39<\/td>\n<td>6<\/td>\n<\/tr>\n<tr>\n<td>12<\/td>\n<td>19,5 \u00d7 32<\/td>\n<td>2.17<\/td>\n<td>35 \u00d7 25 \u00d7 45,5<\/td>\n<td>51 \u00d7 48 \u00d7 43<\/td>\n<td>6<\/td>\n<\/tr>\n<tr>\n<td>14<\/td>\n<td>25 \u00d7 22<\/td>\n<td>3.00<\/td>\n<td>35 \u00d7 35 \u00d7 43<\/td>\n<td>\u2014<\/td>\n<td>6<\/td>\n<\/tr>\n<tr>\n<td>16<\/td>\n<td>25 \u00d7 26,5<\/td>\n<td>3.23<\/td>\n<td>35 \u00d7 35 \u00d7 47<\/td>\n<td>60 \u00d7 48 \u00d7 57<\/td>\n<td>6<\/td>\n<\/tr>\n<tr>\n<td>18<\/td>\n<td>25 \u00d7 29<\/td>\n<td>3.30<\/td>\n<td>35 \u00d7 35 \u00d7 50<\/td>\n<td>\u2014<\/td>\n<td>6<\/td>\n<\/tr>\n<tr>\n<td>20<\/td>\n<td>25 \u00d7 33,5<\/td>\n<td>3.73<\/td>\n<td>35 \u00d7 35 \u00d7 56<\/td>\n<td>60 \u00d7 56 \u00d7 70<\/td>\n<td>6<\/td>\n<\/tr>\n<\/tbody>\n<\/table>","protected":false},"featured_media":562,"comment_status":"closed","ping_status":"closed","template":"","meta":{"_acf_changed":false},"product_brand":[],"product_cat":[18],"product_tag":[25],"class_list":{"0":"post-558","1":"product","2":"type-product","3":"status-publish","4":"has-post-thumbnail","6":"product_cat-wholesale-milk-tea-buckets","7":"product_tag-restaurant","9":"first","10":"instock","11":"shipping-taxable","12":"product-type-simple"},"acf":[],"_links":{"self":[{"href":"https:\/\/www.lianmeithermos.com\/pt\/wp-json\/wp\/v2\/product\/558","targetHints":{"allow":["GET"]}}],"collection":[{"href":"https:\/\/www.lianmeithermos.com\/pt\/wp-json\/wp\/v2\/product"}],"about":[{"href":"https:\/\/www.lianmeithermos.com\/pt\/wp-json\/wp\/v2\/types\/product"}],"replies":[{"embeddable":true,"href":"https:\/\/www.lianmeithermos.com\/pt\/wp-json\/wp\/v2\/comments?post=558"}],"wp:featuredmedia":[{"embeddable":true,"href":"https:\/\/www.lianmeithermos.com\/pt\/wp-json\/wp\/v2\/media\/562"}],"wp:attachment":[{"href":"https:\/\/www.lianmeithermos.com\/pt\/wp-json\/wp\/v2\/media?parent=558"}],"wp:term":[{"taxonomy":"product_brand","embeddable":true,"href":"https:\/\/www.lianmeithermos.com\/pt\/wp-json\/wp\/v2\/product_brand?post=558"},{"taxonomy":"product_cat","embeddable":true,"href":"https:\/\/www.lianmeithermos.com\/pt\/wp-json\/wp\/v2\/product_cat?post=558"},{"taxonomy":"product_tag","embeddable":true,"href":"https:\/\/www.lianmeithermos.com\/pt\/wp-json\/wp\/v2\/product_tag?post=558"}],"curies":[{"name":"wp","href":"https:\/\/api.w.org\/{rel}","templated":true}]}}