{"id":565,"date":"2025-12-28T11:54:45","date_gmt":"2025-12-28T11:54:45","guid":{"rendered":"https:\/\/www.lianmeithermos.com\/?post_type=product&#038;p=565"},"modified":"2025-12-30T00:59:09","modified_gmt":"2025-12-30T00:59:09","slug":"wholesale-commercial-stainless-steel-insulated-barrel","status":"publish","type":"product","link":"https:\/\/www.lianmeithermos.com\/pt\/produto\/wholesale-commercial-stainless-steel-insulated-barrel\/","title":{"rendered":"Barril isolado comercial de a\u00e7o inoxid\u00e1vel por grosso"},"content":{"rendered":"<h2 class=\"wp-block-heading\">Caracter\u00edsticas do barril isolado comercial de a\u00e7o inoxid\u00e1vel por atacado <\/h2>\n\n\n\n<div class=\"wp-block-columns is-layout-flex wp-container-core-columns-is-layout-9d6595d7 wp-block-columns-is-layout-flex\">\n<div class=\"wp-block-column is-vertically-aligned-center is-layout-flow wp-block-column-is-layout-flow\">\n<div class=\"wp-block-columns is-layout-flex wp-container-core-columns-is-layout-9d6595d7 wp-block-columns-is-layout-flex\">\n<div class=\"wp-block-column is-vertically-aligned-top is-layout-flow wp-block-column-is-layout-flow\">\n<p><strong>Material de a\u00e7o inoxid\u00e1vel de qualidade alimentar: <\/strong>O revestimento interno \u00e9 feito de a\u00e7o inoxid\u00e1vel de qualidade alimentar, que \u00e9 resistente a altas temperaturas, n\u00e3o libera subst\u00e2ncias nocivas, \u00e9 resistente \u00e0 corros\u00e3o e \u00e0 ferrugem, garantindo a seguran\u00e7a e a pureza das bebidas. A parede interna lisa \u00e9 f\u00e1cil de limpar e evita o ac\u00famulo de sujeira e res\u00edduos, atendendo aos padr\u00f5es de higiene comercial de alta intensidade.<br><strong>Camada isolante espessa em PU, reten\u00e7\u00e3o de temperatura duradoura por 24 horas: <\/strong>Utilizando material PU ecol\u00f3gico para enchimento de espuma espessa multicamadas, proporciona um excelente desempenho de isolamento, alcan\u00e7ando at\u00e9 24 horas de reten\u00e7\u00e3o de calor ou frio de longa dura\u00e7\u00e3o, atendendo eficazmente \u00e0s necessidades operacionais di\u00e1rias de casas de ch\u00e1 e caf\u00e9s.<br><strong>Design com fivela resistente, seguro e \u00e0 prova de fugas: <\/strong>A tampa est\u00e1 equipada com uma estrutura de fivela refor\u00e7ada que trava com seguran\u00e7a, evitando derramamentos e vazamentos durante o manuseio e transporte, garantindo uma experi\u00eancia limpa e segura para o usu\u00e1rio.<br><strong>Estrutura est\u00e1vel e f\u00e1cil opera\u00e7\u00e3o, adequada para uso comercial: <\/strong>O design robusto do barril, com al\u00e7as laterais e um bot\u00e3o central na tampa, torna o transporte e o despejo convenientes e f\u00e1ceis, otimizados para ambientes comerciais de alta frequ\u00eancia e alta efici\u00eancia.<br><strong>Garantia de qualidade da marca, profissional e confi\u00e1vel:<\/strong> Produzido pela marca \u201cLianMei\u201d, com foco nos detalhes dos materiais e do acabamento, satisfaz de forma abrangente os requisitos combinados de durabilidade, higiene e efici\u00eancia para as empresas, desde o isolamento e veda\u00e7\u00e3o at\u00e9 \u00e0 limpeza e manuten\u00e7\u00e3o.<\/p>\n<\/div>\n\n\n\n<div class=\"wp-block-column is-layout-flow wp-block-column-is-layout-flow\">\n<figure class=\"wp-block-image size-full\"><img decoding=\"async\" width=\"4480\" height=\"4480\" src=\"https:\/\/www.lianmeithermos.com\/wp-content\/uploads\/2025\/12\/Wholesale-Commercial-Stainless-Steel-Insulated-Barrel3.webp\" alt=\"Barril isolado comercial de a\u00e7o inoxid\u00e1vel para venda por grosso3\" class=\"wp-image-568\" srcset=\"https:\/\/www.lianmeithermos.com\/wp-content\/uploads\/2025\/12\/Wholesale-Commercial-Stainless-Steel-Insulated-Barrel3.webp 4480w, https:\/\/www.lianmeithermos.com\/wp-content\/uploads\/2025\/12\/Wholesale-Commercial-Stainless-Steel-Insulated-Barrel3-300x300.webp 300w, https:\/\/www.lianmeithermos.com\/wp-content\/uploads\/2025\/12\/Wholesale-Commercial-Stainless-Steel-Insulated-Barrel3-150x150.webp 150w, https:\/\/www.lianmeithermos.com\/wp-content\/uploads\/2025\/12\/Wholesale-Commercial-Stainless-Steel-Insulated-Barrel3-768x768.webp 768w, https:\/\/www.lianmeithermos.com\/wp-content\/uploads\/2025\/12\/Wholesale-Commercial-Stainless-Steel-Insulated-Barrel3-1200x1200.webp 1200w, https:\/\/www.lianmeithermos.com\/wp-content\/uploads\/2025\/12\/Wholesale-Commercial-Stainless-Steel-Insulated-Barrel3-600x600.webp 600w, https:\/\/www.lianmeithermos.com\/wp-content\/uploads\/2025\/12\/Wholesale-Commercial-Stainless-Steel-Insulated-Barrel3-100x100.webp 100w\" sizes=\"(max-width: 4480px) 100vw, 4480px\" \/><\/figure>\n<\/div>\n<\/div>\n<\/div>\n<\/div>","protected":false},"excerpt":{"rendered":"<p data-start=\"452\" data-end=\"647\">Barril isolado de a\u00e7o inoxid\u00e1vel comercial por grosso, concebido para catering, restaurantes e servi\u00e7os de alimenta\u00e7\u00e3o, com constru\u00e7\u00e3o em a\u00e7o inoxid\u00e1vel de qualidade alimentar e isolamento fi\u00e1vel para manter as temperaturas ideais dos alimentos e bebidas.<\/p>\n<h2>Especifica\u00e7\u00f5es do barril isolado de a\u00e7o inoxid\u00e1vel comercial por grosso<\/h2>\n<table style=\"height: 397px;\" width=\"576\">\n<thead>\n<tr>\n<th>Capacidade (L)<\/th>\n<th>Di\u00e2metro interno \u00d7 Altura interna (cm)<\/th>\n<th>Peso l\u00edquido (kg)<\/th>\n<th>Peso bruto (kg)<\/th>\n<th>Tamanho da embalagem individual (cm)<\/th>\n<th>Tamanho da caixa (cm)<\/th>\n<th>Quantidade \/ Caixa<\/th>\n<\/tr>\n<\/thead>\n<tbody>\n<tr>\n<td>10<\/td>\n<td>19,5 \u00d7 23<\/td>\n<td>1.50<\/td>\n<td>1.90<\/td>\n<td>25 \u00d7 25 \u00d7 31<\/td>\n<td>53 \u00d7 53 \u00d7 65<\/td>\n<td>8<\/td>\n<\/tr>\n<tr>\n<td>15<\/td>\n<td>25 \u00d7 20<\/td>\n<td>1.75<\/td>\n<td>2.52<\/td>\n<td>32 \u00d7 32 \u00d7 29,5<\/td>\n<td>63 \u00d7 63 \u00d7 61<\/td>\n<td>8<\/td>\n<\/tr>\n<tr>\n<td>20<\/td>\n<td>25 \u00d7 25<\/td>\n<td>2.05<\/td>\n<td>2.65<\/td>\n<td>31 \u00d7 31 \u00d7 34<\/td>\n<td>94 \u00d7 63 \u00d7 36<\/td>\n<td>6<\/td>\n<\/tr>\n<tr>\n<td>25<\/td>\n<td>25 \u00d7 29<\/td>\n<td>2.20<\/td>\n<td>2.84<\/td>\n<td>32 \u00d7 32 \u00d7 40<\/td>\n<td>94 \u00d7 63 \u00d7 42<\/td>\n<td>6<\/td>\n<\/tr>\n<tr>\n<td>30<\/td>\n<td>25 \u00d7 35<\/td>\n<td>2.45<\/td>\n<td>3.20<\/td>\n<td>31 \u00d7 31 \u00d7 44<\/td>\n<td>94 \u00d7 63 \u00d7 47<\/td>\n<td>6<\/td>\n<\/tr>\n<tr>\n<td>40<\/td>\n<td>30 \u00d7 30<\/td>\n<td>2.77<\/td>\n<td>3.63<\/td>\n<td>37,5 \u00d7 36 \u00d7 42<\/td>\n<td>106 \u00d7 71 \u00d7 42<\/td>\n<td>6<\/td>\n<\/tr>\n<tr>\n<td>45<\/td>\n<td>30 \u00d7 40<\/td>\n<td>3.40<\/td>\n<td>4.13<\/td>\n<td>37,5 \u00d7 36 \u00d7 52<\/td>\n<td>106 \u00d7 71 \u00d7 52<\/td>\n<td>6<\/td>\n<\/tr>\n<tr>\n<td>50<\/td>\n<td>35 \u00d7 34,6<\/td>\n<td>3.69<\/td>\n<td>4.90<\/td>\n<td>41,5 \u00d7 41 \u00d7 48,5<\/td>\n<td>83 \u00d7 83 \u00d7 48<\/td>\n<td>4<\/td>\n<\/tr>\n<tr>\n<td>60<\/td>\n<td>35 \u00d7 39<\/td>\n<td>4.00<\/td>\n<td>5.39<\/td>\n<td>41,5 \u00d7 41 \u00d7 52<\/td>\n<td>83 \u00d7 83 \u00d7 53<\/td>\n<td>4<\/td>\n<\/tr>\n<tr>\n<td>70<\/td>\n<td>40 \u00d7 39<\/td>\n<td>4.55<\/td>\n<td>5.74<\/td>\n<td>49 \u00d7 49 \u00d7 53<\/td>\n<td>48 \u00d7 95 \u00d7 53<\/td>\n<td>2<\/td>\n<\/tr>\n<tr>\n<td>80<\/td>\n<td>40 \u00d7 46<\/td>\n<td>5.15<\/td>\n<td>6.61<\/td>\n<td>49 \u00d7 49 \u00d7 61<\/td>\n<td>50 \u00d7 99 \u00d7 61<\/td>\n<td>2<\/td>\n<\/tr>\n<tr>\n<td>90<\/td>\n<td>40 \u00d7 54,5<\/td>\n<td>6.45<\/td>\n<td>8.00<\/td>\n<td>49 \u00d7 49 \u00d7 69<\/td>\n<td>50 \u00d7 99 \u00d7 70<\/td>\n<td>2<\/td>\n<\/tr>\n<tr>\n<td>100<\/td>\n<td>45 \u00d7 54,5<\/td>\n<td>6.52<\/td>\n<td>9.84<\/td>\n<td>54 \u00d7 54 \u00d7 66<\/td>\n<td>55 \u00d7 109 \u00d7 70<\/td>\n<td>2<\/td>\n<\/tr>\n<\/tbody>\n<\/table>","protected":false},"featured_media":567,"comment_status":"closed","ping_status":"closed","template":"","meta":{"_acf_changed":false},"product_brand":[],"product_cat":[17],"product_tag":[25],"class_list":{"0":"post-565","1":"product","2":"type-product","3":"status-publish","4":"has-post-thumbnail","6":"product_cat-wholesale-stainless-steel-insulated-barrels","7":"product_tag-restaurant","9":"first","10":"instock","11":"shipping-taxable","12":"product-type-simple"},"acf":[],"_links":{"self":[{"href":"https:\/\/www.lianmeithermos.com\/pt\/wp-json\/wp\/v2\/product\/565","targetHints":{"allow":["GET"]}}],"collection":[{"href":"https:\/\/www.lianmeithermos.com\/pt\/wp-json\/wp\/v2\/product"}],"about":[{"href":"https:\/\/www.lianmeithermos.com\/pt\/wp-json\/wp\/v2\/types\/product"}],"replies":[{"embeddable":true,"href":"https:\/\/www.lianmeithermos.com\/pt\/wp-json\/wp\/v2\/comments?post=565"}],"wp:featuredmedia":[{"embeddable":true,"href":"https:\/\/www.lianmeithermos.com\/pt\/wp-json\/wp\/v2\/media\/567"}],"wp:attachment":[{"href":"https:\/\/www.lianmeithermos.com\/pt\/wp-json\/wp\/v2\/media?parent=565"}],"wp:term":[{"taxonomy":"product_brand","embeddable":true,"href":"https:\/\/www.lianmeithermos.com\/pt\/wp-json\/wp\/v2\/product_brand?post=565"},{"taxonomy":"product_cat","embeddable":true,"href":"https:\/\/www.lianmeithermos.com\/pt\/wp-json\/wp\/v2\/product_cat?post=565"},{"taxonomy":"product_tag","embeddable":true,"href":"https:\/\/www.lianmeithermos.com\/pt\/wp-json\/wp\/v2\/product_tag?post=565"}],"curies":[{"name":"wp","href":"https:\/\/api.w.org\/{rel}","templated":true}]}}