{"id":569,"date":"2025-12-28T12:13:15","date_gmt":"2025-12-28T12:13:15","guid":{"rendered":"https:\/\/www.lianmeithermos.com\/?post_type=product&#038;p=569"},"modified":"2025-12-30T00:52:55","modified_gmt":"2025-12-30T00:52:55","slug":"wholesale-304-stainless-steel-insulated-barrel","status":"publish","type":"product","link":"https:\/\/www.lianmeithermos.com\/pt\/produto\/wholesale-304-stainless-steel-insulated-barrel\/","title":{"rendered":"Barril isolado em a\u00e7o inoxid\u00e1vel 304 por grosso"},"content":{"rendered":"<h2 class=\"wp-block-heading\">Caracter\u00edsticas do barril isolado em a\u00e7o inoxid\u00e1vel 304 por grosso<\/h2>\n\n\n\n<div class=\"wp-block-columns is-layout-flex wp-container-core-columns-is-layout-9d6595d7 wp-block-columns-is-layout-flex\">\n<div class=\"wp-block-column is-vertically-aligned-center is-layout-flow wp-block-column-is-layout-flow\">\n<div class=\"wp-block-columns is-layout-flex wp-container-core-columns-is-layout-9d6595d7 wp-block-columns-is-layout-flex\">\n<div class=\"wp-block-column is-vertically-aligned-top is-layout-flow wp-block-column-is-layout-flow\">\n<p><strong>Estrutura de bloqueio de temperatura de tr\u00eas camadas, mant\u00e9m quente por at\u00e9 24 horas<\/strong><br>Com uma estrutura de precis\u00e3o de tr\u00eas camadas composta por \u201ccamada interna de a\u00e7o inoxid\u00e1vel 304 + camada isolante de espuma PU + camada externa de a\u00e7o inoxid\u00e1vel espessado\u201d, mant\u00e9m a temperatura de forma eficiente, proporcionando reten\u00e7\u00e3o de calor e frio duradoura por at\u00e9 24 horas, atendendo \u00e0s necessidades de uso durante todo o dia.<\/p>\n\n\n\n<p><strong>Revestimento interno em a\u00e7o inoxid\u00e1vel 304 de qualidade alimentar, seguro e f\u00e1cil de limpar<\/strong><br>A camada interna utiliza a\u00e7o inoxid\u00e1vel 304 de qualidade alimentar, que \u00e9 saud\u00e1vel, seguro, resistente \u00e0 corros\u00e3o e \u00e0 ferrugem. A parede interna lisa e sem costuras evita o ac\u00famulo de manchas, facilitando a limpeza e atendendo aos rigorosos padr\u00f5es de higiene comercial.<\/p>\n\n\n\n<p><strong>Veda\u00e7\u00e3o forte e \u00e0 prova de vazamentos, resiste a impactos e vibra\u00e7\u00f5es<\/strong><br>O corpo e a tampa do balde t\u00eam um excelente desempenho de veda\u00e7\u00e3o. Gra\u00e7as a um design especial, garante que n\u00e3o haja fugas, mesmo durante o transporte, solavancos ou agita\u00e7\u00e3o, proporcionando tranquilidade e utiliza\u00e7\u00e3o fi\u00e1vel.<\/p>\n\n\n\n<p><strong>Tampa com design para pendurar, higi\u00e9nica e pr\u00e1tica<\/strong><br>A tampa possui um design suspenso e destac\u00e1vel, eliminando a necessidade de tocar no ch\u00e3o ou em outras superf\u00edcies sujas durante o uso, prevenindo eficazmente a contamina\u00e7\u00e3o secund\u00e1ria e melhorando significativamente a higiene e a conveni\u00eancia.<\/p>\n\n\n\n<p><strong>V\u00e1rios tamanhos dispon\u00edveis, adapt\u00e1veis a v\u00e1rios cen\u00e1rios<\/strong><br>Dispon\u00edvel em v\u00e1rias capacidades, de 10 a 100 litros, atende com flexibilidade \u00e0s necessidades de diferentes cen\u00e1rios e escalas, incluindo uso dom\u00e9stico, casas de ch\u00e1, restaurantes e atividades ao ar livre.<\/p>\n<\/div>\n\n\n\n<div class=\"wp-block-column is-layout-flow wp-block-column-is-layout-flow\">\n<figure class=\"wp-block-image size-full\"><img decoding=\"async\" width=\"900\" height=\"900\" src=\"https:\/\/www.lianmeithermos.com\/wp-content\/uploads\/2025\/12\/Wholesale-304-Stainless-Steel-Insulated-Barrel1.webp\" alt=\"Barril isolado em a\u00e7o inoxid\u00e1vel 304 por grosso1\" class=\"wp-image-570\" srcset=\"https:\/\/www.lianmeithermos.com\/wp-content\/uploads\/2025\/12\/Wholesale-304-Stainless-Steel-Insulated-Barrel1.webp 900w, https:\/\/www.lianmeithermos.com\/wp-content\/uploads\/2025\/12\/Wholesale-304-Stainless-Steel-Insulated-Barrel1-300x300.webp 300w, https:\/\/www.lianmeithermos.com\/wp-content\/uploads\/2025\/12\/Wholesale-304-Stainless-Steel-Insulated-Barrel1-150x150.webp 150w, https:\/\/www.lianmeithermos.com\/wp-content\/uploads\/2025\/12\/Wholesale-304-Stainless-Steel-Insulated-Barrel1-768x768.webp 768w, https:\/\/www.lianmeithermos.com\/wp-content\/uploads\/2025\/12\/Wholesale-304-Stainless-Steel-Insulated-Barrel1-600x600.webp 600w, https:\/\/www.lianmeithermos.com\/wp-content\/uploads\/2025\/12\/Wholesale-304-Stainless-Steel-Insulated-Barrel1-100x100.webp 100w\" sizes=\"(max-width: 900px) 100vw, 900px\" \/><\/figure>\n<\/div>\n<\/div>\n<\/div>\n<\/div>","protected":false},"excerpt":{"rendered":"<p data-start=\"452\" data-end=\"647\">Barril isolado em a\u00e7o inoxid\u00e1vel 304 para uso em catering, restaurantes e servi\u00e7os alimentares, com constru\u00e7\u00e3o em a\u00e7o inoxid\u00e1vel 304 de qualidade alimentar e isolamento fi\u00e1vel para manter as temperaturas ideais dos alimentos e bebidas.<\/p>\n<h2>Especifica\u00e7\u00f5es do barril isolado em a\u00e7o inoxid\u00e1vel 304 para venda por grosso<\/h2>\n<table style=\"height: 405px;\" width=\"645\">\n<thead>\n<tr>\n<th>Modelo<\/th>\n<th>Di\u00e2metro interno \u00d7 Altura interna (cm)<\/th>\n<th>Peso l\u00edquido (kg)<\/th>\n<th>Peso bruto (kg)<\/th>\n<th>Tamanho da embalagem individual (cm)<\/th>\n<th>Tamanho da caixa (cm)<\/th>\n<th>Quantidade por embalagem<\/th>\n<\/tr>\n<\/thead>\n<tbody>\n<tr>\n<td>10LM<\/td>\n<td>19,5 \u00d7 23<\/td>\n<td>1.50<\/td>\n<td>1.90<\/td>\n<td>25 \u00d7 25 \u00d7 31<\/td>\n<td>53 \u00d7 53 \u00d7 65<\/td>\n<td>8<\/td>\n<\/tr>\n<tr>\n<td>15LM<\/td>\n<td>25 \u00d7 20<\/td>\n<td>1.75<\/td>\n<td>2.52<\/td>\n<td>32 \u00d7 32 \u00d7 29,5<\/td>\n<td>63 \u00d7 63 \u00d7 61<\/td>\n<td>8<\/td>\n<\/tr>\n<tr>\n<td>20LM<\/td>\n<td>25 \u00d7 25<\/td>\n<td>2.05<\/td>\n<td>2.65<\/td>\n<td>31 \u00d7 31 \u00d7 34<\/td>\n<td>94 \u00d7 63 \u00d7 36<\/td>\n<td>6<\/td>\n<\/tr>\n<tr>\n<td>25LM<\/td>\n<td>25 \u00d7 29<\/td>\n<td>2.20<\/td>\n<td>2.84<\/td>\n<td>32 \u00d7 32 \u00d7 40<\/td>\n<td>94 \u00d7 63 \u00d7 42<\/td>\n<td>6<\/td>\n<\/tr>\n<tr>\n<td>30LM<\/td>\n<td>25 \u00d7 35<\/td>\n<td>2.45<\/td>\n<td>3.20<\/td>\n<td>31 \u00d7 31 \u00d7 44<\/td>\n<td>94 \u00d7 63 \u00d7 47<\/td>\n<td>6<\/td>\n<\/tr>\n<tr>\n<td>40LM<\/td>\n<td>30 \u00d7 28,5<\/td>\n<td>2.77<\/td>\n<td>3.63<\/td>\n<td>37,5 \u00d7 36 \u00d7 42<\/td>\n<td>106 \u00d7 71 \u00d7 42<\/td>\n<td>6<\/td>\n<\/tr>\n<tr>\n<td>50LM<\/td>\n<td>35 \u00d7 34,6<\/td>\n<td>3.69<\/td>\n<td>4.90<\/td>\n<td>41,5 \u00d7 41 \u00d7 48,5<\/td>\n<td>83 \u00d7 83 \u00d7 48<\/td>\n<td>4<\/td>\n<\/tr>\n<tr>\n<td>60LM<\/td>\n<td>35 \u00d7 39<\/td>\n<td>4.00<\/td>\n<td>5.39<\/td>\n<td>41,5 \u00d7 41 \u00d7 52<\/td>\n<td>83 \u00d7 83 \u00d7 53<\/td>\n<td>4<\/td>\n<\/tr>\n<tr>\n<td>70LM<\/td>\n<td>40 \u00d7 39<\/td>\n<td>4.55<\/td>\n<td>5.74<\/td>\n<td>49 \u00d7 49 \u00d7 53<\/td>\n<td>48 \u00d7 95 \u00d7 53<\/td>\n<td>2<\/td>\n<\/tr>\n<tr>\n<td>80LM<\/td>\n<td>40 \u00d7 46<\/td>\n<td>5.15<\/td>\n<td>6.61<\/td>\n<td>49 \u00d7 49 \u00d7 61<\/td>\n<td>50 \u00d7 99 \u00d7 61<\/td>\n<td>2<\/td>\n<\/tr>\n<tr>\n<td>90LM<\/td>\n<td>45 \u00d7 44,5<\/td>\n<td>6.45<\/td>\n<td>8.00<\/td>\n<td>54 \u00d7 54 \u00d7 57<\/td>\n<td>50 \u00d7 99 \u00d7 70<\/td>\n<td>2<\/td>\n<\/tr>\n<tr>\n<td>100LM<\/td>\n<td>45 \u00d7 54,5<\/td>\n<td>6.52<\/td>\n<td>9.84<\/td>\n<td>54 \u00d7 54 \u00d7 68<\/td>\n<td>55 \u00d7 109 \u00d7 70<\/td>\n<td>2<\/td>\n<\/tr>\n<\/tbody>\n<\/table>","protected":false},"featured_media":571,"comment_status":"closed","ping_status":"closed","template":"","meta":{"_acf_changed":false},"product_brand":[],"product_cat":[17],"product_tag":[25],"class_list":{"0":"post-569","1":"product","2":"type-product","3":"status-publish","4":"has-post-thumbnail","6":"product_cat-wholesale-stainless-steel-insulated-barrels","7":"product_tag-restaurant","9":"first","10":"instock","11":"shipping-taxable","12":"product-type-simple"},"acf":[],"_links":{"self":[{"href":"https:\/\/www.lianmeithermos.com\/pt\/wp-json\/wp\/v2\/product\/569","targetHints":{"allow":["GET"]}}],"collection":[{"href":"https:\/\/www.lianmeithermos.com\/pt\/wp-json\/wp\/v2\/product"}],"about":[{"href":"https:\/\/www.lianmeithermos.com\/pt\/wp-json\/wp\/v2\/types\/product"}],"replies":[{"embeddable":true,"href":"https:\/\/www.lianmeithermos.com\/pt\/wp-json\/wp\/v2\/comments?post=569"}],"wp:featuredmedia":[{"embeddable":true,"href":"https:\/\/www.lianmeithermos.com\/pt\/wp-json\/wp\/v2\/media\/571"}],"wp:attachment":[{"href":"https:\/\/www.lianmeithermos.com\/pt\/wp-json\/wp\/v2\/media?parent=569"}],"wp:term":[{"taxonomy":"product_brand","embeddable":true,"href":"https:\/\/www.lianmeithermos.com\/pt\/wp-json\/wp\/v2\/product_brand?post=569"},{"taxonomy":"product_cat","embeddable":true,"href":"https:\/\/www.lianmeithermos.com\/pt\/wp-json\/wp\/v2\/product_cat?post=569"},{"taxonomy":"product_tag","embeddable":true,"href":"https:\/\/www.lianmeithermos.com\/pt\/wp-json\/wp\/v2\/product_tag?post=569"}],"curies":[{"name":"wp","href":"https:\/\/api.w.org\/{rel}","templated":true}]}}