{"id":573,"date":"2025-12-28T12:35:27","date_gmt":"2025-12-28T12:35:27","guid":{"rendered":"https:\/\/www.lianmeithermos.com\/?post_type=product&#038;p=573"},"modified":"2025-12-30T00:51:40","modified_gmt":"2025-12-30T00:51:40","slug":"wholesale-round-insulated-cooler-box","status":"publish","type":"product","link":"https:\/\/www.lianmeithermos.com\/pt\/produto\/wholesale-round-insulated-cooler-box\/","title":{"rendered":"Caixa t\u00e9rmica redonda isolada para uso comercial"},"content":{"rendered":"<h2 class=\"wp-block-heading\">Caracter\u00edsticas da caixa t\u00e9rmica redonda isolada para venda por grosso<\/h2>\n\n\n\n<div class=\"wp-block-columns is-layout-flex wp-container-core-columns-is-layout-9d6595d7 wp-block-columns-is-layout-flex\">\n<div class=\"wp-block-column is-vertically-aligned-center is-layout-flow wp-block-column-is-layout-flow\">\n<div class=\"wp-block-columns is-layout-flex wp-container-core-columns-is-layout-9d6595d7 wp-block-columns-is-layout-flex\">\n<div class=\"wp-block-column is-vertically-aligned-top is-layout-flow wp-block-column-is-layout-flow\">\n<p><strong>1. Tampa com fecho ajust\u00e1vel para facilitar a veda\u00e7\u00e3o<\/strong><br>A tampa possui um mecanismo de travamento ajust\u00e1vel humanizado, permitindo controlar facilmente o aperto e a altura com uma chave de fenda. Ela se adapta a diferentes n\u00edveis de enchimento e evita vazamentos ou dificuldades para fechar.<\/p>\n\n\n\n<p><strong>2. Isolamento de tr\u00eas camadas para reten\u00e7\u00e3o de temperatura duradoura<\/strong><br>Constru\u00eddo com um revestimento interno em a\u00e7o inoxid\u00e1vel, isolamento completo em espuma PU e um revestimento externo em PP para garantir um desempenho est\u00e1vel em termos de temperatura para uso profissional e comercial.<\/p>\n\n\n\n<p><strong>3. Revestimento exterior em PP resistente e com resist\u00eancia ao impacto<\/strong><br>O exterior em pl\u00e1stico de engenharia PP resistente \u00e9 leve, mas altamente resistente a quedas e impactos, protegendo o revestimento interno e prolongando a vida \u00fatil do produto.<\/p>\n\n\n\n<p><strong>4. Revestimento interno em a\u00e7o inoxid\u00e1vel de qualidade alimentar<\/strong><br>Fabricado em a\u00e7o inoxid\u00e1vel espesso de qualidade alimentar, este produto \u00e9 resistente \u00e0 corros\u00e3o, \u00e0 prova de ferrugem e f\u00e1cil de limpar, garantindo a seguran\u00e7a alimentar e preservando o sabor original.<\/p>\n\n\n\n<p><strong>5. Design pr\u00e1tico para uso comercial e dom\u00e9stico<\/strong><br>Concebido com uma pega resistente e uma tampa segura, combinando facilidade de utiliza\u00e7\u00e3o com armazenamento fi\u00e1vel para restaurantes, catering e uso dom\u00e9stico di\u00e1rio.<\/p>\n<\/div>\n\n\n\n<div class=\"wp-block-column is-layout-flow wp-block-column-is-layout-flow\">\n<figure class=\"wp-block-image size-full\"><img decoding=\"async\" width=\"1390\" height=\"1390\" src=\"https:\/\/www.lianmeithermos.com\/wp-content\/uploads\/2025\/12\/Wholesale-Round-Insulated-Cooler-Box2.webp\" alt=\"Caixa t\u00e9rmica redonda isolada para venda por grosso2\" class=\"wp-image-575\" srcset=\"https:\/\/www.lianmeithermos.com\/wp-content\/uploads\/2025\/12\/Wholesale-Round-Insulated-Cooler-Box2.webp 1390w, https:\/\/www.lianmeithermos.com\/wp-content\/uploads\/2025\/12\/Wholesale-Round-Insulated-Cooler-Box2-300x300.webp 300w, https:\/\/www.lianmeithermos.com\/wp-content\/uploads\/2025\/12\/Wholesale-Round-Insulated-Cooler-Box2-150x150.webp 150w, https:\/\/www.lianmeithermos.com\/wp-content\/uploads\/2025\/12\/Wholesale-Round-Insulated-Cooler-Box2-768x768.webp 768w, https:\/\/www.lianmeithermos.com\/wp-content\/uploads\/2025\/12\/Wholesale-Round-Insulated-Cooler-Box2-1200x1200.webp 1200w, https:\/\/www.lianmeithermos.com\/wp-content\/uploads\/2025\/12\/Wholesale-Round-Insulated-Cooler-Box2-600x600.webp 600w, https:\/\/www.lianmeithermos.com\/wp-content\/uploads\/2025\/12\/Wholesale-Round-Insulated-Cooler-Box2-100x100.webp 100w\" sizes=\"(max-width: 1390px) 100vw, 1390px\" \/><\/figure>\n<\/div>\n<\/div>\n<\/div>\n<\/div>","protected":false},"excerpt":{"rendered":"<p data-start=\"452\" data-end=\"647\">Caixa t\u00e9rmica redonda para armazenamento de alimentos e bebidas, com isolamento dur\u00e1vel e v\u00e1rios tamanhos para restaurantes, catering e uso comercial a granel.<\/p>\n<h2>Especifica\u00e7\u00f5es da caixa t\u00e9rmica redonda isolada para venda por grosso<\/h2>\n<table style=\"height: 360px;\" width=\"694\">\n<thead>\n<tr>\n<th>Capacidade (L)<\/th>\n<th>Di\u00e2metro interno \u00d7 Altura interna (cm)<\/th>\n<th>Peso l\u00edquido (kg)<\/th>\n<th>Peso bruto (kg)<\/th>\n<th>Tamanho da embalagem individual (cm)<\/th>\n<th>Tamanho da caixa (cm)<\/th>\n<th>Quantidade \/ Caixa<\/th>\n<\/tr>\n<\/thead>\n<tbody>\n<tr>\n<td>10<\/td>\n<td>19,5 \u00d7 20<\/td>\n<td>1.19<\/td>\n<td>1.52<\/td>\n<td>27 \u00d7 27 \u00d7 28<\/td>\n<td>55 \u00d7 55 \u00d7 57<\/td>\n<td>8<\/td>\n<\/tr>\n<tr>\n<td>20<\/td>\n<td>25 \u00d7 25<\/td>\n<td>1.55<\/td>\n<td>2.19<\/td>\n<td>31 \u00d7 31 \u00d7 33<\/td>\n<td>63 \u00d7 63 \u00d7 57<\/td>\n<td>8<\/td>\n<\/tr>\n<tr>\n<td>30<\/td>\n<td>25 \u00d7 35<\/td>\n<td>1.74<\/td>\n<td>2.67<\/td>\n<td>31 \u00d7 31 \u00d7 43<\/td>\n<td>63 \u00d7 94 \u00d7 34<\/td>\n<td>6<\/td>\n<\/tr>\n<tr>\n<td>15<\/td>\n<td>25 \u00d7 18<\/td>\n<td>1.98<\/td>\n<td>1.94<\/td>\n<td>31 \u00d7 31 \u00d7 28<\/td>\n<td>63 \u00d7 94 \u00d7 39<\/td>\n<td>6<\/td>\n<\/tr>\n<tr>\n<td>25<\/td>\n<td>25 \u00d7 29<\/td>\n<td>2.18<\/td>\n<td>2.38<\/td>\n<td>31 \u00d7 31 \u00d7 38<\/td>\n<td>63 \u00d7 94 \u00d7 44<\/td>\n<td>6<\/td>\n<\/tr>\n<tr>\n<td>40<\/td>\n<td>30 \u00d7 28,5<\/td>\n<td>2.58<\/td>\n<td>3.23<\/td>\n<td>38 \u00d7 38 \u00d7 39,5<\/td>\n<td>73 \u00d7 73 \u00d7 40<\/td>\n<td>4<\/td>\n<\/tr>\n<tr>\n<td>50<\/td>\n<td>30 \u00d7 41<\/td>\n<td>2.88<\/td>\n<td>3.94<\/td>\n<td>38 \u00d7 38 \u00d7 49,5<\/td>\n<td>73 \u00d7 73 \u00d7 50<\/td>\n<td>4<\/td>\n<\/tr>\n<tr>\n<td>60<\/td>\n<td>40 \u00d7 43<\/td>\n<td>4.32<\/td>\n<td>5.68<\/td>\n<td>49 \u00d7 49 \u00d7 53<\/td>\n<td>48 \u00d7 95 \u00d7 52<\/td>\n<td>2<\/td>\n<\/tr>\n<tr>\n<td>70<\/td>\n<td>40 \u00d7 48<\/td>\n<td>4.85<\/td>\n<td>6.40<\/td>\n<td>49 \u00d7 49 \u00d7 58<\/td>\n<td>48 \u00d7 95 \u00d7 57<\/td>\n<td>2<\/td>\n<\/tr>\n<tr>\n<td>80<\/td>\n<td>40 \u00d7 53<\/td>\n<td>5.04<\/td>\n<td>6.65<\/td>\n<td>49 \u00d7 49 \u00d7 62<\/td>\n<td>48 \u00d7 95 \u00d7 62<\/td>\n<td>2<\/td>\n<\/tr>\n<\/tbody>\n<\/table>","protected":false},"featured_media":574,"comment_status":"closed","ping_status":"closed","template":"","meta":{"_acf_changed":false},"product_brand":[],"product_cat":[19],"product_tag":[24],"class_list":{"0":"post-573","1":"product","2":"type-product","3":"status-publish","4":"has-post-thumbnail","6":"product_cat-wholesale-insulated-cooler-boxes","7":"product_tag-outdoor","9":"first","10":"instock","11":"shipping-taxable","12":"product-type-simple"},"acf":[],"_links":{"self":[{"href":"https:\/\/www.lianmeithermos.com\/pt\/wp-json\/wp\/v2\/product\/573","targetHints":{"allow":["GET"]}}],"collection":[{"href":"https:\/\/www.lianmeithermos.com\/pt\/wp-json\/wp\/v2\/product"}],"about":[{"href":"https:\/\/www.lianmeithermos.com\/pt\/wp-json\/wp\/v2\/types\/product"}],"replies":[{"embeddable":true,"href":"https:\/\/www.lianmeithermos.com\/pt\/wp-json\/wp\/v2\/comments?post=573"}],"wp:featuredmedia":[{"embeddable":true,"href":"https:\/\/www.lianmeithermos.com\/pt\/wp-json\/wp\/v2\/media\/574"}],"wp:attachment":[{"href":"https:\/\/www.lianmeithermos.com\/pt\/wp-json\/wp\/v2\/media?parent=573"}],"wp:term":[{"taxonomy":"product_brand","embeddable":true,"href":"https:\/\/www.lianmeithermos.com\/pt\/wp-json\/wp\/v2\/product_brand?post=573"},{"taxonomy":"product_cat","embeddable":true,"href":"https:\/\/www.lianmeithermos.com\/pt\/wp-json\/wp\/v2\/product_cat?post=573"},{"taxonomy":"product_tag","embeddable":true,"href":"https:\/\/www.lianmeithermos.com\/pt\/wp-json\/wp\/v2\/product_tag?post=573"}],"curies":[{"name":"wp","href":"https:\/\/api.w.org\/{rel}","templated":true}]}}