{"id":585,"date":"2025-12-29T03:25:47","date_gmt":"2025-12-29T03:25:47","guid":{"rendered":"https:\/\/www.lianmeithermos.com\/?post_type=product&#038;p=585"},"modified":"2026-01-24T08:09:16","modified_gmt":"2026-01-24T08:09:16","slug":"premium-bulk-insulated-food-containers","status":"publish","type":"product","link":"https:\/\/www.lianmeithermos.com\/pt\/produto\/premium-bulk-insulated-food-containers\/","title":{"rendered":"Recipientes para alimentos isolados empilh\u00e1veis a granel por atacado"},"content":{"rendered":"<h2 class=\"wp-block-heading\">Carater\u00edsticas dos recipientes para alimentos isolados empilh\u00e1veis a granel <\/h2>\n\n\n\n<div class=\"wp-block-columns is-layout-flex wp-container-core-columns-is-layout-9d6595d7 wp-block-columns-is-layout-flex\">\n<div class=\"wp-block-column is-vertically-aligned-center is-layout-flow wp-block-column-is-layout-flow\">\n<div class=\"wp-block-columns is-layout-flex wp-container-core-columns-is-layout-9d6595d7 wp-block-columns-is-layout-flex\">\n<div class=\"wp-block-column is-vertically-aligned-top is-layout-flow wp-block-column-is-layout-flow\">\n<p><strong>Isolamento duradouro:<\/strong> O design de isolamento de alto desempenho mant\u00e9m os alimentos na temperatura ideal por longos per\u00edodos, garantindo frescura e sabor durante o transporte ou reuni\u00f5es.<\/p>\n\n\n\n<p><strong>Materiais dur\u00e1veis e de alta qualidade:<\/strong> Fabricado com materiais de qualidade alimentar, sem BPA, resistente e dur\u00e1vel para uso di\u00e1rio repetido.<\/p>\n\n\n\n<p><strong>Design \u00e0 prova de vazamentos e respingos:<\/strong> O design da tampa selada evita eficazmente fugas, sendo ideal para entrega de comida ou para transportar alimentos em viagem.<\/p>\n\n\n\n<p><strong>F\u00e1cil de limpar e reutiliz\u00e1vel:<\/strong> Superf\u00edcie interior lisa, lav\u00e1vel na m\u00e1quina de lavar lou\u00e7a, ecol\u00f3gico e sustent\u00e1vel.<\/p>\n\n\n\n<p><strong>Grande capacidade para uso a granel:<\/strong> Grande capacidade e design empilh\u00e1vel, adequado para restaurantes, prepara\u00e7\u00e3o de refei\u00e7\u00f5es ou grandes eventos.<\/p>\n<\/div>\n\n\n\n<div class=\"wp-block-column is-layout-flow wp-block-column-is-layout-flow\">\n<figure class=\"wp-block-image size-full\"><img decoding=\"async\" width=\"1664\" height=\"1248\" src=\"https:\/\/www.lianmeithermos.com\/wp-content\/uploads\/2025\/12\/wholesale-insulated-food-containers-manufacturer-1.webp\" alt=\"fabricante grossista de recipientes t\u00e9rmicos para alimentos\" class=\"wp-image-586\" srcset=\"https:\/\/www.lianmeithermos.com\/wp-content\/uploads\/2025\/12\/wholesale-insulated-food-containers-manufacturer-1.webp 1664w, https:\/\/www.lianmeithermos.com\/wp-content\/uploads\/2025\/12\/wholesale-insulated-food-containers-manufacturer-1-300x225.webp 300w, https:\/\/www.lianmeithermos.com\/wp-content\/uploads\/2025\/12\/wholesale-insulated-food-containers-manufacturer-1-768x576.webp 768w, https:\/\/www.lianmeithermos.com\/wp-content\/uploads\/2025\/12\/wholesale-insulated-food-containers-manufacturer-1-1200x900.webp 1200w, https:\/\/www.lianmeithermos.com\/wp-content\/uploads\/2025\/12\/wholesale-insulated-food-containers-manufacturer-1-600x450.webp 600w\" sizes=\"(max-width: 1664px) 100vw, 1664px\" \/><\/figure>\n<\/div>\n<\/div>\n<\/div>\n<\/div>\n\n\n\n<p><\/p>","protected":false},"excerpt":{"rendered":"<p data-start=\"239\" data-end=\"539\">Os recipientes isolados empilh\u00e1veis para alimentos a granel mant\u00eam os alimentos quentes ou frios durante horas, fabricados com materiais duradouros e sem BPA. As tampas \u00e0 prova de fugas garantem um transporte seguro, enquanto os tamanhos grandes e empilh\u00e1veis os tornam perfeitos para restaurantes, catering, prepara\u00e7\u00e3o de refei\u00e7\u00f5es e eventos. Ideal para armazenamento e transporte de alimentos a granel.<\/p>\n<h2>\u00a0<\/h2>\n<p>&nbsp;<\/p>","protected":false},"featured_media":586,"comment_status":"closed","ping_status":"closed","template":"","meta":{"_acf_changed":false},"product_brand":[],"product_cat":[20],"product_tag":[23],"class_list":{"0":"post-585","1":"product","2":"type-product","3":"status-publish","4":"has-post-thumbnail","6":"product_cat-wholesale-insulated-food-containers","7":"product_tag-family-kitchen","9":"first","10":"instock","11":"shipping-taxable","12":"product-type-simple"},"acf":[],"_links":{"self":[{"href":"https:\/\/www.lianmeithermos.com\/pt\/wp-json\/wp\/v2\/product\/585","targetHints":{"allow":["GET"]}}],"collection":[{"href":"https:\/\/www.lianmeithermos.com\/pt\/wp-json\/wp\/v2\/product"}],"about":[{"href":"https:\/\/www.lianmeithermos.com\/pt\/wp-json\/wp\/v2\/types\/product"}],"replies":[{"embeddable":true,"href":"https:\/\/www.lianmeithermos.com\/pt\/wp-json\/wp\/v2\/comments?post=585"}],"wp:featuredmedia":[{"embeddable":true,"href":"https:\/\/www.lianmeithermos.com\/pt\/wp-json\/wp\/v2\/media\/586"}],"wp:attachment":[{"href":"https:\/\/www.lianmeithermos.com\/pt\/wp-json\/wp\/v2\/media?parent=585"}],"wp:term":[{"taxonomy":"product_brand","embeddable":true,"href":"https:\/\/www.lianmeithermos.com\/pt\/wp-json\/wp\/v2\/product_brand?post=585"},{"taxonomy":"product_cat","embeddable":true,"href":"https:\/\/www.lianmeithermos.com\/pt\/wp-json\/wp\/v2\/product_cat?post=585"},{"taxonomy":"product_tag","embeddable":true,"href":"https:\/\/www.lianmeithermos.com\/pt\/wp-json\/wp\/v2\/product_tag?post=585"}],"curies":[{"name":"wp","href":"https:\/\/api.w.org\/{rel}","templated":true}]}}