{"id":682,"date":"2026-01-15T08:07:08","date_gmt":"2026-01-15T08:07:08","guid":{"rendered":"https:\/\/www.lianmeithermos.com\/?post_type=product&#038;p=682"},"modified":"2026-01-15T08:22:25","modified_gmt":"2026-01-15T08:22:25","slug":"wholesale-commercial-insulated-container","status":"publish","type":"product","link":"https:\/\/www.lianmeithermos.com\/pt\/produto\/wholesale-commercial-insulated-container\/","title":{"rendered":"Recipiente isolado comercial por grosso Dur\u00e1vel e \u00e0 prova de fugas para armazenamento de alimentos e restaura\u00e7\u00e3o"},"content":{"rendered":"<h2 class=\"wp-block-heading\">Carater\u00edsticas do contentor isolado comercial por grosso<\/h2>\n\n\n\n<div class=\"wp-block-columns is-layout-flex wp-container-core-columns-is-layout-9d6595d7 wp-block-columns-is-layout-flex\">\n<div class=\"wp-block-column is-vertically-aligned-center is-layout-flow wp-block-column-is-layout-flow\">\n<div class=\"wp-block-columns is-layout-flex wp-container-core-columns-is-layout-9d6595d7 wp-block-columns-is-layout-flex\">\n<div class=\"wp-block-column is-vertically-aligned-top is-layout-flow wp-block-column-is-layout-flow\">\n<p><strong>Tecnologia avan\u00e7ada de reten\u00e7\u00e3o t\u00e9rmica<\/strong><br>Controlo da temperatura durante mais de 12 horas - O isolamento de parede dupla garante um desempenho consistente para a restaura\u00e7\u00e3o e a log\u00edstica.<br>Conce\u00e7\u00e3o eficiente em termos energ\u00e9ticos - Reduz a perda de calor em 40% em compara\u00e7\u00e3o com os contentores normais.<\/p>\n\n\n\n<p><strong>Durabilidade e seguran\u00e7a de n\u00edvel comercial<\/strong><br>Estrutura refor\u00e7ada - Inv\u00f3lucro em PP resistente a impactos com fechos em a\u00e7o inoxid\u00e1vel (mais de 10 000 ciclos testados).<br>Certifica\u00e7\u00e3o \u00e0 prova de fugas - Os selos em conformidade com a FDA\/CE evitam derrames durante o transporte.<\/p>\n\n\n\n<p><strong>Personaliza\u00e7\u00e3o para a identidade da marca<\/strong><br>Op\u00e7\u00f5es de marca flex\u00edveis - Impress\u00e3o de log\u00f3tipo e personaliza\u00e7\u00e3o de cores dispon\u00edveis.<br>Portf\u00f3lio de v\u00e1rios tamanhos - Corresponde a diversas necessidades comerciais.<\/p>\n\n\n\n<p><strong>Conformidade global e garantia de qualidade<\/strong><br>Produ\u00e7\u00e3o certificada ISO 9001 - Controlos de qualidade rigorosos em 14 etapas por lote.<br>Normas internacionais - Cumpre os requisitos da FDA, CE e LFGB para o com\u00e9rcio transfronteiri\u00e7o.<\/p>\n\n\n\n<p><strong>Suporte escal\u00e1vel da cadeia de fornecimento<\/strong><br>Colabora\u00e7\u00e3o OEM\/ODM - Adaptar designs e materiais (por exemplo, pegas, tampas) para casos de utiliza\u00e7\u00e3o especializados.<br>Embalagem pronta para exporta\u00e7\u00e3o - Materiais \u00e0 prova de vibra\u00e7\u00e3o optimizados para transporte mar\u00edtimo\/a\u00e9reo.<\/p>\n\n\n\n<p><strong>Versatilidade de aplica\u00e7\u00e3o<\/strong><br>Utiliza\u00e7\u00e3o em v\u00e1rios sectores - Ideal para hotelaria, entrega de refei\u00e7\u00f5es, supermercados e log\u00edstica farmac\u00eautica.<\/p>\n<\/div>\n\n\n\n<div class=\"wp-block-column is-layout-flow wp-block-column-is-layout-flow\">\n<figure class=\"wp-block-image size-full\"><img decoding=\"async\" width=\"1200\" height=\"1200\" src=\"https:\/\/www.lianmeithermos.com\/wp-content\/uploads\/2026\/01\/Wholesale-Commercial-Insulated-Container4.webp\" alt=\"Contentor isolado comercial por atacado4\" class=\"wp-image-685\" srcset=\"https:\/\/www.lianmeithermos.com\/wp-content\/uploads\/2026\/01\/Wholesale-Commercial-Insulated-Container4.webp 1200w, https:\/\/www.lianmeithermos.com\/wp-content\/uploads\/2026\/01\/Wholesale-Commercial-Insulated-Container4-300x300.webp 300w, https:\/\/www.lianmeithermos.com\/wp-content\/uploads\/2026\/01\/Wholesale-Commercial-Insulated-Container4-150x150.webp 150w, https:\/\/www.lianmeithermos.com\/wp-content\/uploads\/2026\/01\/Wholesale-Commercial-Insulated-Container4-768x768.webp 768w, https:\/\/www.lianmeithermos.com\/wp-content\/uploads\/2026\/01\/Wholesale-Commercial-Insulated-Container4-12x12.webp 12w, https:\/\/www.lianmeithermos.com\/wp-content\/uploads\/2026\/01\/Wholesale-Commercial-Insulated-Container4-600x600.webp 600w, https:\/\/www.lianmeithermos.com\/wp-content\/uploads\/2026\/01\/Wholesale-Commercial-Insulated-Container4-100x100.webp 100w\" sizes=\"(max-width: 1200px) 100vw, 1200px\" \/><\/figure>\n<\/div>\n<\/div>\n<\/div>\n<\/div>","protected":false},"excerpt":{"rendered":"<p data-start=\"452\" data-end=\"647\">Os nossos recipientes comerciais isolados para venda por grosso s\u00e3o ideais para armazenamento de alimentos por grosso, catering e transporte a granel. Fabricados com isolamento de espuma de alta densidade, estes recipientes \u00e0 prova de fugas mant\u00eam a temperatura durante mais de 12 horas, garantindo frescura para restaurantes, hot\u00e9is e servi\u00e7os de eventos.<\/p>\n<h2>Especifica\u00e7\u00f5es do recipiente isolado comercial por atacado<\/h2>\n<table style=\"height: 360px;\" width=\"694\">\n<thead>\n<tr>\n<th>Capacidade (L)<\/th>\n<th>Di\u00e2metro interno \u00d7 Altura interna (cm)<\/th>\n<th>Peso l\u00edquido (kg)<\/th>\n<th>Peso bruto (kg)<\/th>\n<th>Tamanho da embalagem individual (cm)<\/th>\n<th>Tamanho da caixa (cm)<\/th>\n<th>Quantidade \/ Caixa<\/th>\n<\/tr>\n<\/thead>\n<tbody>\n<tr>\n<td>10<\/td>\n<td>19,5 \u00d7 20<\/td>\n<td>1.19<\/td>\n<td>1.52<\/td>\n<td>27 \u00d7 27 \u00d7 28<\/td>\n<td>55 \u00d7 55 \u00d7 57<\/td>\n<td>8<\/td>\n<\/tr>\n<tr>\n<td>20<\/td>\n<td>25 \u00d7 25<\/td>\n<td>1.55<\/td>\n<td>2.19<\/td>\n<td>31 \u00d7 31 \u00d7 33<\/td>\n<td>63 \u00d7 63 \u00d7 57<\/td>\n<td>8<\/td>\n<\/tr>\n<tr>\n<td>30<\/td>\n<td>25 \u00d7 35<\/td>\n<td>1.74<\/td>\n<td>2.67<\/td>\n<td>31 \u00d7 31 \u00d7 43<\/td>\n<td>63 \u00d7 94 \u00d7 34<\/td>\n<td>6<\/td>\n<\/tr>\n<tr>\n<td>15<\/td>\n<td>25 \u00d7 18<\/td>\n<td>1.98<\/td>\n<td>1.94<\/td>\n<td>31 \u00d7 31 \u00d7 28<\/td>\n<td>63 \u00d7 94 \u00d7 39<\/td>\n<td>6<\/td>\n<\/tr>\n<tr>\n<td>25<\/td>\n<td>25 \u00d7 29<\/td>\n<td>2.18<\/td>\n<td>2.38<\/td>\n<td>31 \u00d7 31 \u00d7 38<\/td>\n<td>63 \u00d7 94 \u00d7 44<\/td>\n<td>6<\/td>\n<\/tr>\n<tr>\n<td>40<\/td>\n<td>30 \u00d7 28,5<\/td>\n<td>2.58<\/td>\n<td>3.23<\/td>\n<td>38 \u00d7 38 \u00d7 39,5<\/td>\n<td>73 \u00d7 73 \u00d7 40<\/td>\n<td>4<\/td>\n<\/tr>\n<tr>\n<td>50<\/td>\n<td>30 \u00d7 41<\/td>\n<td>2.88<\/td>\n<td>3.94<\/td>\n<td>38 \u00d7 38 \u00d7 49,5<\/td>\n<td>73 \u00d7 73 \u00d7 50<\/td>\n<td>4<\/td>\n<\/tr>\n<tr>\n<td>60<\/td>\n<td>40 \u00d7 43<\/td>\n<td>4.32<\/td>\n<td>5.68<\/td>\n<td>49 \u00d7 49 \u00d7 53<\/td>\n<td>48 \u00d7 95 \u00d7 52<\/td>\n<td>2<\/td>\n<\/tr>\n<tr>\n<td>70<\/td>\n<td>40 \u00d7 48<\/td>\n<td>4.85<\/td>\n<td>6.40<\/td>\n<td>49 \u00d7 49 \u00d7 58<\/td>\n<td>48 \u00d7 95 \u00d7 57<\/td>\n<td>2<\/td>\n<\/tr>\n<tr>\n<td>80<\/td>\n<td>40 \u00d7 53<\/td>\n<td>5.04<\/td>\n<td>6.65<\/td>\n<td>49 \u00d7 49 \u00d7 62<\/td>\n<td>48 \u00d7 95 \u00d7 62<\/td>\n<td>2<\/td>\n<\/tr>\n<\/tbody>\n<\/table>","protected":false},"featured_media":683,"comment_status":"closed","ping_status":"closed","template":"","meta":{"_acf_changed":false},"product_brand":[],"product_cat":[19],"product_tag":[24],"class_list":{"0":"post-682","1":"product","2":"type-product","3":"status-publish","4":"has-post-thumbnail","6":"product_cat-wholesale-insulated-cooler-boxes","7":"product_tag-outdoor","9":"first","10":"instock","11":"shipping-taxable","12":"product-type-simple"},"acf":[],"_links":{"self":[{"href":"https:\/\/www.lianmeithermos.com\/pt\/wp-json\/wp\/v2\/product\/682","targetHints":{"allow":["GET"]}}],"collection":[{"href":"https:\/\/www.lianmeithermos.com\/pt\/wp-json\/wp\/v2\/product"}],"about":[{"href":"https:\/\/www.lianmeithermos.com\/pt\/wp-json\/wp\/v2\/types\/product"}],"replies":[{"embeddable":true,"href":"https:\/\/www.lianmeithermos.com\/pt\/wp-json\/wp\/v2\/comments?post=682"}],"wp:featuredmedia":[{"embeddable":true,"href":"https:\/\/www.lianmeithermos.com\/pt\/wp-json\/wp\/v2\/media\/683"}],"wp:attachment":[{"href":"https:\/\/www.lianmeithermos.com\/pt\/wp-json\/wp\/v2\/media?parent=682"}],"wp:term":[{"taxonomy":"product_brand","embeddable":true,"href":"https:\/\/www.lianmeithermos.com\/pt\/wp-json\/wp\/v2\/product_brand?post=682"},{"taxonomy":"product_cat","embeddable":true,"href":"https:\/\/www.lianmeithermos.com\/pt\/wp-json\/wp\/v2\/product_cat?post=682"},{"taxonomy":"product_tag","embeddable":true,"href":"https:\/\/www.lianmeithermos.com\/pt\/wp-json\/wp\/v2\/product_tag?post=682"}],"curies":[{"name":"wp","href":"https:\/\/api.w.org\/{rel}","templated":true}]}}