{"id":686,"date":"2026-01-15T08:35:48","date_gmt":"2026-01-15T08:35:48","guid":{"rendered":"https:\/\/www.lianmeithermos.com\/?post_type=product&#038;p=686"},"modified":"2026-04-08T01:18:48","modified_gmt":"2026-04-08T01:18:48","slug":"wholesale-stainless-steel-beverage-dispenser","status":"publish","type":"product","link":"https:\/\/www.lianmeithermos.com\/pt\/produto\/wholesale-stainless-steel-beverage-dispenser\/","title":{"rendered":"Distribuidor de bebidas por atacado em a\u00e7o inoxid\u00e1vel para bebidas quentes e frias"},"content":{"rendered":"<h2 class=\"wp-block-heading\">Carater\u00edsticas do distribuidor de bebidas em a\u00e7o inoxid\u00e1vel por atacado<\/h2>\n\n\n\n<div class=\"wp-block-columns is-layout-flex wp-container-core-columns-is-layout-9d6595d7 wp-block-columns-is-layout-flex\">\n<div class=\"wp-block-column is-vertically-aligned-center is-layout-flow wp-block-column-is-layout-flow\">\n<div class=\"wp-block-columns is-layout-flex wp-container-core-columns-is-layout-9d6595d7 wp-block-columns-is-layout-flex\">\n<div class=\"wp-block-column is-vertically-aligned-top is-layout-flow wp-block-column-is-layout-flow\">\n<p><strong>Constru\u00e7\u00e3o resistente em a\u00e7o inoxid\u00e1vel 304<\/strong><br>Fabricado em a\u00e7o inoxid\u00e1vel 304 de primeira qualidade, este recipiente \u00e9 altamente dur\u00e1vel, resistente \u00e0 corros\u00e3o, \u00e0 prova de ferrugem e capaz de suportar temperaturas elevadas sem reter odores.<\/p>\n\n\n\n<p><strong>Isolamento superior para quente e frio<\/strong><br>O design isolado de parede dupla mant\u00e9m as bebidas quentes ou frias durante longos per\u00edodos, mantendo a frescura e reduzindo a necessidade de reaquecimento ou arrefecimento.<\/p>\n\n\n\n<p><strong>Design de veda\u00e7\u00e3o higi\u00e9nico e de qualidade alimentar<\/strong><br>Constru\u00eddo com materiais de qualidade alimentar e uma tampa segura e herm\u00e9tica que mant\u00e9m a frescura, evitando fugas, contamina\u00e7\u00e3o e transfer\u00eancia de odores.<\/p>\n\n\n\n<p><strong>Distribui\u00e7\u00e3o c\u00f3moda e limpeza f\u00e1cil<\/strong><br>Equipado com uma torneira resistente a fugas para um derrame suave, enquanto a superf\u00edcie de a\u00e7o inoxid\u00e1vel polido garante uma limpeza e manuten\u00e7\u00e3o r\u00e1pidas e sem problemas.<\/p>\n\n\n\n<p><strong>M\u00faltiplas capacidades e op\u00e7\u00f5es de cores<\/strong><br>Dispon\u00edvel numa variedade de tamanhos e cores para satisfazer diferentes necessidades de utiliza\u00e7\u00e3o, com op\u00e7\u00f5es de personaliza\u00e7\u00e3o ideais para aplica\u00e7\u00f5es por grosso, de marca e comerciais.<\/p>\n<\/div>\n\n\n\n<div class=\"wp-block-column is-layout-flow wp-block-column-is-layout-flow\">\n<figure class=\"wp-block-image size-full\"><img decoding=\"async\" width=\"1524\" height=\"1524\" src=\"https:\/\/www.lianmeithermos.com\/wp-content\/uploads\/2026\/01\/Wholesale-Stainless-Steel-Beverage-Dispenser2.webp\" alt=\"Distribuidor de bebidas em a\u00e7o inoxid\u00e1vel por atacado2\" class=\"wp-image-688\" srcset=\"https:\/\/www.lianmeithermos.com\/wp-content\/uploads\/2026\/01\/Wholesale-Stainless-Steel-Beverage-Dispenser2.webp 1524w, https:\/\/www.lianmeithermos.com\/wp-content\/uploads\/2026\/01\/Wholesale-Stainless-Steel-Beverage-Dispenser2-300x300.webp 300w, https:\/\/www.lianmeithermos.com\/wp-content\/uploads\/2026\/01\/Wholesale-Stainless-Steel-Beverage-Dispenser2-150x150.webp 150w, https:\/\/www.lianmeithermos.com\/wp-content\/uploads\/2026\/01\/Wholesale-Stainless-Steel-Beverage-Dispenser2-768x768.webp 768w, https:\/\/www.lianmeithermos.com\/wp-content\/uploads\/2026\/01\/Wholesale-Stainless-Steel-Beverage-Dispenser2-12x12.webp 12w, https:\/\/www.lianmeithermos.com\/wp-content\/uploads\/2026\/01\/Wholesale-Stainless-Steel-Beverage-Dispenser2-1200x1200.webp 1200w, https:\/\/www.lianmeithermos.com\/wp-content\/uploads\/2026\/01\/Wholesale-Stainless-Steel-Beverage-Dispenser2-600x600.webp 600w, https:\/\/www.lianmeithermos.com\/wp-content\/uploads\/2026\/01\/Wholesale-Stainless-Steel-Beverage-Dispenser2-100x100.webp 100w\" sizes=\"(max-width: 1524px) 100vw, 1524px\" \/><\/figure>\n<\/div>\n<\/div>\n<\/div>\n<\/div>","protected":false},"excerpt":{"rendered":"<p data-start=\"452\" data-end=\"647\">Distribuidor de bebidas por grosso em a\u00e7o inoxid\u00e1vel concebido para manter as bebidas quentes ou frias durante horas, com uma constru\u00e7\u00e3o duradoura em a\u00e7o inoxid\u00e1vel e uma distribui\u00e7\u00e3o fi\u00e1vel por torneira - ideal para restaurantes, catering e opera\u00e7\u00f5es de restaura\u00e7\u00e3o.<\/p>\n<h2>Especifica\u00e7\u00f5es do Distribuidor de bebidas de a\u00e7o inoxid\u00e1vel por atacado<\/h2>\n<table>\n<thead>\n<tr>\n<th>Modelo<\/th>\n<th>Di\u00e2metro interior (cm)<\/th>\n<th>Di\u00e2metro exterior (cm)<\/th>\n<th>Altura interior (cm)<\/th>\n<th>Altura exterior (com tampa, cm)<\/th>\n<th>Capacidade de \u00e1gua (kg)<\/th>\n<th>Capacidade efectiva (L)<\/th>\n<th>Capacidade de arroz (kg)<\/th>\n<th>Capacidade da papa (kg)<\/th>\n<th>Leite de soja (ch\u00e1venas de 350 ml)<\/th>\n<\/tr>\n<\/thead>\n<tbody>\n<tr>\n<td>6L<\/td>\n<td>19.5<\/td>\n<td>23<\/td>\n<td>20<\/td>\n<td>26<\/td>\n<td>6.0<\/td>\n<td>6<\/td>\n<td>3.5<\/td>\n<td>4.5<\/td>\n<td>17<\/td>\n<\/tr>\n<tr>\n<td>8L<\/td>\n<td>25<\/td>\n<td>29<\/td>\n<td>20<\/td>\n<td>26<\/td>\n<td>8.0<\/td>\n<td>8<\/td>\n<td>5.0<\/td>\n<td>6.0<\/td>\n<td>23<\/td>\n<\/tr>\n<tr>\n<td>12L<\/td>\n<td>25<\/td>\n<td>29<\/td>\n<td>25<\/td>\n<td>31<\/td>\n<td>12.0<\/td>\n<td>12<\/td>\n<td>7.0<\/td>\n<td>9.0<\/td>\n<td>34<\/td>\n<\/tr>\n<tr>\n<td>14L<\/td>\n<td>25<\/td>\n<td>29<\/td>\n<td>29<\/td>\n<td>36<\/td>\n<td>14.0<\/td>\n<td>14<\/td>\n<td>8.5<\/td>\n<td>10.5<\/td>\n<td>40<\/td>\n<\/tr>\n<tr>\n<td>17L<\/td>\n<td>25<\/td>\n<td>29<\/td>\n<td>35<\/td>\n<td>41<\/td>\n<td>17.0<\/td>\n<td>17<\/td>\n<td>10.0<\/td>\n<td>13.0<\/td>\n<td>49<\/td>\n<\/tr>\n<tr>\n<td>20L<\/td>\n<td>30<\/td>\n<td>35<\/td>\n<td>28.5<\/td>\n<td>36<\/td>\n<td>20.0<\/td>\n<td>20<\/td>\n<td>12.0<\/td>\n<td>15.0<\/td>\n<td>57<\/td>\n<\/tr>\n<tr>\n<td>29L<\/td>\n<td>30<\/td>\n<td>35<\/td>\n<td>41<\/td>\n<td>46.5<\/td>\n<td>29.0<\/td>\n<td>29<\/td>\n<td>17.5<\/td>\n<td>22.0<\/td>\n<td>83<\/td>\n<\/tr>\n<tr>\n<td>54L<\/td>\n<td>40<\/td>\n<td>44<\/td>\n<td>43<\/td>\n<td>50<\/td>\n<td>54.0<\/td>\n<td>54<\/td>\n<td>32.5<\/td>\n<td>40.5<\/td>\n<td>154<\/td>\n<\/tr>\n<tr>\n<td>60L<\/td>\n<td>40<\/td>\n<td>45<\/td>\n<td>48<\/td>\n<td>54.5<\/td>\n<td>60.0<\/td>\n<td>60<\/td>\n<td>36.0<\/td>\n<td>45.0<\/td>\n<td>171<\/td>\n<\/tr>\n<tr>\n<td>66L<\/td>\n<td>40<\/td>\n<td>45<\/td>\n<td>53<\/td>\n<td>60<\/td>\n<td>66.0<\/td>\n<td>66<\/td>\n<td>39.5<\/td>\n<td>49.5<\/td>\n<td>189<\/td>\n<\/tr>\n<\/tbody>\n<\/table>\n<table data-path-to-node=\"2\">\n<thead>\n<tr>\n<td><strong>Carater\u00edstica<\/strong><\/td>\n<td><strong>Detalhes e especifica\u00e7\u00f5es<\/strong><\/td>\n<\/tr>\n<\/thead>\n<tbody>\n<tr>\n<td><span data-path-to-node=\"2,1,0,0\"><b data-path-to-node=\"2,1,0,0\" data-index-in-node=\"0\">Material<\/b><\/span><\/td>\n<td><span data-path-to-node=\"2,1,1,0\">Concha de pl\u00e1stico dur\u00e1vel + revestimento de a\u00e7o inoxid\u00e1vel 201\/304 de qualidade alimentar<\/span><\/td>\n<\/tr>\n<tr>\n<td><span data-path-to-node=\"2,2,0,0\"><b data-path-to-node=\"2,2,0,0\" data-index-in-node=\"0\">Camada de isolamento<\/b><\/span><\/td>\n<td><span data-path-to-node=\"2,2,1,0\">Espuma PU completa de alta densidade (poliuretano)<\/span><\/td>\n<\/tr>\n<tr>\n<td><span data-path-to-node=\"2,3,0,0\"><b data-path-to-node=\"2,3,0,0\" data-index-in-node=\"0\">Sistema de veda\u00e7\u00e3o<\/b><\/span><\/td>\n<td><span data-path-to-node=\"2,3,1,0\">Tampa com junta de silicone e fivelas de fecho seguras<\/span><\/td>\n<\/tr>\n<tr>\n<td><span data-path-to-node=\"2,4,0,0\"><b data-path-to-node=\"2,4,0,0\" data-index-in-node=\"0\">Isolamento l\u00edquido<\/b><\/span><\/td>\n<td><span data-path-to-node=\"2,4,1,0\"><b data-path-to-node=\"2,4,1,0\" data-index-in-node=\"0\">18-24 horas<\/b> (Testado em <span class=\"math-inline\" data-math=\"26^{\\circ}\\text{C}\" data-index-in-node=\"23\">26\u2103<\/span>temperatura ambiente)<\/span><\/td>\n<\/tr>\n<tr>\n<td><span data-path-to-node=\"2,5,0,0\"><b data-path-to-node=\"2,5,0,0\" data-index-in-node=\"0\">Isolamento de alimentos s\u00f3lidos<\/b><\/span><\/td>\n<td><span data-path-to-node=\"2,5,1,0\"><b data-path-to-node=\"2,5,1,0\" data-index-in-node=\"0\">6-10 horas<\/b> (Testado em <span class=\"math-inline\" data-math=\"26^{\\circ}\\text{C}\" data-index-in-node=\"22\">26\u2103<\/span>\u00a0temperatura ambiente)<\/span><\/td>\n<\/tr>\n<tr>\n<td><span data-path-to-node=\"2,6,0,0\"><b data-path-to-node=\"2,6,0,0\" data-index-in-node=\"0\">Durabilidade<\/b><\/span><\/td>\n<td><span data-path-to-node=\"2,6,1,0\">Estrutura robusta, resistente a impactos e a quedas<\/span><\/td>\n<\/tr>\n<tr>\n<td><span data-path-to-node=\"2,7,0,0\"><b data-path-to-node=\"2,7,0,0\" data-index-in-node=\"0\">Cores dispon\u00edveis<\/b><\/span><\/td>\n<td><span data-path-to-node=\"2,7,1,0\">Vermelho, azul, verde (cores personalizadas dispon\u00edveis mediante pedido)<\/span><\/td>\n<\/tr>\n<tr>\n<td><span data-path-to-node=\"2,8,0,0\"><b data-path-to-node=\"2,8,0,0\" data-index-in-node=\"0\">Certifica\u00e7\u00f5es<\/b><\/span><\/td>\n<td><span data-path-to-node=\"2,8,1,0\"><b data-path-to-node=\"2,8,1,0\" data-index-in-node=\"0\">FDA<\/b> &amp; <b data-path-to-node=\"2,8,1,0\" data-index-in-node=\"6\">FCM<\/b> Certificado (Material em contacto com os alimentos)<\/span><\/td>\n<\/tr>\n<tr>\n<td><span data-path-to-node=\"2,9,0,0\"><b data-path-to-node=\"2,9,0,0\" data-index-in-node=\"0\">Aplica\u00e7\u00e3o<\/b><\/span><\/td>\n<td><span data-path-to-node=\"2,9,1,0\">Catering, Fast Food, transporte de bebidas e eventos ao ar livre<\/span><\/td>\n<\/tr>\n<\/tbody>\n<\/table>","protected":false},"featured_media":687,"comment_status":"closed","ping_status":"closed","template":"","meta":{"_acf_changed":false},"product_brand":[],"product_cat":[19],"product_tag":[24],"class_list":{"0":"post-686","1":"product","2":"type-product","3":"status-publish","4":"has-post-thumbnail","6":"product_cat-wholesale-insulated-cooler-boxes","7":"product_tag-outdoor","9":"first","10":"instock","11":"shipping-taxable","12":"product-type-simple"},"acf":[],"_links":{"self":[{"href":"https:\/\/www.lianmeithermos.com\/pt\/wp-json\/wp\/v2\/product\/686","targetHints":{"allow":["GET"]}}],"collection":[{"href":"https:\/\/www.lianmeithermos.com\/pt\/wp-json\/wp\/v2\/product"}],"about":[{"href":"https:\/\/www.lianmeithermos.com\/pt\/wp-json\/wp\/v2\/types\/product"}],"replies":[{"embeddable":true,"href":"https:\/\/www.lianmeithermos.com\/pt\/wp-json\/wp\/v2\/comments?post=686"}],"wp:featuredmedia":[{"embeddable":true,"href":"https:\/\/www.lianmeithermos.com\/pt\/wp-json\/wp\/v2\/media\/687"}],"wp:attachment":[{"href":"https:\/\/www.lianmeithermos.com\/pt\/wp-json\/wp\/v2\/media?parent=686"}],"wp:term":[{"taxonomy":"product_brand","embeddable":true,"href":"https:\/\/www.lianmeithermos.com\/pt\/wp-json\/wp\/v2\/product_brand?post=686"},{"taxonomy":"product_cat","embeddable":true,"href":"https:\/\/www.lianmeithermos.com\/pt\/wp-json\/wp\/v2\/product_cat?post=686"},{"taxonomy":"product_tag","embeddable":true,"href":"https:\/\/www.lianmeithermos.com\/pt\/wp-json\/wp\/v2\/product_tag?post=686"}],"curies":[{"name":"wp","href":"https:\/\/api.w.org\/{rel}","templated":true}]}}