{"id":734,"date":"2026-01-30T06:40:02","date_gmt":"2026-01-30T06:40:02","guid":{"rendered":"https:\/\/www.lianmeithermos.com\/?post_type=product&#038;p=734"},"modified":"2026-01-30T06:58:12","modified_gmt":"2026-01-30T06:58:12","slug":"wholesale-commercial-insulated-beverage-dispenser","status":"publish","type":"product","link":"https:\/\/www.lianmeithermos.com\/pt\/produto\/wholesale-commercial-insulated-beverage-dispenser\/","title":{"rendered":"Distribuidor de bebidas isolado comercial por atacado com torneira | Barril de ch\u00e1 com leite"},"content":{"rendered":"<h2 class=\"wp-block-heading\">Carater\u00edsticas do distribuidor de bebidas com isolamento comercial por atacado<\/h2>\n\n\n\n<div class=\"wp-block-columns is-layout-flex wp-container-core-columns-is-layout-9d6595d7 wp-block-columns-is-layout-flex\">\n<div class=\"wp-block-column is-vertically-aligned-center is-layout-flow wp-block-column-is-layout-flow\">\n<div class=\"wp-block-columns is-layout-flex wp-container-core-columns-is-layout-9d6595d7 wp-block-columns-is-layout-flex\">\n<div class=\"wp-block-column is-vertically-aligned-top is-layout-flow wp-block-column-is-layout-flow\">\n<p><strong>Reten\u00e7\u00e3o de temperatura de n\u00edvel comercial:<\/strong> Constru\u00edda com tecnologia de isolamento multicamada para manter as bebidas quentes ou geladas durante mais de 12 horas - ideal para pequenos-almo\u00e7os de grande volume e longos turnos em caf\u00e9s.<\/p>\n\n\n\n<p><strong>Torneira dur\u00e1vel de grande caudal:<\/strong> Equipado com uma torneira comercial resistente e \u00e0 prova de gotejamento, concebida para suportar centenas de pux\u00f5es di\u00e1rios sem derrame, garantindo um posto de trabalho limpo e um servi\u00e7o r\u00e1pido.<\/p>\n\n\n\n<p><strong>A\u00e7o inoxid\u00e1vel de qualidade alimentar Interior:<\/strong> O revestimento interior \u00e9 fabricado em a\u00e7o inoxid\u00e1vel de primeira qualidade, resistente \u00e0 ferrugem, que n\u00e3o absorve odores nem sabores, garantindo que os seus ch\u00e1s com leite e caf\u00e9s tenham exatamente o sabor pretendido.<\/p>\n\n\n\n<p><strong>Grande capacidade para as horas de ponta:<\/strong> Concebida especificamente para utiliza\u00e7\u00e3o em catering e restaurantes, permite ao pessoal preparar antecipadamente grandes lotes e reduzir a necessidade de reabastecimento constante durante as horas de ponta.<\/p>\n\n\n\n<p><strong>Design da tampa em espiral selada:<\/strong> Apresenta uma tampa profissional com fecho em espiral que proporciona uma veda\u00e7\u00e3o \u00e0 prova de p\u00f3 e melhora a preserva\u00e7\u00e3o do calor, mantendo-se f\u00e1cil para o pessoal abrir e encher rapidamente.<\/p>\n\n\n\n<p><strong>Constru\u00e7\u00e3o port\u00e1til e est\u00e1vel:<\/strong> Inclui uma pega integrada robusta para facilitar o transporte entre a cozinha e a frente de casa, apoiada por p\u00e9s est\u00e1veis e antiderrapantes para evitar que tombe em \u00e1reas de servi\u00e7o movimentadas.<\/p>\n<\/div>\n\n\n\n<div class=\"wp-block-column is-layout-flow wp-block-column-is-layout-flow\">\n<figure class=\"wp-block-image size-full\"><img decoding=\"async\" width=\"800\" height=\"800\" src=\"https:\/\/www.lianmeithermos.com\/wp-content\/uploads\/2025\/12\/Milk-Tea-Buckets-in-Bulk1.webp\" alt=\"Baldes de ch\u00e1 com leite a granel1\" class=\"wp-image-559\" srcset=\"https:\/\/www.lianmeithermos.com\/wp-content\/uploads\/2025\/12\/Milk-Tea-Buckets-in-Bulk1.webp 800w, https:\/\/www.lianmeithermos.com\/wp-content\/uploads\/2025\/12\/Milk-Tea-Buckets-in-Bulk1-300x300.webp 300w, https:\/\/www.lianmeithermos.com\/wp-content\/uploads\/2025\/12\/Milk-Tea-Buckets-in-Bulk1-150x150.webp 150w, https:\/\/www.lianmeithermos.com\/wp-content\/uploads\/2025\/12\/Milk-Tea-Buckets-in-Bulk1-768x768.webp 768w, https:\/\/www.lianmeithermos.com\/wp-content\/uploads\/2025\/12\/Milk-Tea-Buckets-in-Bulk1-600x600.webp 600w, https:\/\/www.lianmeithermos.com\/wp-content\/uploads\/2025\/12\/Milk-Tea-Buckets-in-Bulk1-100x100.webp 100w\" sizes=\"(max-width: 800px) 100vw, 800px\" \/><\/figure>\n<\/div>\n<\/div>\n<\/div>\n<\/div>","protected":false},"excerpt":{"rendered":"<p data-start=\"452\" data-end=\"647\">Aumente a efici\u00eancia do seu servi\u00e7o com este distribuidor de bebidas isolado para com\u00e9rcio grossista. Este barril de ch\u00e1 com leite para servi\u00e7os pesados possui uma torneira de caudal elevado e um revestimento em a\u00e7o inoxid\u00e1vel de qualidade alimentar, mantendo as bebidas \u00e0 temperatura m\u00e1xima durante horas. Dur\u00e1vel, higi\u00e9nico e concebido para caf\u00e9s e restaurantes de grande volume.<\/p>\n<h2>Especifica\u00e7\u00f5es do Distribuidor de bebidas isolado comercial por atacado<\/h2>\n<table style=\"height: 251px;\" width=\"635\">\n<thead>\n<tr>\n<th>Capacidade (L)<\/th>\n<th>Di\u00e2metro interno \u00d7 Altura interna (cm)<\/th>\n<th>Peso bruto (kg)<\/th>\n<th>Tamanho da embalagem individual (cm)<\/th>\n<th>Tamanho da caixa (cm)<\/th>\n<th>Quantidade \/ Caixa<\/th>\n<\/tr>\n<\/thead>\n<tbody>\n<tr>\n<td>6<\/td>\n<td>19,5 \u00d7 17<\/td>\n<td>1.62<\/td>\n<td>35 \u00d7 25 \u00d7 30,5<\/td>\n<td>76 \u00d7 51 \u00d7 33<\/td>\n<td>6<\/td>\n<\/tr>\n<tr>\n<td>8<\/td>\n<td>19,5 \u00d7 22<\/td>\n<td>1.86<\/td>\n<td>35 \u00d7 25 \u00d7 35,5<\/td>\n<td>51 \u00d7 38 \u00d7 35<\/td>\n<td>6<\/td>\n<\/tr>\n<tr>\n<td>10<\/td>\n<td>19,5 \u00d7 27,5<\/td>\n<td>2.05<\/td>\n<td>35 \u00d7 25 \u00d7 40,5<\/td>\n<td>51 \u00d7 43 \u00d7 39<\/td>\n<td>6<\/td>\n<\/tr>\n<tr>\n<td>12<\/td>\n<td>19,5 \u00d7 32<\/td>\n<td>2.17<\/td>\n<td>35 \u00d7 25 \u00d7 45,5<\/td>\n<td>51 \u00d7 48 \u00d7 43<\/td>\n<td>6<\/td>\n<\/tr>\n<tr>\n<td>14<\/td>\n<td>25 \u00d7 22<\/td>\n<td>3.00<\/td>\n<td>35 \u00d7 35 \u00d7 43<\/td>\n<td>\u2014<\/td>\n<td>6<\/td>\n<\/tr>\n<tr>\n<td>16<\/td>\n<td>25 \u00d7 26,5<\/td>\n<td>3.23<\/td>\n<td>35 \u00d7 35 \u00d7 47<\/td>\n<td>60 \u00d7 48 \u00d7 57<\/td>\n<td>6<\/td>\n<\/tr>\n<tr>\n<td>18<\/td>\n<td>25 \u00d7 29<\/td>\n<td>3.30<\/td>\n<td>35 \u00d7 35 \u00d7 50<\/td>\n<td>\u2014<\/td>\n<td>6<\/td>\n<\/tr>\n<tr>\n<td>20<\/td>\n<td>25 \u00d7 33,5<\/td>\n<td>3.73<\/td>\n<td>35 \u00d7 35 \u00d7 56<\/td>\n<td>60 \u00d7 56 \u00d7 70<\/td>\n<td>6<\/td>\n<\/tr>\n<\/tbody>\n<\/table>","protected":false},"featured_media":735,"comment_status":"closed","ping_status":"closed","template":"","meta":{"_acf_changed":false},"product_brand":[],"product_cat":[18],"product_tag":[25],"class_list":{"0":"post-734","1":"product","2":"type-product","3":"status-publish","4":"has-post-thumbnail","6":"product_cat-wholesale-milk-tea-buckets","7":"product_tag-restaurant","9":"first","10":"instock","11":"shipping-taxable","12":"product-type-simple"},"acf":[],"_links":{"self":[{"href":"https:\/\/www.lianmeithermos.com\/pt\/wp-json\/wp\/v2\/product\/734","targetHints":{"allow":["GET"]}}],"collection":[{"href":"https:\/\/www.lianmeithermos.com\/pt\/wp-json\/wp\/v2\/product"}],"about":[{"href":"https:\/\/www.lianmeithermos.com\/pt\/wp-json\/wp\/v2\/types\/product"}],"replies":[{"embeddable":true,"href":"https:\/\/www.lianmeithermos.com\/pt\/wp-json\/wp\/v2\/comments?post=734"}],"wp:featuredmedia":[{"embeddable":true,"href":"https:\/\/www.lianmeithermos.com\/pt\/wp-json\/wp\/v2\/media\/735"}],"wp:attachment":[{"href":"https:\/\/www.lianmeithermos.com\/pt\/wp-json\/wp\/v2\/media?parent=734"}],"wp:term":[{"taxonomy":"product_brand","embeddable":true,"href":"https:\/\/www.lianmeithermos.com\/pt\/wp-json\/wp\/v2\/product_brand?post=734"},{"taxonomy":"product_cat","embeddable":true,"href":"https:\/\/www.lianmeithermos.com\/pt\/wp-json\/wp\/v2\/product_cat?post=734"},{"taxonomy":"product_tag","embeddable":true,"href":"https:\/\/www.lianmeithermos.com\/pt\/wp-json\/wp\/v2\/product_tag?post=734"}],"curies":[{"name":"wp","href":"https:\/\/api.w.org\/{rel}","templated":true}]}}