{"id":736,"date":"2026-01-30T07:17:45","date_gmt":"2026-01-30T07:17:45","guid":{"rendered":"https:\/\/www.lianmeithermos.com\/?post_type=product&#038;p=736"},"modified":"2026-01-30T07:27:41","modified_gmt":"2026-01-30T07:27:41","slug":"wholesale-commercial-insulated-food-container-set","status":"publish","type":"product","link":"https:\/\/www.lianmeithermos.com\/pt\/produto\/wholesale-commercial-insulated-food-container-set\/","title":{"rendered":"Conjunto de recipientes para alimentos com isolamento comercial por atacado (4 pe\u00e7as)"},"content":{"rendered":"<h2 class=\"wp-block-heading\">Carater\u00edsticas do recipiente para alimentos com isolamento comercial por atacado<\/h2>\n\n\n\n<div class=\"wp-block-columns is-layout-flex wp-container-core-columns-is-layout-9d6595d7 wp-block-columns-is-layout-flex\">\n<div class=\"wp-block-column is-vertically-aligned-center is-layout-flow wp-block-column-is-layout-flow\">\n<div class=\"wp-block-columns is-layout-flex wp-container-core-columns-is-layout-9d6595d7 wp-block-columns-is-layout-flex\">\n<div class=\"wp-block-column is-vertically-aligned-top is-layout-flow wp-block-column-is-layout-flow\">\n<p><strong>Isolamento duradouro:<\/strong> O design de isolamento de alto desempenho mant\u00e9m os alimentos na temperatura ideal por longos per\u00edodos, garantindo frescura e sabor durante o transporte ou reuni\u00f5es.<\/p>\n\n\n\n<p><strong>Materiais dur\u00e1veis e de alta qualidade:<\/strong> Fabricado com materiais de qualidade alimentar, sem BPA, resistente e dur\u00e1vel para uso di\u00e1rio repetido.<\/p>\n\n\n\n<p><strong>Design \u00e0 prova de vazamentos e respingos:<\/strong> O design da tampa selada evita eficazmente fugas, sendo ideal para entrega de comida ou para transportar alimentos em viagem.<\/p>\n\n\n\n<p><strong>F\u00e1cil de limpar e reutiliz\u00e1vel:<\/strong> Superf\u00edcie interior lisa, lav\u00e1vel na m\u00e1quina de lavar lou\u00e7a, ecol\u00f3gico e sustent\u00e1vel.<\/p>\n\n\n\n<p><strong>Grande capacidade para uso a granel:<\/strong> Grande capacidade e design empilh\u00e1vel, adequado para restaurantes, prepara\u00e7\u00e3o de refei\u00e7\u00f5es ou grandes eventos.<\/p>\n<\/div>\n\n\n\n<div class=\"wp-block-column is-layout-flow wp-block-column-is-layout-flow\">\n<figure class=\"wp-block-image size-full\"><img decoding=\"async\" width=\"2500\" height=\"2500\" src=\"https:\/\/www.lianmeithermos.com\/wp-content\/uploads\/2026\/01\/Wholesale-Commercial-Insulated-Food-Container-Set-4-Piece.webp\" alt=\"Conjunto de recipientes para alimentos com isolamento comercial por atacado (4 pe\u00e7as)\" class=\"wp-image-737\" srcset=\"https:\/\/www.lianmeithermos.com\/wp-content\/uploads\/2026\/01\/Wholesale-Commercial-Insulated-Food-Container-Set-4-Piece.webp 2500w, https:\/\/www.lianmeithermos.com\/wp-content\/uploads\/2026\/01\/Wholesale-Commercial-Insulated-Food-Container-Set-4-Piece-300x300.webp 300w, https:\/\/www.lianmeithermos.com\/wp-content\/uploads\/2026\/01\/Wholesale-Commercial-Insulated-Food-Container-Set-4-Piece-150x150.webp 150w, https:\/\/www.lianmeithermos.com\/wp-content\/uploads\/2026\/01\/Wholesale-Commercial-Insulated-Food-Container-Set-4-Piece-768x768.webp 768w, https:\/\/www.lianmeithermos.com\/wp-content\/uploads\/2026\/01\/Wholesale-Commercial-Insulated-Food-Container-Set-4-Piece-12x12.webp 12w, https:\/\/www.lianmeithermos.com\/wp-content\/uploads\/2026\/01\/Wholesale-Commercial-Insulated-Food-Container-Set-4-Piece-1200x1200.webp 1200w, https:\/\/www.lianmeithermos.com\/wp-content\/uploads\/2026\/01\/Wholesale-Commercial-Insulated-Food-Container-Set-4-Piece-600x600.webp 600w, https:\/\/www.lianmeithermos.com\/wp-content\/uploads\/2026\/01\/Wholesale-Commercial-Insulated-Food-Container-Set-4-Piece-100x100.webp 100w\" sizes=\"(max-width: 2500px) 100vw, 2500px\" \/><\/figure>\n<\/div>\n<\/div>\n<\/div>\n<\/div>\n\n\n\n<p><\/p>","protected":false},"excerpt":{"rendered":"<p data-start=\"239\" data-end=\"539\">Uma solu\u00e7\u00e3o t\u00e9rmica compacta mas potente para cozinhas profissionais. Este conjunto de recipientes para alimentos com isolamento de 4 pe\u00e7as inclui revestimentos em a\u00e7o inoxid\u00e1vel de primeira qualidade e um vers\u00e1til barril de ch\u00e1 com leite com torneira, mantendo os seus pratos principais e bebidas de assinatura \u00e0 temperatura perfeita durante mais de 24 horas.<\/p>\n<h2>\u00a0<\/h2>\n<p>&nbsp;<\/p>","protected":false},"featured_media":737,"comment_status":"closed","ping_status":"closed","template":"","meta":{"_acf_changed":false},"product_brand":[],"product_cat":[20],"product_tag":[23],"class_list":{"0":"post-736","1":"product","2":"type-product","3":"status-publish","4":"has-post-thumbnail","6":"product_cat-wholesale-insulated-food-containers","7":"product_tag-family-kitchen","9":"first","10":"instock","11":"shipping-taxable","12":"product-type-simple"},"acf":[],"_links":{"self":[{"href":"https:\/\/www.lianmeithermos.com\/pt\/wp-json\/wp\/v2\/product\/736","targetHints":{"allow":["GET"]}}],"collection":[{"href":"https:\/\/www.lianmeithermos.com\/pt\/wp-json\/wp\/v2\/product"}],"about":[{"href":"https:\/\/www.lianmeithermos.com\/pt\/wp-json\/wp\/v2\/types\/product"}],"replies":[{"embeddable":true,"href":"https:\/\/www.lianmeithermos.com\/pt\/wp-json\/wp\/v2\/comments?post=736"}],"wp:featuredmedia":[{"embeddable":true,"href":"https:\/\/www.lianmeithermos.com\/pt\/wp-json\/wp\/v2\/media\/737"}],"wp:attachment":[{"href":"https:\/\/www.lianmeithermos.com\/pt\/wp-json\/wp\/v2\/media?parent=736"}],"wp:term":[{"taxonomy":"product_brand","embeddable":true,"href":"https:\/\/www.lianmeithermos.com\/pt\/wp-json\/wp\/v2\/product_brand?post=736"},{"taxonomy":"product_cat","embeddable":true,"href":"https:\/\/www.lianmeithermos.com\/pt\/wp-json\/wp\/v2\/product_cat?post=736"},{"taxonomy":"product_tag","embeddable":true,"href":"https:\/\/www.lianmeithermos.com\/pt\/wp-json\/wp\/v2\/product_tag?post=736"}],"curies":[{"name":"wp","href":"https:\/\/api.w.org\/{rel}","templated":true}]}}