{"id":738,"date":"2026-01-30T07:29:51","date_gmt":"2026-01-30T07:29:51","guid":{"rendered":"https:\/\/www.lianmeithermos.com\/?post_type=product&#038;p=738"},"modified":"2026-01-30T08:16:51","modified_gmt":"2026-01-30T08:16:51","slug":"catering-insulated-food-container-kit-wholesale","status":"publish","type":"product","link":"https:\/\/www.lianmeithermos.com\/pt\/produto\/catering-insulated-food-container-kit-wholesale\/","title":{"rendered":"Kit de recipientes para alimentos isolados para catering profissional por atacado"},"content":{"rendered":"<h2 class=\"wp-block-heading\">Carater\u00edsticas do kit de recipientes isolados para alimentos Wholesale <\/h2>\n\n\n\n<div class=\"wp-block-columns is-layout-flex wp-container-core-columns-is-layout-9d6595d7 wp-block-columns-is-layout-flex\">\n<div class=\"wp-block-column is-vertically-aligned-center is-layout-flow wp-block-column-is-layout-flow\">\n<div class=\"wp-block-columns is-layout-flex wp-container-core-columns-is-layout-9d6595d7 wp-block-columns-is-layout-flex\">\n<div class=\"wp-block-column is-vertically-aligned-top is-layout-flow wp-block-column-is-layout-flow\">\n<p><strong>Solu\u00e7\u00e3o completa de catering:<\/strong> Um kit profissional com mais de 15 pe\u00e7as que inclui <strong>Recipientes t\u00e9rmicos para alimentos<\/strong>, O buffet \u00e9 composto por um distribuidor de bebidas, tabuleiros de servir e utens\u00edlios para bebidas para uma prepara\u00e7\u00e3o imediata do buffet.<\/p>\n\n\n\n<p><strong>Esta\u00e7\u00e3o de bebidas integrada:<\/strong> Inclui um balde t\u00e9rmico resistente com uma <strong>Torneira<\/strong>, ideal para o servi\u00e7o de alta velocidade de caf\u00e9 quente ou ch\u00e1 frio.<\/p>\n\n\n\n<p><strong>Isolamento superior durante 24 horas:<\/strong> A tecnologia avan\u00e7ada de parede dupla garante que tanto os alimentos como as bebidas se mant\u00eam a temperaturas seguras para os alimentos durante eventos prolongados.<\/p>\n\n\n\n<p><strong>A\u00e7o de qualidade alimentar de primeira qualidade:<\/strong> Todos os componentes s\u00e3o fabricados em a\u00e7o inoxid\u00e1vel de alta qualidade para m\u00e1xima higiene, durabilidade e facilidade de limpeza.<\/p>\n\n\n\n<p><strong>Est\u00e9tica profissional:<\/strong> Proporciona um aspeto uniforme e polido que melhora a apresenta\u00e7\u00e3o da sua marca em casamentos, banquetes ou balc\u00f5es de caf\u00e9s.<\/p>\n\n\n\n<p><strong>Portabilidade para trabalhos pesados:<\/strong> Concebida com pegas refor\u00e7adas e bases est\u00e1veis, foi constru\u00edda para suportar os rigores do transporte frequente e da utiliza\u00e7\u00e3o comercial.<\/p>\n<\/div>\n\n\n\n<div class=\"wp-block-column is-layout-flow wp-block-column-is-layout-flow\">\n<figure class=\"wp-block-image size-full\"><img decoding=\"async\" width=\"2500\" height=\"2500\" src=\"https:\/\/www.lianmeithermos.com\/wp-content\/uploads\/2026\/01\/Catering-Insulated-Food-Container-Kit-Wholesale-1.webp\" alt=\"Kit de recipientes para alimentos com isolamento para catering por atacado\" class=\"wp-image-744\" srcset=\"https:\/\/www.lianmeithermos.com\/wp-content\/uploads\/2026\/01\/Catering-Insulated-Food-Container-Kit-Wholesale-1.webp 2500w, https:\/\/www.lianmeithermos.com\/wp-content\/uploads\/2026\/01\/Catering-Insulated-Food-Container-Kit-Wholesale-1-300x300.webp 300w, https:\/\/www.lianmeithermos.com\/wp-content\/uploads\/2026\/01\/Catering-Insulated-Food-Container-Kit-Wholesale-1-150x150.webp 150w, https:\/\/www.lianmeithermos.com\/wp-content\/uploads\/2026\/01\/Catering-Insulated-Food-Container-Kit-Wholesale-1-768x768.webp 768w, https:\/\/www.lianmeithermos.com\/wp-content\/uploads\/2026\/01\/Catering-Insulated-Food-Container-Kit-Wholesale-1-12x12.webp 12w, https:\/\/www.lianmeithermos.com\/wp-content\/uploads\/2026\/01\/Catering-Insulated-Food-Container-Kit-Wholesale-1-1200x1200.webp 1200w, https:\/\/www.lianmeithermos.com\/wp-content\/uploads\/2026\/01\/Catering-Insulated-Food-Container-Kit-Wholesale-1-600x600.webp 600w, https:\/\/www.lianmeithermos.com\/wp-content\/uploads\/2026\/01\/Catering-Insulated-Food-Container-Kit-Wholesale-1-100x100.webp 100w\" sizes=\"(max-width: 2500px) 100vw, 2500px\" \/><\/figure>\n<\/div>\n<\/div>\n<\/div>\n<\/div>","protected":false},"excerpt":{"rendered":"<p data-start=\"239\" data-end=\"539\">O derradeiro kit de recipientes isolados para alimentos para catering profissional por atacado para servi\u00e7os de grande volume. Esta esta\u00e7\u00e3o de buffet tudo-em-um combina um barril de ch\u00e1 de leite com uma torneira, potes t\u00e9rmicos de alta capacidade e acess\u00f3rios de servi\u00e7o em a\u00e7o inoxid\u00e1vel. Concebida para mais de 24 horas de reten\u00e7\u00e3o de temperatura, \u00e9 a solu\u00e7\u00e3o profissional perfeita para restaurantes, hot\u00e9is e catering para eventos.<\/p>\n<h2>\u00a0<\/h2>\n<p>&nbsp;<\/p>","protected":false},"featured_media":743,"comment_status":"closed","ping_status":"closed","template":"","meta":{"_acf_changed":false},"product_brand":[],"product_cat":[20],"product_tag":[23],"class_list":{"0":"post-738","1":"product","2":"type-product","3":"status-publish","4":"has-post-thumbnail","6":"product_cat-wholesale-insulated-food-containers","7":"product_tag-family-kitchen","9":"first","10":"instock","11":"shipping-taxable","12":"product-type-simple"},"acf":[],"_links":{"self":[{"href":"https:\/\/www.lianmeithermos.com\/pt\/wp-json\/wp\/v2\/product\/738","targetHints":{"allow":["GET"]}}],"collection":[{"href":"https:\/\/www.lianmeithermos.com\/pt\/wp-json\/wp\/v2\/product"}],"about":[{"href":"https:\/\/www.lianmeithermos.com\/pt\/wp-json\/wp\/v2\/types\/product"}],"replies":[{"embeddable":true,"href":"https:\/\/www.lianmeithermos.com\/pt\/wp-json\/wp\/v2\/comments?post=738"}],"wp:featuredmedia":[{"embeddable":true,"href":"https:\/\/www.lianmeithermos.com\/pt\/wp-json\/wp\/v2\/media\/743"}],"wp:attachment":[{"href":"https:\/\/www.lianmeithermos.com\/pt\/wp-json\/wp\/v2\/media?parent=738"}],"wp:term":[{"taxonomy":"product_brand","embeddable":true,"href":"https:\/\/www.lianmeithermos.com\/pt\/wp-json\/wp\/v2\/product_brand?post=738"},{"taxonomy":"product_cat","embeddable":true,"href":"https:\/\/www.lianmeithermos.com\/pt\/wp-json\/wp\/v2\/product_cat?post=738"},{"taxonomy":"product_tag","embeddable":true,"href":"https:\/\/www.lianmeithermos.com\/pt\/wp-json\/wp\/v2\/product_tag?post=738"}],"curies":[{"name":"wp","href":"https:\/\/api.w.org\/{rel}","templated":true}]}}