{"id":745,"date":"2026-01-30T08:17:37","date_gmt":"2026-01-30T08:17:37","guid":{"rendered":"https:\/\/www.lianmeithermos.com\/?post_type=product&#038;p=745"},"modified":"2026-01-30T08:22:23","modified_gmt":"2026-01-30T08:22:23","slug":"insulated-food-container-kit-in-bulk","status":"publish","type":"product","link":"https:\/\/www.lianmeithermos.com\/pt\/produto\/insulated-food-container-kit-in-bulk\/","title":{"rendered":"Kit de recipientes para alimentos com isolamento profissional de 5 pe\u00e7as a granel"},"content":{"rendered":"<h2 class=\"wp-block-heading\">Carater\u00edsticas do kit de recipientes para alimentos isolados a granel <\/h2>\n\n\n\n<div class=\"wp-block-columns is-layout-flex wp-container-core-columns-is-layout-9d6595d7 wp-block-columns-is-layout-flex\">\n<div class=\"wp-block-column is-vertically-aligned-center is-layout-flow wp-block-column-is-layout-flow\">\n<div class=\"wp-block-columns is-layout-flex wp-container-core-columns-is-layout-9d6595d7 wp-block-columns-is-layout-flex\">\n<div class=\"wp-block-column is-vertically-aligned-top is-layout-flow wp-block-column-is-layout-flow\">\n<p><strong>Configura\u00e7\u00e3o expandida de 5 pe\u00e7as:<\/strong> Fornece uma gama abrangente de tamanhos de recipientes para acomodar diversos itens de menu num kit profissional de recipientes para alimentos com isolamento.<\/p>\n\n\n\n<p><strong>Esta\u00e7\u00e3o de bebidas de fluxo elevado:<\/strong> Inclui um cano t\u00e9rmico dedicado com um <strong>Torneira<\/strong>, A sua forma de apresenta\u00e7\u00e3o permite servir eficazmente sopas ou bebidas ao lado dos recipientes de refei\u00e7\u00e3o.<\/p>\n\n\n\n<p><strong>Isolamento de n\u00edvel comercial:<\/strong> A tecnologia avan\u00e7ada de parede dupla mant\u00e9m o calor ou o frio ideais durante mais de 12 horas, o que \u00e9 perfeito para turnos de servi\u00e7o e transportes prolongados.<\/p>\n\n\n\n<p><strong>Interior em a\u00e7o inoxid\u00e1vel higi\u00e9nico:<\/strong> Cada unidade \u00e9 fabricada com um revestimento de a\u00e7o inoxid\u00e1vel de primeira qualidade que \u00e9 resistente \u00e0 ferrugem, f\u00e1cil de limpar e evita a contamina\u00e7\u00e3o cruzada de sabores.<\/p>\n\n\n\n<p><strong>Durabilidade industrial:<\/strong> Constru\u00eddo com um revestimento exterior robusto e pegas resistentes, foi concebido para suportar as exig\u00eancias di\u00e1rias de uma cozinha comercial movimentada.<\/p>\n\n\n\n<p><strong>Tampas herm\u00e9ticas em espiral:<\/strong> Inclui tampas com fecho de tor\u00e7\u00e3o de qualidade profissional que criam uma veda\u00e7\u00e3o \u00e0 prova de p\u00f3 e de fugas para preservar a qualidade e a seguran\u00e7a dos alimentos.<\/p>\n<\/div>\n\n\n\n<div class=\"wp-block-column is-layout-flow wp-block-column-is-layout-flow\">\n<figure class=\"wp-block-image size-full\"><img decoding=\"async\" width=\"2500\" height=\"2500\" src=\"https:\/\/www.lianmeithermos.com\/wp-content\/uploads\/2026\/01\/Insulated-Food-Container-Kit-in-Bulk.webp\" alt=\"Kit de recipientes para alimentos isolados a granel\" class=\"wp-image-739\" srcset=\"https:\/\/www.lianmeithermos.com\/wp-content\/uploads\/2026\/01\/Insulated-Food-Container-Kit-in-Bulk.webp 2500w, https:\/\/www.lianmeithermos.com\/wp-content\/uploads\/2026\/01\/Insulated-Food-Container-Kit-in-Bulk-300x300.webp 300w, https:\/\/www.lianmeithermos.com\/wp-content\/uploads\/2026\/01\/Insulated-Food-Container-Kit-in-Bulk-150x150.webp 150w, https:\/\/www.lianmeithermos.com\/wp-content\/uploads\/2026\/01\/Insulated-Food-Container-Kit-in-Bulk-768x768.webp 768w, https:\/\/www.lianmeithermos.com\/wp-content\/uploads\/2026\/01\/Insulated-Food-Container-Kit-in-Bulk-12x12.webp 12w, https:\/\/www.lianmeithermos.com\/wp-content\/uploads\/2026\/01\/Insulated-Food-Container-Kit-in-Bulk-1200x1200.webp 1200w, https:\/\/www.lianmeithermos.com\/wp-content\/uploads\/2026\/01\/Insulated-Food-Container-Kit-in-Bulk-600x600.webp 600w, https:\/\/www.lianmeithermos.com\/wp-content\/uploads\/2026\/01\/Insulated-Food-Container-Kit-in-Bulk-100x100.webp 100w\" sizes=\"(max-width: 2500px) 100vw, 2500px\" \/><\/figure>\n<\/div>\n<\/div>\n<\/div>\n<\/div>","protected":false},"excerpt":{"rendered":"<p data-start=\"239\" data-end=\"539\">Este kit profissional de recipientes para alimentos isolados a granel \u00e9 a derradeira esta\u00e7\u00e3o de armazenamento t\u00e9rmico de 5 pe\u00e7as para catering de alta capacidade. Com revestimentos em a\u00e7o inoxid\u00e1vel de qualidade alimentar e um barril de ch\u00e1 com leite integrado com uma torneira duradoura, este kit garante que os seus pratos principais e bebidas se mant\u00eam a temperaturas seguras para os alimentos durante mais de 12 horas.<\/p>\n<h2>\u00a0<\/h2>\n<p>&nbsp;<\/p>","protected":false},"featured_media":739,"comment_status":"closed","ping_status":"closed","template":"","meta":{"_acf_changed":false},"product_brand":[],"product_cat":[20],"product_tag":[23],"class_list":{"0":"post-745","1":"product","2":"type-product","3":"status-publish","4":"has-post-thumbnail","6":"product_cat-wholesale-insulated-food-containers","7":"product_tag-family-kitchen","9":"first","10":"instock","11":"shipping-taxable","12":"product-type-simple"},"acf":[],"_links":{"self":[{"href":"https:\/\/www.lianmeithermos.com\/pt\/wp-json\/wp\/v2\/product\/745","targetHints":{"allow":["GET"]}}],"collection":[{"href":"https:\/\/www.lianmeithermos.com\/pt\/wp-json\/wp\/v2\/product"}],"about":[{"href":"https:\/\/www.lianmeithermos.com\/pt\/wp-json\/wp\/v2\/types\/product"}],"replies":[{"embeddable":true,"href":"https:\/\/www.lianmeithermos.com\/pt\/wp-json\/wp\/v2\/comments?post=745"}],"wp:featuredmedia":[{"embeddable":true,"href":"https:\/\/www.lianmeithermos.com\/pt\/wp-json\/wp\/v2\/media\/739"}],"wp:attachment":[{"href":"https:\/\/www.lianmeithermos.com\/pt\/wp-json\/wp\/v2\/media?parent=745"}],"wp:term":[{"taxonomy":"product_brand","embeddable":true,"href":"https:\/\/www.lianmeithermos.com\/pt\/wp-json\/wp\/v2\/product_brand?post=745"},{"taxonomy":"product_cat","embeddable":true,"href":"https:\/\/www.lianmeithermos.com\/pt\/wp-json\/wp\/v2\/product_cat?post=745"},{"taxonomy":"product_tag","embeddable":true,"href":"https:\/\/www.lianmeithermos.com\/pt\/wp-json\/wp\/v2\/product_tag?post=745"}],"curies":[{"name":"wp","href":"https:\/\/api.w.org\/{rel}","templated":true}]}}