{"id":783,"date":"2026-03-20T09:54:19","date_gmt":"2026-03-20T09:54:19","guid":{"rendered":"https:\/\/www.lianmeithermos.com\/?post_type=product&#038;p=783"},"modified":"2026-04-05T02:16:35","modified_gmt":"2026-04-05T02:16:35","slug":"wholesale-juice-dispenser-for-catering","status":"publish","type":"product","link":"https:\/\/www.lianmeithermos.com\/pt\/produto\/wholesale-juice-dispenser-for-catering\/","title":{"rendered":"Distribuidor de sumos por grosso para restaura\u00e7\u00e3o"},"content":{"rendered":"<h2 class=\"wp-block-heading\">Carater\u00edsticas do distribuidor de sumos por grosso<\/h2>\n\n\n\n<div class=\"wp-block-columns is-layout-flex wp-container-core-columns-is-layout-9d6595d7 wp-block-columns-is-layout-flex\">\n<div class=\"wp-block-column is-vertically-aligned-center is-layout-flow wp-block-column-is-layout-flow\">\n<div class=\"wp-block-columns is-layout-flex wp-container-core-columns-is-layout-9d6595d7 wp-block-columns-is-layout-flex\">\n<div class=\"wp-block-column is-vertically-aligned-top is-layout-flow wp-block-column-is-layout-flow\">\n<p><strong>Design elegante com acabamento espelhado:<\/strong> O sofisticado acabamento polido acrescenta um toque de qualidade a qualquer buffet de hotel, banquete ou casamento, melhorando a experi\u00eancia gastron\u00f3mica geral dos seus convidados.<\/p>\n\n\n\n<p><strong>Alta capacidade com torneira anti-gotejamento:<\/strong> Possui uma torneira dispensadora de qualidade profissional que evita fugas e derrames, garantindo um servi\u00e7o eficiente e um desperd\u00edcio m\u00ednimo durante as horas de ponta.<\/p>\n\n\n\n<p><strong>Componentes amov\u00edveis para uma limpeza f\u00e1cil:<\/strong> Concebida para uma desmontagem r\u00e1pida, permitindo uma gest\u00e3o minuciosa da higiene - um fator cr\u00edtico para a conformidade dos restaurantes e servi\u00e7os alimentares.<\/p>\n\n\n\n<p><strong>Base est\u00e1vel e constru\u00e7\u00e3o ergon\u00f3mica:<\/strong> Concebida com uma base est\u00e1vel e resistente para evitar que tombe, \u00e9 ideal para eventos de catering com muito movimento e para a organiza\u00e7\u00e3o de buffets profissionais.<\/p>\n\n\n\n<p><strong>Fornecimento grossista direto da f\u00e1brica:<\/strong> Como fabricante de confian\u00e7a com 30 anos de experi\u00eancia, a Lianmei oferece pre\u00e7os competitivos a granel e cadeias de fornecimento fi\u00e1veis para distribuidores e grossistas globais.<\/p>\n<\/div>\n\n\n\n<div class=\"wp-block-column is-layout-flow wp-block-column-is-layout-flow\">\n<figure class=\"wp-block-image size-full\"><img decoding=\"async\" width=\"3274\" height=\"3274\" src=\"https:\/\/www.lianmeithermos.com\/wp-content\/uploads\/2026\/03\/Wholesale-Juice-Dispenser-for-Catering2.webp\" alt=\"Distribuidor de sumos por grosso para restaura\u00e7\u00e3o2\" class=\"wp-image-785\" srcset=\"https:\/\/www.lianmeithermos.com\/wp-content\/uploads\/2026\/03\/Wholesale-Juice-Dispenser-for-Catering2.webp 3274w, https:\/\/www.lianmeithermos.com\/wp-content\/uploads\/2026\/03\/Wholesale-Juice-Dispenser-for-Catering2-300x300.webp 300w, https:\/\/www.lianmeithermos.com\/wp-content\/uploads\/2026\/03\/Wholesale-Juice-Dispenser-for-Catering2-150x150.webp 150w, https:\/\/www.lianmeithermos.com\/wp-content\/uploads\/2026\/03\/Wholesale-Juice-Dispenser-for-Catering2-768x768.webp 768w, https:\/\/www.lianmeithermos.com\/wp-content\/uploads\/2026\/03\/Wholesale-Juice-Dispenser-for-Catering2-12x12.webp 12w, https:\/\/www.lianmeithermos.com\/wp-content\/uploads\/2026\/03\/Wholesale-Juice-Dispenser-for-Catering2-1200x1200.webp 1200w, https:\/\/www.lianmeithermos.com\/wp-content\/uploads\/2026\/03\/Wholesale-Juice-Dispenser-for-Catering2-600x600.webp 600w, https:\/\/www.lianmeithermos.com\/wp-content\/uploads\/2026\/03\/Wholesale-Juice-Dispenser-for-Catering2-100x100.webp 100w\" sizes=\"(max-width: 3274px) 100vw, 3274px\" \/><\/figure>\n<\/div>\n<\/div>\n<\/div>\n<\/div>","protected":false},"excerpt":{"rendered":"<p data-start=\"452\" data-end=\"647\">Este distribuidor de sumos por atacado foi concebido para buffets de hotel de alta qualidade e servi\u00e7os alimentares comerciais. Combina um sofisticado acabamento espelhado com um desempenho duradouro para ambientes de elevado tr\u00e1fego.<\/p>\n<h2>Especifica\u00e7\u00f5es do distribuidor de sumos por grosso<\/h2>\n<table data-path-to-node=\"3\">\n<thead>\n<tr>\n<td><strong>Especifica\u00e7\u00f5es<\/strong><\/td>\n<td><strong>Op\u00e7\u00f5es de cores<\/strong><\/td>\n<td><strong>Dimens\u00f5es (cm)<\/strong><\/td>\n<td><strong>Configura\u00e7\u00e3o<\/strong><\/td>\n<\/tr>\n<\/thead>\n<tbody>\n<tr>\n<td><span data-path-to-node=\"3,1,0,0\"><b data-path-to-node=\"3,1,0,0\" data-index-in-node=\"0\">8L<\/b><\/span><\/td>\n<td><span data-path-to-node=\"3,1,1,0\">Prata \/ Prata e ouro<\/span><\/td>\n<td><span data-path-to-node=\"3,1,2,0\">42 * 30 * 29<\/span><\/td>\n<td><span data-path-to-node=\"3,1,3,0\">Tanque \u00fanico<\/span><\/td>\n<\/tr>\n<tr>\n<td><span data-path-to-node=\"3,2,0,0\"><b data-path-to-node=\"3,2,0,0\" data-index-in-node=\"0\">8L + 8L<\/b><\/span><\/td>\n<td><span data-path-to-node=\"3,2,1,0\">Prata \/ Prata e ouro<\/span><\/td>\n<td><span data-path-to-node=\"3,2,2,0\">59 * 44 * 30<\/span><\/td>\n<td><span data-path-to-node=\"3,2,3,0\">Tanques duplos<\/span><\/td>\n<\/tr>\n<tr>\n<td><span data-path-to-node=\"3,3,0,0\"><b data-path-to-node=\"3,3,0,0\" data-index-in-node=\"0\">8L + 8L + 8L<\/b><\/span><\/td>\n<td><span data-path-to-node=\"3,3,1,0\">Prata \/ Prata e ouro<\/span><\/td>\n<td><span data-path-to-node=\"3,3,2,0\">89 * 45 * 33<\/span><\/td>\n<td><span data-path-to-node=\"3,3,3,0\">Tanques triplos<\/span><\/td>\n<\/tr>\n<\/tbody>\n<\/table>","protected":false},"featured_media":784,"comment_status":"closed","ping_status":"closed","template":"","meta":{"_acf_changed":false},"product_brand":[],"product_cat":[18],"product_tag":[25],"class_list":{"0":"post-783","1":"product","2":"type-product","3":"status-publish","4":"has-post-thumbnail","6":"product_cat-wholesale-milk-tea-buckets","7":"product_tag-restaurant","9":"first","10":"instock","11":"shipping-taxable","12":"product-type-simple"},"acf":[],"_links":{"self":[{"href":"https:\/\/www.lianmeithermos.com\/pt\/wp-json\/wp\/v2\/product\/783","targetHints":{"allow":["GET"]}}],"collection":[{"href":"https:\/\/www.lianmeithermos.com\/pt\/wp-json\/wp\/v2\/product"}],"about":[{"href":"https:\/\/www.lianmeithermos.com\/pt\/wp-json\/wp\/v2\/types\/product"}],"replies":[{"embeddable":true,"href":"https:\/\/www.lianmeithermos.com\/pt\/wp-json\/wp\/v2\/comments?post=783"}],"wp:featuredmedia":[{"embeddable":true,"href":"https:\/\/www.lianmeithermos.com\/pt\/wp-json\/wp\/v2\/media\/784"}],"wp:attachment":[{"href":"https:\/\/www.lianmeithermos.com\/pt\/wp-json\/wp\/v2\/media?parent=783"}],"wp:term":[{"taxonomy":"product_brand","embeddable":true,"href":"https:\/\/www.lianmeithermos.com\/pt\/wp-json\/wp\/v2\/product_brand?post=783"},{"taxonomy":"product_cat","embeddable":true,"href":"https:\/\/www.lianmeithermos.com\/pt\/wp-json\/wp\/v2\/product_cat?post=783"},{"taxonomy":"product_tag","embeddable":true,"href":"https:\/\/www.lianmeithermos.com\/pt\/wp-json\/wp\/v2\/product_tag?post=783"}],"curies":[{"name":"wp","href":"https:\/\/api.w.org\/{rel}","templated":true}]}}