{"id":786,"date":"2026-03-21T01:58:18","date_gmt":"2026-03-21T01:58:18","guid":{"rendered":"https:\/\/www.lianmeithermos.com\/?post_type=product&#038;p=786"},"modified":"2026-03-21T02:14:43","modified_gmt":"2026-03-21T02:14:43","slug":"wholesale-stainless-steel-coffee-urn-for-hotel-catering","status":"publish","type":"product","link":"https:\/\/www.lianmeithermos.com\/pt\/produto\/wholesale-stainless-steel-coffee-urn-for-hotel-catering\/","title":{"rendered":"Urna de caf\u00e9 de a\u00e7o inoxid\u00e1vel por atacado para hotelaria"},"content":{"rendered":"<h2 class=\"wp-block-heading\">Carater\u00edsticas da urna de caf\u00e9 em a\u00e7o inoxid\u00e1vel para venda por grosso<\/h2>\n\n\n\n<div class=\"wp-block-columns is-layout-flex wp-container-core-columns-is-layout-9d6595d7 wp-block-columns-is-layout-flex\">\n<div class=\"wp-block-column is-vertically-aligned-center is-layout-flow wp-block-column-is-layout-flow\">\n<div class=\"wp-block-columns is-layout-flex wp-container-core-columns-is-layout-9d6595d7 wp-block-columns-is-layout-flex\">\n<div class=\"wp-block-column is-vertically-aligned-top is-layout-flow wp-block-column-is-layout-flow\">\n<p><strong>Elegante acabamento polido-espelhado:<\/strong> O sofisticado exterior de alto brilho proporciona uma est\u00e9tica premium, perfeita para buffets de hot\u00e9is de luxo, casamentos e banquetes profissionais.<\/p>\n\n\n\n<p><strong>Desempenho t\u00e9rmico com aquecimento a combust\u00edvel:<\/strong> Concebida com uma base de suporte de combust\u00edvel dedicada para manter o calor est\u00e1vel, garantindo que o caf\u00e9 e as bebidas quentes se mant\u00eam \u00e0 temperatura ideal para servir durante horas.<\/p>\n\n\n\n<p><strong>Torneira anti-gotejamento profissional:<\/strong> Equipada com uma torneira de alta qualidade, resistente ao calor, que garante um despejo suave e sem fugas, mantendo a sua \u00e1rea de servi\u00e7o limpa e eficiente.<\/p>\n\n\n\n<p><strong>Pernas est\u00e1veis para trabalho pesado:<\/strong> Possui uma base de trip\u00e9 refor\u00e7ada para m\u00e1xima estabilidade em mesas de buffet, proporcionando seguran\u00e7a e fiabilidade em ambientes de restaura\u00e7\u00e3o com muito movimento.<\/p>\n\n\n\n<p><strong>Disponibilidade por grosso em grande escala:<\/strong> Como fabricante l\u00edder, a Lianmei fornece pre\u00e7os competitivos a granel e um fornecimento consistente para distribuidores e grossistas globais de equipamento de restaura\u00e7\u00e3o.<\/p>\n<\/div>\n\n\n\n<div class=\"wp-block-column is-layout-flow wp-block-column-is-layout-flow\">\n<figure class=\"wp-block-image size-full\"><img decoding=\"async\" width=\"703\" height=\"703\" src=\"https:\/\/www.lianmeithermos.com\/wp-content\/uploads\/2026\/03\/Wholesale-Stainless-Steel-Coffee-Urn.webp\" alt=\"Urna de caf\u00e9 em a\u00e7o inoxid\u00e1vel por atacado\" class=\"wp-image-787\" srcset=\"https:\/\/www.lianmeithermos.com\/wp-content\/uploads\/2026\/03\/Wholesale-Stainless-Steel-Coffee-Urn.webp 703w, https:\/\/www.lianmeithermos.com\/wp-content\/uploads\/2026\/03\/Wholesale-Stainless-Steel-Coffee-Urn-300x300.webp 300w, https:\/\/www.lianmeithermos.com\/wp-content\/uploads\/2026\/03\/Wholesale-Stainless-Steel-Coffee-Urn-150x150.webp 150w, https:\/\/www.lianmeithermos.com\/wp-content\/uploads\/2026\/03\/Wholesale-Stainless-Steel-Coffee-Urn-12x12.webp 12w, https:\/\/www.lianmeithermos.com\/wp-content\/uploads\/2026\/03\/Wholesale-Stainless-Steel-Coffee-Urn-600x600.webp 600w, https:\/\/www.lianmeithermos.com\/wp-content\/uploads\/2026\/03\/Wholesale-Stainless-Steel-Coffee-Urn-100x100.webp 100w\" sizes=\"(max-width: 703px) 100vw, 703px\" \/><\/figure>\n<\/div>\n<\/div>\n<\/div>\n<\/div>","protected":false},"excerpt":{"rendered":"<p data-start=\"452\" data-end=\"647\">A nossa urna de caf\u00e9 em a\u00e7o inoxid\u00e1vel para venda por grosso foi concebida para buffets e banquetes de hotel de alta qualidade. Possui um acabamento espelhado resistente e um design de reten\u00e7\u00e3o de calor para garantir um \u00f3timo servi\u00e7o de bebidas em qualquer ambiente comercial de servi\u00e7os alimentares.<\/p>\n<p>&nbsp;<\/p>","protected":false},"featured_media":787,"comment_status":"closed","ping_status":"closed","template":"","meta":{"_acf_changed":false},"product_brand":[],"product_cat":[18],"product_tag":[25],"class_list":{"0":"post-786","1":"product","2":"type-product","3":"status-publish","4":"has-post-thumbnail","6":"product_cat-wholesale-milk-tea-buckets","7":"product_tag-restaurant","9":"first","10":"instock","11":"shipping-taxable","12":"product-type-simple"},"acf":[],"_links":{"self":[{"href":"https:\/\/www.lianmeithermos.com\/pt\/wp-json\/wp\/v2\/product\/786","targetHints":{"allow":["GET"]}}],"collection":[{"href":"https:\/\/www.lianmeithermos.com\/pt\/wp-json\/wp\/v2\/product"}],"about":[{"href":"https:\/\/www.lianmeithermos.com\/pt\/wp-json\/wp\/v2\/types\/product"}],"replies":[{"embeddable":true,"href":"https:\/\/www.lianmeithermos.com\/pt\/wp-json\/wp\/v2\/comments?post=786"}],"wp:featuredmedia":[{"embeddable":true,"href":"https:\/\/www.lianmeithermos.com\/pt\/wp-json\/wp\/v2\/media\/787"}],"wp:attachment":[{"href":"https:\/\/www.lianmeithermos.com\/pt\/wp-json\/wp\/v2\/media?parent=786"}],"wp:term":[{"taxonomy":"product_brand","embeddable":true,"href":"https:\/\/www.lianmeithermos.com\/pt\/wp-json\/wp\/v2\/product_brand?post=786"},{"taxonomy":"product_cat","embeddable":true,"href":"https:\/\/www.lianmeithermos.com\/pt\/wp-json\/wp\/v2\/product_cat?post=786"},{"taxonomy":"product_tag","embeddable":true,"href":"https:\/\/www.lianmeithermos.com\/pt\/wp-json\/wp\/v2\/product_tag?post=786"}],"curies":[{"name":"wp","href":"https:\/\/api.w.org\/{rel}","templated":true}]}}