{"id":788,"date":"2026-03-21T02:36:32","date_gmt":"2026-03-21T02:36:32","guid":{"rendered":"https:\/\/www.lianmeithermos.com\/?post_type=product&#038;p=788"},"modified":"2026-04-02T09:37:07","modified_gmt":"2026-04-02T09:37:07","slug":"wholesale-electric-tea-urns-commercial-intelligent-tea-dispenser","status":"publish","type":"product","link":"https:\/\/www.lianmeithermos.com\/pt\/produto\/wholesale-electric-tea-urns-commercial-intelligent-tea-dispenser\/","title":{"rendered":"Urnas de ch\u00e1 el\u00e9ctricas por atacado | Dispensador de ch\u00e1 inteligente comercial"},"content":{"rendered":"<h2 class=\"wp-block-heading\">Carater\u00edsticas das urnas de ch\u00e1 el\u00e9ctricas por atacado<\/h2>\n\n\n\n<div class=\"wp-block-columns is-layout-flex wp-container-core-columns-is-layout-9d6595d7 wp-block-columns-is-layout-flex\">\n<div class=\"wp-block-column is-vertically-aligned-center is-layout-flow wp-block-column-is-layout-flow\">\n<div class=\"wp-block-columns is-layout-flex wp-container-core-columns-is-layout-9d6595d7 wp-block-columns-is-layout-flex\">\n<div class=\"wp-block-column is-vertically-aligned-top is-layout-flow wp-block-column-is-layout-flow\">\n<p><strong>One-Touch Intelligent Brewing:<\/strong> Features a precise digital interface for <strong>one-click automated brewing<\/strong>. It simplifies the operation, ensuring consistent tea quality and flavor with minimal effort.<\/p>\n\n\n\n<p><strong>Automatic Constant Temperature:<\/strong> Once the brewing is complete, the system automatically switches to <strong>Warm-Keeping mode<\/strong>. This ensures your premium tea or coffee stays at the perfect serving heat for hours.<\/p>\n\n\n\n<p><strong>Safe Food-Grade &amp; Odor-Free:<\/strong> Crafted from <strong>premium food-grade materials<\/strong> that are heat-resistant and 100% safe. This ensures a pure, healthy taste without any unwanted plastic or metallic odors.<\/p>\n\n\n\n<p><strong>Multiple Aesthetic Finishes:<\/strong> Available in <strong>Classic Black, Marble Texture, and Wood Grain<\/strong>. These high-end finishes allow you to match the brewer perfectly with the decor of luxury hotels, modern cafes, or traditional tea houses.<\/p>\n\n\n\n<p><strong>Commercial Non-Drip Spigot:<\/strong> Equipped with a heavy-duty, high-flow tap designed for high-frequency use. It ensures a <strong>drip-free and clean service area<\/strong>, even during the busiest catering peak hours.<\/p>\n<\/div>\n\n\n\n<div class=\"wp-block-column is-layout-flow wp-block-column-is-layout-flow\">\n<figure class=\"wp-block-image size-full\"><img decoding=\"async\" width=\"703\" height=\"703\" src=\"https:\/\/www.lianmeithermos.com\/wp-content\/uploads\/2026\/03\/Wholesale-Electric-Tea-Urns.webp\" alt=\"Urnas de ch\u00e1 el\u00e9ctricas por atacado\" class=\"wp-image-789\" srcset=\"https:\/\/www.lianmeithermos.com\/wp-content\/uploads\/2026\/03\/Wholesale-Electric-Tea-Urns.webp 703w, https:\/\/www.lianmeithermos.com\/wp-content\/uploads\/2026\/03\/Wholesale-Electric-Tea-Urns-300x300.webp 300w, https:\/\/www.lianmeithermos.com\/wp-content\/uploads\/2026\/03\/Wholesale-Electric-Tea-Urns-150x150.webp 150w, https:\/\/www.lianmeithermos.com\/wp-content\/uploads\/2026\/03\/Wholesale-Electric-Tea-Urns-12x12.webp 12w, https:\/\/www.lianmeithermos.com\/wp-content\/uploads\/2026\/03\/Wholesale-Electric-Tea-Urns-600x600.webp 600w, https:\/\/www.lianmeithermos.com\/wp-content\/uploads\/2026\/03\/Wholesale-Electric-Tea-Urns-100x100.webp 100w\" sizes=\"(max-width: 703px) 100vw, 703px\" \/><\/figure>\n<\/div>\n<\/div>\n<\/div>\n<\/div>","protected":false},"excerpt":{"rendered":"<p data-start=\"452\" data-end=\"647\">As nossas urnas de ch\u00e1 el\u00e9ctricas por atacado t\u00eam um design transparente para exposi\u00e7\u00e3o de bebidas e autosservi\u00e7o. Com controlos t\u00e1cteis, manuten\u00e7\u00e3o precisa da temperatura e uma base moderna, ideal para hot\u00e9is, caf\u00e9s e catering.<\/p>\n<h2>Especifica\u00e7\u00f5es das urnas de ch\u00e1 el\u00e9ctricas por atacado<\/h2>\n<table data-path-to-node=\"2\">\n<thead>\n<tr>\n<td><strong>Capacidade (volume)<\/strong><\/td>\n<td><strong>Dimens\u00f5es (LWH cm)<\/strong><\/td>\n<td><strong>Color &amp; Finish Options<\/strong><\/td>\n<\/tr>\n<\/thead>\n<tbody>\n<tr>\n<td><span data-path-to-node=\"2,1,0,0\"><b data-path-to-node=\"2,1,0,0\" data-index-in-node=\"0\">10L<\/b><\/span><\/td>\n<td><span data-path-to-node=\"2,1,1,0\">43 * 48 * 62<\/span><\/td>\n<td><span data-path-to-node=\"2,1,2,0\">Preto cl\u00e1ssico \/ Textura de m\u00e1rmore \/ Gr\u00e3o de madeira<\/span><\/td>\n<\/tr>\n<tr>\n<td><span data-path-to-node=\"2,2,0,0\"><b data-path-to-node=\"2,2,0,0\" data-index-in-node=\"0\">20L<\/b><\/span><\/td>\n<td><span data-path-to-node=\"2,2,1,0\">34 * 31 * 56<\/span><\/td>\n<td><span data-path-to-node=\"2,2,2,0\">Preto cl\u00e1ssico \/ Textura de m\u00e1rmore \/ Gr\u00e3o de madeira<\/span><\/td>\n<\/tr>\n<\/tbody>\n<\/table>","protected":false},"featured_media":821,"comment_status":"closed","ping_status":"closed","template":"","meta":{"_acf_changed":false},"product_brand":[],"product_cat":[26],"product_tag":[25],"class_list":{"0":"post-788","1":"product","2":"type-product","3":"status-publish","4":"has-post-thumbnail","6":"product_cat-wholesale-tea-urns","7":"product_tag-restaurant","9":"first","10":"instock","11":"shipping-taxable","12":"product-type-simple"},"acf":[],"_links":{"self":[{"href":"https:\/\/www.lianmeithermos.com\/pt\/wp-json\/wp\/v2\/product\/788","targetHints":{"allow":["GET"]}}],"collection":[{"href":"https:\/\/www.lianmeithermos.com\/pt\/wp-json\/wp\/v2\/product"}],"about":[{"href":"https:\/\/www.lianmeithermos.com\/pt\/wp-json\/wp\/v2\/types\/product"}],"replies":[{"embeddable":true,"href":"https:\/\/www.lianmeithermos.com\/pt\/wp-json\/wp\/v2\/comments?post=788"}],"wp:featuredmedia":[{"embeddable":true,"href":"https:\/\/www.lianmeithermos.com\/pt\/wp-json\/wp\/v2\/media\/821"}],"wp:attachment":[{"href":"https:\/\/www.lianmeithermos.com\/pt\/wp-json\/wp\/v2\/media?parent=788"}],"wp:term":[{"taxonomy":"product_brand","embeddable":true,"href":"https:\/\/www.lianmeithermos.com\/pt\/wp-json\/wp\/v2\/product_brand?post=788"},{"taxonomy":"product_cat","embeddable":true,"href":"https:\/\/www.lianmeithermos.com\/pt\/wp-json\/wp\/v2\/product_cat?post=788"},{"taxonomy":"product_tag","embeddable":true,"href":"https:\/\/www.lianmeithermos.com\/pt\/wp-json\/wp\/v2\/product_tag?post=788"}],"curies":[{"name":"wp","href":"https:\/\/api.w.org\/{rel}","templated":true}]}}