{"id":792,"date":"2026-03-21T03:27:45","date_gmt":"2026-03-21T03:27:45","guid":{"rendered":"https:\/\/www.lianmeithermos.com\/?post_type=product&#038;p=792"},"modified":"2026-04-02T01:37:04","modified_gmt":"2026-04-02T01:37:04","slug":"wholesale-commercial-water-boiler-stainless-steel-electric-water-heater","status":"publish","type":"product","link":"https:\/\/www.lianmeithermos.com\/pt\/produto\/wholesale-commercial-water-boiler-stainless-steel-electric-water-heater\/","title":{"rendered":"Caldeira de \u00e1gua comercial por atacado | Aquecedor de \u00e1gua el\u00e9trico de a\u00e7o inoxid\u00e1vel"},"content":{"rendered":"<h2 class=\"wp-block-heading\">Carater\u00edsticas da caldeira de \u00e1gua comercial grossista<\/h2>\n\n\n\n<div class=\"wp-block-columns is-layout-flex wp-container-core-columns-is-layout-9d6595d7 wp-block-columns-is-layout-flex\">\n<div class=\"wp-block-column is-vertically-aligned-center is-layout-flow wp-block-column-is-layout-flow\">\n<div class=\"wp-block-columns is-layout-flex wp-container-core-columns-is-layout-9d6595d7 wp-block-columns-is-layout-flex\">\n<div class=\"wp-block-column is-vertically-aligned-top is-layout-flow wp-block-column-is-layout-flow\">\n<p><strong>Aquecimento el\u00e9trico r\u00e1pido de alta capacidade:<\/strong> Equipado com um potente elemento de aquecimento de encaixe (at\u00e9 2800 W) para garantir que grandes volumes de \u00e1gua ou caldo atinjam rapidamente o ponto de ebuli\u00e7\u00e3o, minimizando os tempos de espera durante as horas de ponta do servi\u00e7o.<\/p>\n\n\n\n<p><strong>Design vers\u00e1til de dupla utiliza\u00e7\u00e3o (cozer e cozinhar):<\/strong> Concebido para uma utiliza\u00e7\u00e3o profissional polivalente, o corpo refor\u00e7ado e resistente \u00e9 perfeitamente adequado tanto para ferver \u00e1gua rapidamente como para cozer em lume brando grandes quantidades de sopa, satisfazendo as diversas necessidades das cozinhas comerciais.<\/p>\n\n\n\n<p><strong>Gama abrangente de especifica\u00e7\u00f5es:<\/strong> Dispon\u00edvel em v\u00e1rios tamanhos, desde <strong>19L a 60L<\/strong> para se adaptar a qualquer opera\u00e7\u00e3o, desde pequenos caf\u00e9s a eventos de catering de grande volume. Escolha a capacidade e a pot\u00eancia perfeitas (1800W-2800W) para as suas necessidades espec\u00edficas.<\/p>\n\n\n\n<p><strong>Constru\u00e7\u00e3o em a\u00e7o inoxid\u00e1vel dur\u00e1vel e segura:<\/strong> Fabricado com um corpo em a\u00e7o inoxid\u00e1vel de qualidade alimentar e pegas robustas anti-queimadura. Carater\u00edsticas integradas <strong>Prote\u00e7\u00e3o contra fervura e secagem<\/strong> com sensores de seguran\u00e7a que cortam automaticamente a energia quando os n\u00edveis est\u00e3o baixos, garantindo um funcionamento seguro e duradouro.<\/p>\n\n\n\n<p><strong>Fluxo elevado profissional e limpeza f\u00e1cil:<\/strong> Concebida com uma torneira anti-gotejamento de elevado fluxo para uma distribui\u00e7\u00e3o r\u00e1pida e um reservat\u00f3rio interior liso e de grande abertura que permite uma limpeza e manuten\u00e7\u00e3o da higiene sem esfor\u00e7o - essencial para a conformidade do servi\u00e7o alimentar profissional.<\/p>\n<\/div>\n\n\n\n<div class=\"wp-block-column is-layout-flow wp-block-column-is-layout-flow\">\n<figure class=\"wp-block-image size-full\"><img decoding=\"async\" width=\"705\" height=\"705\" src=\"https:\/\/www.lianmeithermos.com\/wp-content\/uploads\/2026\/03\/Wholesale-Commercial-Water-Boiler.webp\" alt=\"Caldeira de \u00e1gua comercial por atacado\" class=\"wp-image-794\" srcset=\"https:\/\/www.lianmeithermos.com\/wp-content\/uploads\/2026\/03\/Wholesale-Commercial-Water-Boiler.webp 705w, https:\/\/www.lianmeithermos.com\/wp-content\/uploads\/2026\/03\/Wholesale-Commercial-Water-Boiler-300x300.webp 300w, https:\/\/www.lianmeithermos.com\/wp-content\/uploads\/2026\/03\/Wholesale-Commercial-Water-Boiler-150x150.webp 150w, https:\/\/www.lianmeithermos.com\/wp-content\/uploads\/2026\/03\/Wholesale-Commercial-Water-Boiler-12x12.webp 12w, https:\/\/www.lianmeithermos.com\/wp-content\/uploads\/2026\/03\/Wholesale-Commercial-Water-Boiler-600x600.webp 600w, https:\/\/www.lianmeithermos.com\/wp-content\/uploads\/2026\/03\/Wholesale-Commercial-Water-Boiler-100x100.webp 100w\" sizes=\"(max-width: 705px) 100vw, 705px\" \/><\/figure>\n<\/div>\n<\/div>\n<\/div>\n<\/div>","protected":false},"excerpt":{"rendered":"<p data-start=\"452\" data-end=\"647\">As nossas caldeiras de \u00e1gua comerciais por grosso s\u00e3o concebidas para uma utiliza\u00e7\u00e3o de grande volume na restaura\u00e7\u00e3o e nos servi\u00e7os alimentares. Com aquecimento r\u00e1pido, constru\u00e7\u00e3o dur\u00e1vel em a\u00e7o inoxid\u00e1vel e desempenho fi\u00e1vel para o funcionamento di\u00e1rio.<\/p>\n<h2>Especifica\u00e7\u00f5es da caldeira de \u00e1gua comercial por atacado<\/h2>\n<table data-path-to-node=\"3\">\n<thead>\n<tr>\n<td><strong>Capacidade efectiva<\/strong><\/td>\n<td><strong>Pot\u00eancia<\/strong><\/td>\n<td><strong>Di\u00e2metro interno<\/strong><\/td>\n<td><strong>Altura interior<\/strong><\/td>\n<td><strong>Di\u00e2metro exterior<\/strong><\/td>\n<td><strong>Altura exterior<\/strong><\/td>\n<td><strong>Tipo de ficha<\/strong><\/td>\n<\/tr>\n<\/thead>\n<tbody>\n<tr>\n<td><span data-path-to-node=\"3,1,0,0\"><b data-path-to-node=\"3,1,0,0\" data-index-in-node=\"0\">19L<\/b><\/span><\/td>\n<td><span data-path-to-node=\"3,1,1,0\">1800W<\/span><\/td>\n<td><span data-path-to-node=\"3,1,2,0\">30 cm<\/span><\/td>\n<td><span data-path-to-node=\"3,1,3,0\">29 cm<\/span><\/td>\n<td><span data-path-to-node=\"3,1,4,0\">32,5 cm<\/span><\/td>\n<td><span data-path-to-node=\"3,1,5,0\">40cm<\/span><\/td>\n<td><span data-path-to-node=\"3,1,6,0\">10A<\/span><\/td>\n<\/tr>\n<tr>\n<td><span data-path-to-node=\"3,2,0,0\"><b data-path-to-node=\"3,2,0,0\" data-index-in-node=\"0\">26L<\/b><\/span><\/td>\n<td><span data-path-to-node=\"3,2,1,0\">1800W<\/span><\/td>\n<td><span data-path-to-node=\"3,2,2,0\">30 cm<\/span><\/td>\n<td><span data-path-to-node=\"3,2,3,0\">38 cm<\/span><\/td>\n<td><span data-path-to-node=\"3,2,4,0\">32,5 cm<\/span><\/td>\n<td><span data-path-to-node=\"3,2,5,0\">49 cm<\/span><\/td>\n<td><span data-path-to-node=\"3,2,6,0\">10A<\/span><\/td>\n<\/tr>\n<tr>\n<td><span data-path-to-node=\"3,3,0,0\"><b data-path-to-node=\"3,3,0,0\" data-index-in-node=\"0\">41L<\/b><\/span><\/td>\n<td><span data-path-to-node=\"3,3,1,0\">2800W<\/span><\/td>\n<td><span data-path-to-node=\"3,3,2,0\">35 cm<\/span><\/td>\n<td><span data-path-to-node=\"3,3,3,0\">43 cm<\/span><\/td>\n<td><span data-path-to-node=\"3,3,4,0\">37,5 cm<\/span><\/td>\n<td><span data-path-to-node=\"3,3,5,0\">53 cm<\/span><\/td>\n<td><span data-path-to-node=\"3,3,6,0\">10A<\/span><\/td>\n<\/tr>\n<tr>\n<td><span data-path-to-node=\"3,4,0,0\"><b data-path-to-node=\"3,4,0,0\" data-index-in-node=\"0\">54L<\/b><\/span><\/td>\n<td><span data-path-to-node=\"3,4,1,0\">2800W<\/span><\/td>\n<td><span data-path-to-node=\"3,4,2,0\">40cm<\/span><\/td>\n<td><span data-path-to-node=\"3,4,3,0\">44cm<\/span><\/td>\n<td><span data-path-to-node=\"3,4,4,0\">42,5 cm<\/span><\/td>\n<td><span data-path-to-node=\"3,4,5,0\">53 cm<\/span><\/td>\n<td><span data-path-to-node=\"3,4,6,0\">10A<\/span><\/td>\n<\/tr>\n<tr>\n<td><span data-path-to-node=\"3,5,0,0\"><b data-path-to-node=\"3,5,0,0\" data-index-in-node=\"0\">60L<\/b><\/span><\/td>\n<td><span data-path-to-node=\"3,5,1,0\">2800W<\/span><\/td>\n<td><span data-path-to-node=\"3,5,2,0\">40cm<\/span><\/td>\n<td><span data-path-to-node=\"3,5,3,0\">48 cm<\/span><\/td>\n<td><span data-path-to-node=\"3,5,4,0\">42,5 cm<\/span><\/td>\n<td><span data-path-to-node=\"3,5,5,0\">58 cm<\/span><\/td>\n<td><span data-path-to-node=\"3,5,6,0\">10A<\/span><\/td>\n<\/tr>\n<\/tbody>\n<\/table>","protected":false},"featured_media":794,"comment_status":"closed","ping_status":"closed","template":"","meta":{"_acf_changed":false},"product_brand":[],"product_cat":[28],"product_tag":[25],"class_list":{"0":"post-792","1":"product","2":"type-product","3":"status-publish","4":"has-post-thumbnail","6":"product_cat-wholesale-commercial-water-boilers","7":"product_tag-restaurant","9":"first","10":"instock","11":"shipping-taxable","12":"product-type-simple"},"acf":[],"_links":{"self":[{"href":"https:\/\/www.lianmeithermos.com\/pt\/wp-json\/wp\/v2\/product\/792","targetHints":{"allow":["GET"]}}],"collection":[{"href":"https:\/\/www.lianmeithermos.com\/pt\/wp-json\/wp\/v2\/product"}],"about":[{"href":"https:\/\/www.lianmeithermos.com\/pt\/wp-json\/wp\/v2\/types\/product"}],"replies":[{"embeddable":true,"href":"https:\/\/www.lianmeithermos.com\/pt\/wp-json\/wp\/v2\/comments?post=792"}],"wp:featuredmedia":[{"embeddable":true,"href":"https:\/\/www.lianmeithermos.com\/pt\/wp-json\/wp\/v2\/media\/794"}],"wp:attachment":[{"href":"https:\/\/www.lianmeithermos.com\/pt\/wp-json\/wp\/v2\/media?parent=792"}],"wp:term":[{"taxonomy":"product_brand","embeddable":true,"href":"https:\/\/www.lianmeithermos.com\/pt\/wp-json\/wp\/v2\/product_brand?post=792"},{"taxonomy":"product_cat","embeddable":true,"href":"https:\/\/www.lianmeithermos.com\/pt\/wp-json\/wp\/v2\/product_cat?post=792"},{"taxonomy":"product_tag","embeddable":true,"href":"https:\/\/www.lianmeithermos.com\/pt\/wp-json\/wp\/v2\/product_tag?post=792"}],"curies":[{"name":"wp","href":"https:\/\/api.w.org\/{rel}","templated":true}]}}