{"id":795,"date":"2026-03-21T03:42:20","date_gmt":"2026-03-21T03:42:20","guid":{"rendered":"https:\/\/www.lianmeithermos.com\/?post_type=product&#038;p=795"},"modified":"2026-04-04T08:53:36","modified_gmt":"2026-04-04T08:53:36","slug":"wholesale-stainless-steel-gn-pan-with-lid","status":"publish","type":"product","link":"https:\/\/www.lianmeithermos.com\/pt\/produto\/wholesale-stainless-steel-gn-pan-with-lid\/","title":{"rendered":"Panela GN de a\u00e7o inoxid\u00e1vel por atacado com tampa"},"content":{"rendered":"<h2 class=\"wp-block-heading\">Carater\u00edsticas da panela GN de a\u00e7o inoxid\u00e1vel com tampa para venda por grosso<\/h2>\n\n\n\n<div class=\"wp-block-columns is-layout-flex wp-container-core-columns-is-layout-9d6595d7 wp-block-columns-is-layout-flex\">\n<div class=\"wp-block-column is-vertically-aligned-center is-layout-flow wp-block-column-is-layout-flow\">\n<div class=\"wp-block-columns is-layout-flex wp-container-core-columns-is-layout-9d6595d7 wp-block-columns-is-layout-flex\">\n<div class=\"wp-block-column is-vertically-aligned-top is-layout-flow wp-block-column-is-layout-flow\">\n<p><strong>Tamanho GN padr\u00e3o internacional:<\/strong> Fabricado com precis\u00e3o de acordo com as normas internacionais de tamanho GN (Gastronorm) para total compatibilidade com equipamento de cozinha comercial global e esta\u00e7\u00f5es de aquecimento de alimentos.<\/p>\n\n\n\n<p><strong>A\u00e7o inoxid\u00e1vel de qualidade alimentar:<\/strong> Fabricado em a\u00e7o inoxid\u00e1vel duradouro e de alta qualidade para um manuseamento n\u00e3o reativo e seguro dos alimentos, uma resist\u00eancia superior \u00e0 corros\u00e3o e uma utiliza\u00e7\u00e3o comercial duradoura.<\/p>\n\n\n\n<p><strong>Inclui tampa de encaixe seguro:<\/strong> Possui uma tampa de a\u00e7o inoxid\u00e1vel a condizer com uma pega integrada para proteger os alimentos da contamina\u00e7\u00e3o, reduzir a perda de temperatura e facilitar o transporte seguro e \u00e0 prova de derrames.<\/p>\n\n\n\n<p><strong>Cantos e arestas arredondados e lisos:<\/strong> Concebida com cantos perfeitamente arredondados para evitar a acumula\u00e7\u00e3o de alimentos, garantindo uma limpeza sem esfor\u00e7o e uma conformidade rigorosa com a seguran\u00e7a alimentar profissional.<\/p>\n\n\n\n<p><strong>Aninhamento anti-entalamento para arruma\u00e7\u00e3o:<\/strong> Tanto o tabuleiro como a tampa foram concebidos para um encaixe e empilhamento eficientes quando n\u00e3o est\u00e3o a ser utilizados, optimizando o valioso espa\u00e7o de armazenamento nas cozinhas profissionais.<\/p>\n<\/div>\n\n\n\n<div class=\"wp-block-column is-layout-flow wp-block-column-is-layout-flow\">\n<figure class=\"wp-block-image size-full\"><img decoding=\"async\" width=\"704\" height=\"704\" src=\"https:\/\/www.lianmeithermos.com\/wp-content\/uploads\/2026\/03\/Wholesale-Stainless-Steel-GN-Pan-with-Lid.webp\" alt=\"Panela GN de a\u00e7o inoxid\u00e1vel por atacado com tampa\" class=\"wp-image-799\" srcset=\"https:\/\/www.lianmeithermos.com\/wp-content\/uploads\/2026\/03\/Wholesale-Stainless-Steel-GN-Pan-with-Lid.webp 704w, https:\/\/www.lianmeithermos.com\/wp-content\/uploads\/2026\/03\/Wholesale-Stainless-Steel-GN-Pan-with-Lid-300x300.webp 300w, https:\/\/www.lianmeithermos.com\/wp-content\/uploads\/2026\/03\/Wholesale-Stainless-Steel-GN-Pan-with-Lid-150x150.webp 150w, https:\/\/www.lianmeithermos.com\/wp-content\/uploads\/2026\/03\/Wholesale-Stainless-Steel-GN-Pan-with-Lid-12x12.webp 12w, https:\/\/www.lianmeithermos.com\/wp-content\/uploads\/2026\/03\/Wholesale-Stainless-Steel-GN-Pan-with-Lid-600x600.webp 600w, https:\/\/www.lianmeithermos.com\/wp-content\/uploads\/2026\/03\/Wholesale-Stainless-Steel-GN-Pan-with-Lid-100x100.webp 100w\" sizes=\"(max-width: 704px) 100vw, 704px\" \/><\/figure>\n<\/div>\n<\/div>\n<\/div>\n<\/div>","protected":false},"excerpt":{"rendered":"<p data-start=\"452\" data-end=\"647\">A nossa panela de a\u00e7o inoxid\u00e1vel com tampa para armazenamento e servi\u00e7o comercial de alimentos. O tamanho normal GN assegura a compatibilidade com buffets, mesas de vapor e refrigera\u00e7\u00e3o, com uma tampa segura para um manuseamento e higiene seguros.<\/p>\n<h2 data-start=\"452\" data-end=\"647\">GN Pan &amp; Lid Specifications<\/h2>\n<table>\n<thead>\n<tr>\n<th>Type<\/th>\n<th>Tamanho<\/th>\n<th>Outer Size (cm)<\/th>\n<th>Thickness<\/th>\n<th>Depth (cm)<\/th>\n<\/tr>\n<\/thead>\n<tbody>\n<tr>\n<td>Pan<\/td>\n<td>1\/1 Pan<\/td>\n<td>53.0 \u00d7 32.5<\/td>\n<td>0.7<\/td>\n<td>20<\/td>\n<\/tr>\n<tr>\n<td>Pan<\/td>\n<td>1\/1 Pan<\/td>\n<td>53.0 \u00d7 32.5<\/td>\n<td>0.7<\/td>\n<td>15<\/td>\n<\/tr>\n<tr>\n<td>Pan<\/td>\n<td>1\/1 Pan<\/td>\n<td>53.0 \u00d7 32.5<\/td>\n<td>0.7<\/td>\n<td>10<\/td>\n<\/tr>\n<tr>\n<td>Pan<\/td>\n<td>1\/1 Pan<\/td>\n<td>53.0 \u00d7 32.5<\/td>\n<td>0.7<\/td>\n<td>6.5<\/td>\n<\/tr>\n<tr>\n<td>Pan<\/td>\n<td>1\/1 Pan<\/td>\n<td>53.0 \u00d7 32.5<\/td>\n<td>0.7B<\/td>\n<td>15<\/td>\n<\/tr>\n<tr>\n<td>Pan<\/td>\n<td>1\/1 Pan<\/td>\n<td>53.0 \u00d7 32.5<\/td>\n<td>0.7B<\/td>\n<td>10<\/td>\n<\/tr>\n<tr>\n<td>Pan<\/td>\n<td>1\/1 Pan<\/td>\n<td>53.0 \u00d7 32.5<\/td>\n<td>0.7B<\/td>\n<td>6.5<\/td>\n<\/tr>\n<tr>\n<td>Pan<\/td>\n<td>1\/2 Pan<\/td>\n<td>32.5 \u00d7 26.5<\/td>\n<td>0.7B<\/td>\n<td>15<\/td>\n<\/tr>\n<tr>\n<td>Pan<\/td>\n<td>1\/1 Pan<\/td>\n<td>53.0 \u00d7 32.5<\/td>\n<td>1.0<\/td>\n<td>15<\/td>\n<\/tr>\n<tr>\n<td>Pan<\/td>\n<td>1\/1 Pan<\/td>\n<td>53.0 \u00d7 32.5<\/td>\n<td>1.0<\/td>\n<td>10<\/td>\n<\/tr>\n<tr>\n<td>Pan<\/td>\n<td>1\/1 Pan<\/td>\n<td>53.0 \u00d7 32.5<\/td>\n<td>1.0<\/td>\n<td>6.5<\/td>\n<\/tr>\n<tr>\n<td>Pan<\/td>\n<td>1\/2 Pan<\/td>\n<td>32.5 \u00d7 26.5<\/td>\n<td>1.0<\/td>\n<td>15<\/td>\n<\/tr>\n<tr>\n<td>Lid<\/td>\n<td>1\/1 Lid<\/td>\n<td>\u2014<\/td>\n<td>07<\/td>\n<td>\u2014<\/td>\n<\/tr>\n<tr>\n<td>Lid<\/td>\n<td>1\/2 Lid<\/td>\n<td>\u2014<\/td>\n<td>07<\/td>\n<td>\u2014<\/td>\n<\/tr>\n<tr>\n<td>Lid<\/td>\n<td>1\/3 Lid<\/td>\n<td>\u2014<\/td>\n<td>07<\/td>\n<td>\u2014<\/td>\n<\/tr>\n<tr>\n<td>Lid<\/td>\n<td>1\/4 Lid<\/td>\n<td>\u2014<\/td>\n<td>07<\/td>\n<td>\u2014<\/td>\n<\/tr>\n<tr>\n<td>Lid<\/td>\n<td>1\/6 Lid<\/td>\n<td>\u2014<\/td>\n<td>05<\/td>\n<td>\u2014<\/td>\n<\/tr>\n<tr>\n<td>Lid<\/td>\n<td>1\/9 Lid<\/td>\n<td>\u2014<\/td>\n<td>05<\/td>\n<td>\u2014<\/td>\n<\/tr>\n<\/tbody>\n<\/table>","protected":false},"featured_media":799,"comment_status":"closed","ping_status":"closed","template":"","meta":{"_acf_changed":false},"product_brand":[],"product_cat":[27],"product_tag":[25],"class_list":{"0":"post-795","1":"product","2":"type-product","3":"status-publish","4":"has-post-thumbnail","6":"product_cat-wholesale-gastronorm-pans-trays","7":"product_tag-restaurant","9":"first","10":"instock","11":"shipping-taxable","12":"product-type-simple"},"acf":[],"_links":{"self":[{"href":"https:\/\/www.lianmeithermos.com\/pt\/wp-json\/wp\/v2\/product\/795","targetHints":{"allow":["GET"]}}],"collection":[{"href":"https:\/\/www.lianmeithermos.com\/pt\/wp-json\/wp\/v2\/product"}],"about":[{"href":"https:\/\/www.lianmeithermos.com\/pt\/wp-json\/wp\/v2\/types\/product"}],"replies":[{"embeddable":true,"href":"https:\/\/www.lianmeithermos.com\/pt\/wp-json\/wp\/v2\/comments?post=795"}],"wp:featuredmedia":[{"embeddable":true,"href":"https:\/\/www.lianmeithermos.com\/pt\/wp-json\/wp\/v2\/media\/799"}],"wp:attachment":[{"href":"https:\/\/www.lianmeithermos.com\/pt\/wp-json\/wp\/v2\/media?parent=795"}],"wp:term":[{"taxonomy":"product_brand","embeddable":true,"href":"https:\/\/www.lianmeithermos.com\/pt\/wp-json\/wp\/v2\/product_brand?post=795"},{"taxonomy":"product_cat","embeddable":true,"href":"https:\/\/www.lianmeithermos.com\/pt\/wp-json\/wp\/v2\/product_cat?post=795"},{"taxonomy":"product_tag","embeddable":true,"href":"https:\/\/www.lianmeithermos.com\/pt\/wp-json\/wp\/v2\/product_tag?post=795"}],"curies":[{"name":"wp","href":"https:\/\/api.w.org\/{rel}","templated":true}]}}