{"id":796,"date":"2026-03-21T03:42:21","date_gmt":"2026-03-21T03:42:21","guid":{"rendered":"https:\/\/www.lianmeithermos.com\/?post_type=product&#038;p=796"},"modified":"2026-03-21T08:23:44","modified_gmt":"2026-03-21T08:23:44","slug":"wholesale-stainless-steel-gastronorm-pan-for-catering","status":"publish","type":"product","link":"https:\/\/www.lianmeithermos.com\/pt\/produto\/wholesale-stainless-steel-gastronorm-pan-for-catering\/","title":{"rendered":"Panela Gastronorm de a\u00e7o inoxid\u00e1vel por atacado | Panela GN padr\u00e3o comercial para catering"},"content":{"rendered":"<h2 class=\"wp-block-heading\">Carater\u00edsticas da Panela Gastronorm de a\u00e7o inoxid\u00e1vel por atacado <\/h2>\n\n\n\n<div class=\"wp-block-columns is-layout-flex wp-container-core-columns-is-layout-9d6595d7 wp-block-columns-is-layout-flex\">\n<div class=\"wp-block-column is-vertically-aligned-center is-layout-flow wp-block-column-is-layout-flow\">\n<div class=\"wp-block-columns is-layout-flex wp-container-core-columns-is-layout-9d6595d7 wp-block-columns-is-layout-flex\">\n<div class=\"wp-block-column is-vertically-aligned-top is-layout-flow wp-block-column-is-layout-flow\">\n<p><strong>Tamanho GN padr\u00e3o internacional:<\/strong> Fabricado com precis\u00e3o de acordo com as normas internacionais de tamanho GN (Gastronorm) para total compatibilidade com equipamento de cozinha comercial global e esta\u00e7\u00f5es de aquecimento de alimentos.<\/p>\n\n\n\n<p><strong>A\u00e7o inoxid\u00e1vel de qualidade alimentar:<\/strong> Fabricado em a\u00e7o inoxid\u00e1vel duradouro e de alta qualidade para um manuseamento n\u00e3o reativo e seguro dos alimentos, uma resist\u00eancia superior \u00e0 corros\u00e3o e uma utiliza\u00e7\u00e3o comercial duradoura.<\/p>\n\n\n\n<p><strong>Design de encaixe anti-entalamento:<\/strong> Possui arestas refor\u00e7adas e um ombro anti-bloqueio para evitar que fiquem coladas quando empilhadas, permitindo um encaixe sem esfor\u00e7o e uma arruma\u00e7\u00e3o que poupa espa\u00e7o nas cozinhas profissionais.<\/p>\n\n\n\n<p><strong>Cantos lisos e arredondados:<\/strong> Concebidos com cantos perfeitamente arredondados para evitar a acumula\u00e7\u00e3o de alimentos, asseguram uma limpeza sem esfor\u00e7o e uma manuten\u00e7\u00e3o higi\u00e9nica para uma conformidade rigorosa com a seguran\u00e7a alimentar profissional.<\/p>\n\n\n\n<p><strong>Fornecimento a granel direto da f\u00e1brica:<\/strong> Como fabricante de confian\u00e7a, a Lianmei oferece pre\u00e7os grossistas competitivos e cadeias de fornecimento fi\u00e1veis, fornecendo uma gama completa de solu\u00e7\u00f5es fi\u00e1veis de recipientes para alimentos para distribuidores globais.<\/p>\n<\/div>\n\n\n\n<div class=\"wp-block-column is-layout-flow wp-block-column-is-layout-flow\">\n<figure class=\"wp-block-image alignwide size-full\"><img decoding=\"async\" width=\"1080\" height=\"1080\" src=\"https:\/\/www.lianmeithermos.com\/wp-content\/uploads\/2026\/03\/Wholesale-Stainless-Steel-Gastronorm-Pan2.webp\" alt=\"Panela gastron\u00f3mica de a\u00e7o inoxid\u00e1vel por atacado2\" class=\"wp-image-798\" srcset=\"https:\/\/www.lianmeithermos.com\/wp-content\/uploads\/2026\/03\/Wholesale-Stainless-Steel-Gastronorm-Pan2.webp 1080w, https:\/\/www.lianmeithermos.com\/wp-content\/uploads\/2026\/03\/Wholesale-Stainless-Steel-Gastronorm-Pan2-300x300.webp 300w, https:\/\/www.lianmeithermos.com\/wp-content\/uploads\/2026\/03\/Wholesale-Stainless-Steel-Gastronorm-Pan2-150x150.webp 150w, https:\/\/www.lianmeithermos.com\/wp-content\/uploads\/2026\/03\/Wholesale-Stainless-Steel-Gastronorm-Pan2-768x768.webp 768w, https:\/\/www.lianmeithermos.com\/wp-content\/uploads\/2026\/03\/Wholesale-Stainless-Steel-Gastronorm-Pan2-12x12.webp 12w, https:\/\/www.lianmeithermos.com\/wp-content\/uploads\/2026\/03\/Wholesale-Stainless-Steel-Gastronorm-Pan2-600x600.webp 600w, https:\/\/www.lianmeithermos.com\/wp-content\/uploads\/2026\/03\/Wholesale-Stainless-Steel-Gastronorm-Pan2-100x100.webp 100w\" sizes=\"(max-width: 1080px) 100vw, 1080px\" \/><\/figure>\n<\/div>\n<\/div>\n<\/div>\n<\/div>","protected":false},"excerpt":{"rendered":"<p data-start=\"452\" data-end=\"647\">As nossas panelas Gastronorm em a\u00e7o inoxid\u00e1vel para venda por grosso foram concebidas para armazenamento e servi\u00e7o comercial de alimentos. Fabricadas com tamanhos GN padr\u00e3o para compatibilidade universal, ideais para buffets, mesas de vapor e refrigera\u00e7\u00e3o.<\/p>\n<p>&nbsp;<\/p>","protected":false},"featured_media":798,"comment_status":"closed","ping_status":"closed","template":"","meta":{"_acf_changed":false},"product_brand":[],"product_cat":[27],"product_tag":[25],"class_list":{"0":"post-796","1":"product","2":"type-product","3":"status-publish","4":"has-post-thumbnail","6":"product_cat-wholesale-gastronorm-pans-trays","7":"product_tag-restaurant","9":"first","10":"instock","11":"shipping-taxable","12":"product-type-simple"},"acf":[],"_links":{"self":[{"href":"https:\/\/www.lianmeithermos.com\/pt\/wp-json\/wp\/v2\/product\/796","targetHints":{"allow":["GET"]}}],"collection":[{"href":"https:\/\/www.lianmeithermos.com\/pt\/wp-json\/wp\/v2\/product"}],"about":[{"href":"https:\/\/www.lianmeithermos.com\/pt\/wp-json\/wp\/v2\/types\/product"}],"replies":[{"embeddable":true,"href":"https:\/\/www.lianmeithermos.com\/pt\/wp-json\/wp\/v2\/comments?post=796"}],"wp:featuredmedia":[{"embeddable":true,"href":"https:\/\/www.lianmeithermos.com\/pt\/wp-json\/wp\/v2\/media\/798"}],"wp:attachment":[{"href":"https:\/\/www.lianmeithermos.com\/pt\/wp-json\/wp\/v2\/media?parent=796"}],"wp:term":[{"taxonomy":"product_brand","embeddable":true,"href":"https:\/\/www.lianmeithermos.com\/pt\/wp-json\/wp\/v2\/product_brand?post=796"},{"taxonomy":"product_cat","embeddable":true,"href":"https:\/\/www.lianmeithermos.com\/pt\/wp-json\/wp\/v2\/product_cat?post=796"},{"taxonomy":"product_tag","embeddable":true,"href":"https:\/\/www.lianmeithermos.com\/pt\/wp-json\/wp\/v2\/product_tag?post=796"}],"curies":[{"name":"wp","href":"https:\/\/api.w.org\/{rel}","templated":true}]}}