{"id":800,"date":"2026-03-21T06:39:48","date_gmt":"2026-03-21T06:39:48","guid":{"rendered":"https:\/\/www.lianmeithermos.com\/?post_type=product&#038;p=800"},"modified":"2026-03-21T08:30:25","modified_gmt":"2026-03-21T08:30:25","slug":"wholesale-stainless-steel-food-pans-deep-commercial-food-container","status":"publish","type":"product","link":"https:\/\/www.lianmeithermos.com\/pt\/produto\/wholesale-stainless-steel-food-pans-deep-commercial-food-container\/","title":{"rendered":"Recipientes para alimentos comerciais profundos para catering"},"content":{"rendered":"<h2 class=\"wp-block-heading\">Carater\u00edsticas das panelas de a\u00e7o inoxid\u00e1vel para alimentos por atacado<\/h2>\n\n\n\n<div class=\"wp-block-columns is-layout-flex wp-container-core-columns-is-layout-9d6595d7 wp-block-columns-is-layout-flex\">\n<div class=\"wp-block-column is-vertically-aligned-center is-layout-flow wp-block-column-is-layout-flow\">\n<div class=\"wp-block-columns is-layout-flex wp-container-core-columns-is-layout-9d6595d7 wp-block-columns-is-layout-flex\">\n<div class=\"wp-block-column is-vertically-aligned-top is-layout-flow wp-block-column-is-layout-flow\">\n<p><strong>1. Material resistente de qualidade alimentar<\/strong><br>Fabricado em a\u00e7o inoxid\u00e1vel de alta qualidade, garantindo seguran\u00e7a, durabilidade e resist\u00eancia \u00e0 ferrugem e \u00e0 corros\u00e3o em ambientes de cozinha exigentes.<\/p>\n\n\n\n<p><strong>2. Conce\u00e7\u00e3o em profundidade para uma capacidade m\u00e1xima<\/strong><br>A profundidade extra permite um armazenamento e prepara\u00e7\u00e3o eficientes de alimentos a granel, ideal para catering, cozinhas centrais e servi\u00e7os alimentares em grande escala.<\/p>\n\n\n\n<p><strong>3. Desempenho de n\u00edvel comercial<\/strong><br>Constru\u00eddo para suportar a utiliza\u00e7\u00e3o di\u00e1ria intensiva em restaurantes, hot\u00e9is e empresas de catering.<\/p>\n\n\n\n<p><strong>4. F\u00e1cil de limpar e manter<\/strong><br>A superf\u00edcie lisa e os cantos arredondados tornam a limpeza r\u00e1pida e higi\u00e9nica, reduzindo o tempo de trabalho.<\/p>\n\n\n\n<p><strong>5. Venda por atacado e personaliza\u00e7\u00e3o dispon\u00edveis<\/strong><br>Fornecimento flex\u00edvel a granel com op\u00e7\u00f5es de tamanho, espessura e acabamento para satisfazer as diferentes necessidades do mercado e da marca.<\/p>\n<\/div>\n\n\n\n<div class=\"wp-block-column is-layout-flow wp-block-column-is-layout-flow\">\n<figure class=\"wp-block-image size-full\"><img decoding=\"async\" width=\"1280\" height=\"1280\" src=\"https:\/\/www.lianmeithermos.com\/wp-content\/uploads\/2026\/03\/Wholesale-Stainless-Steel-Food-Pans.webp\" alt=\"Panelas de a\u00e7o inoxid\u00e1vel para alimentos por atacado\" class=\"wp-image-801\" srcset=\"https:\/\/www.lianmeithermos.com\/wp-content\/uploads\/2026\/03\/Wholesale-Stainless-Steel-Food-Pans.webp 1280w, https:\/\/www.lianmeithermos.com\/wp-content\/uploads\/2026\/03\/Wholesale-Stainless-Steel-Food-Pans-300x300.webp 300w, https:\/\/www.lianmeithermos.com\/wp-content\/uploads\/2026\/03\/Wholesale-Stainless-Steel-Food-Pans-150x150.webp 150w, https:\/\/www.lianmeithermos.com\/wp-content\/uploads\/2026\/03\/Wholesale-Stainless-Steel-Food-Pans-768x768.webp 768w, https:\/\/www.lianmeithermos.com\/wp-content\/uploads\/2026\/03\/Wholesale-Stainless-Steel-Food-Pans-12x12.webp 12w, https:\/\/www.lianmeithermos.com\/wp-content\/uploads\/2026\/03\/Wholesale-Stainless-Steel-Food-Pans-1200x1200.webp 1200w, https:\/\/www.lianmeithermos.com\/wp-content\/uploads\/2026\/03\/Wholesale-Stainless-Steel-Food-Pans-600x600.webp 600w, https:\/\/www.lianmeithermos.com\/wp-content\/uploads\/2026\/03\/Wholesale-Stainless-Steel-Food-Pans-100x100.webp 100w\" sizes=\"(max-width: 1280px) 100vw, 1280px\" \/><\/figure>\n<\/div>\n<\/div>\n<\/div>\n<\/div>","protected":false},"excerpt":{"rendered":"<p data-start=\"452\" data-end=\"647\">As nossas panelas de a\u00e7o inoxid\u00e1vel para venda por grosso s\u00e3o concebidas para restaura\u00e7\u00e3o, armazenamento de alimentos e cozinhas comerciais. Fabricadas em a\u00e7o inoxid\u00e1vel dur\u00e1vel e de qualidade alimentar, oferecem resist\u00eancia \u00e0 corros\u00e3o, limpeza f\u00e1cil e desempenho fi\u00e1vel para restaurantes e opera\u00e7\u00f5es de servi\u00e7o alimentar.<\/p>\n<p>&nbsp;<\/p>","protected":false},"featured_media":801,"comment_status":"closed","ping_status":"closed","template":"","meta":{"_acf_changed":false},"product_brand":[],"product_cat":[27],"product_tag":[25],"class_list":{"0":"post-800","1":"product","2":"type-product","3":"status-publish","4":"has-post-thumbnail","6":"product_cat-wholesale-gastronorm-pans-trays","7":"product_tag-restaurant","9":"first","10":"instock","11":"shipping-taxable","12":"product-type-simple"},"acf":[],"_links":{"self":[{"href":"https:\/\/www.lianmeithermos.com\/pt\/wp-json\/wp\/v2\/product\/800","targetHints":{"allow":["GET"]}}],"collection":[{"href":"https:\/\/www.lianmeithermos.com\/pt\/wp-json\/wp\/v2\/product"}],"about":[{"href":"https:\/\/www.lianmeithermos.com\/pt\/wp-json\/wp\/v2\/types\/product"}],"replies":[{"embeddable":true,"href":"https:\/\/www.lianmeithermos.com\/pt\/wp-json\/wp\/v2\/comments?post=800"}],"wp:featuredmedia":[{"embeddable":true,"href":"https:\/\/www.lianmeithermos.com\/pt\/wp-json\/wp\/v2\/media\/801"}],"wp:attachment":[{"href":"https:\/\/www.lianmeithermos.com\/pt\/wp-json\/wp\/v2\/media?parent=800"}],"wp:term":[{"taxonomy":"product_brand","embeddable":true,"href":"https:\/\/www.lianmeithermos.com\/pt\/wp-json\/wp\/v2\/product_brand?post=800"},{"taxonomy":"product_cat","embeddable":true,"href":"https:\/\/www.lianmeithermos.com\/pt\/wp-json\/wp\/v2\/product_cat?post=800"},{"taxonomy":"product_tag","embeddable":true,"href":"https:\/\/www.lianmeithermos.com\/pt\/wp-json\/wp\/v2\/product_tag?post=800"}],"curies":[{"name":"wp","href":"https:\/\/api.w.org\/{rel}","templated":true}]}}