{"id":802,"date":"2026-03-21T07:22:23","date_gmt":"2026-03-21T07:22:23","guid":{"rendered":"https:\/\/www.lianmeithermos.com\/?post_type=product&#038;p=802"},"modified":"2026-03-21T08:28:46","modified_gmt":"2026-03-21T08:28:46","slug":"wholesale-stainless-steel-rectangle-tray-for-catering","status":"publish","type":"product","link":"https:\/\/www.lianmeithermos.com\/pt\/produto\/wholesale-stainless-steel-rectangle-tray-for-catering\/","title":{"rendered":"Tabuleiro retangular de a\u00e7o inoxid\u00e1vel por atacado para catering"},"content":{"rendered":"<h2 class=\"wp-block-heading\">Carater\u00edsticas do tabuleiro retangular em a\u00e7o inoxid\u00e1vel para venda por grosso<\/h2>\n\n\n\n<div class=\"wp-block-columns is-layout-flex wp-container-core-columns-is-layout-9d6595d7 wp-block-columns-is-layout-flex\">\n<div class=\"wp-block-column is-vertically-aligned-center is-layout-flow wp-block-column-is-layout-flow\">\n<div class=\"wp-block-columns is-layout-flex wp-container-core-columns-is-layout-9d6595d7 wp-block-columns-is-layout-flex\">\n<div class=\"wp-block-column is-vertically-aligned-top is-layout-flow wp-block-column-is-layout-flow\">\n<p><strong>Solu\u00e7\u00e3o de restaura\u00e7\u00e3o universal:<\/strong> O tabuleiro retangular padr\u00e3o ideal para servir aperitivos, expor alimentos, organizar o trabalho de prepara\u00e7\u00e3o e transportar ingredientes em cozinhas comerciais e esta\u00e7\u00f5es de buffet.<\/p>\n\n\n\n<p><strong>Constru\u00e7\u00e3o de qualidade alimentar de calibre pesado:<\/strong> Fabricado em a\u00e7o inoxid\u00e1vel de primeira qualidade para um manuseamento seguro e n\u00e3o reativo dos alimentos e uma durabilidade superior para suportar as exig\u00eancias de ambientes profissionais com muito movimento.<\/p>\n\n\n\n<p><strong>Jantes de seguran\u00e7a refor\u00e7adas:<\/strong> Concebidas com arestas e rebordos refor\u00e7ados e lisos para evitar deforma\u00e7\u00f5es, minimizar amolgadelas e garantir um manuseamento confort\u00e1vel e seguro durante um servi\u00e7o r\u00e1pido.<\/p>\n\n\n\n<p><strong>Design higi\u00e9nico e f\u00e1cil de limpar: <\/strong>Apresenta uma superf\u00edcie lisa e polida e cantos grandes e arredondados para eliminar a acumula\u00e7\u00e3o de alimentos, tornando a limpeza e a manuten\u00e7\u00e3o rigorosa da higiene profissional simples e eficiente.<\/p>\n<\/div>\n\n\n\n<div class=\"wp-block-column is-layout-flow wp-block-column-is-layout-flow\">\n<figure class=\"wp-block-image size-full\"><img decoding=\"async\" width=\"800\" height=\"800\" src=\"https:\/\/www.lianmeithermos.com\/wp-content\/uploads\/2026\/03\/Wholesale-Stainless-Steel-Rectangle-Tray.webp\" alt=\"Tabuleiro retangular de a\u00e7o inoxid\u00e1vel por atacado\" class=\"wp-image-803\" srcset=\"https:\/\/www.lianmeithermos.com\/wp-content\/uploads\/2026\/03\/Wholesale-Stainless-Steel-Rectangle-Tray.webp 800w, https:\/\/www.lianmeithermos.com\/wp-content\/uploads\/2026\/03\/Wholesale-Stainless-Steel-Rectangle-Tray-300x300.webp 300w, https:\/\/www.lianmeithermos.com\/wp-content\/uploads\/2026\/03\/Wholesale-Stainless-Steel-Rectangle-Tray-150x150.webp 150w, https:\/\/www.lianmeithermos.com\/wp-content\/uploads\/2026\/03\/Wholesale-Stainless-Steel-Rectangle-Tray-768x768.webp 768w, https:\/\/www.lianmeithermos.com\/wp-content\/uploads\/2026\/03\/Wholesale-Stainless-Steel-Rectangle-Tray-12x12.webp 12w, https:\/\/www.lianmeithermos.com\/wp-content\/uploads\/2026\/03\/Wholesale-Stainless-Steel-Rectangle-Tray-600x600.webp 600w, https:\/\/www.lianmeithermos.com\/wp-content\/uploads\/2026\/03\/Wholesale-Stainless-Steel-Rectangle-Tray-100x100.webp 100w\" sizes=\"(max-width: 800px) 100vw, 800px\" \/><\/figure>\n<\/div>\n<\/div>\n<\/div>\n<\/div>","protected":false},"excerpt":{"rendered":"<p data-start=\"452\" data-end=\"647\">O nosso tabuleiro retangular em a\u00e7o inoxid\u00e1vel para catering foi concebido para servi\u00e7o de buffet, exposi\u00e7\u00e3o de alimentos e utiliza\u00e7\u00e3o na cozinha. Fabricado em a\u00e7o inoxid\u00e1vel de qualidade alimentar para servi\u00e7os pesados, resiste \u00e0 corros\u00e3o e ao desgaste di\u00e1rio. Fornecimento a granel dispon\u00edvel com pre\u00e7os de f\u00e1brica fi\u00e1veis.<\/p>\n<p>&nbsp;<\/p>","protected":false},"featured_media":803,"comment_status":"closed","ping_status":"closed","template":"","meta":{"_acf_changed":false},"product_brand":[],"product_cat":[27],"product_tag":[25],"class_list":{"0":"post-802","1":"product","2":"type-product","3":"status-publish","4":"has-post-thumbnail","6":"product_cat-wholesale-gastronorm-pans-trays","7":"product_tag-restaurant","9":"first","10":"instock","11":"shipping-taxable","12":"product-type-simple"},"acf":[],"_links":{"self":[{"href":"https:\/\/www.lianmeithermos.com\/pt\/wp-json\/wp\/v2\/product\/802","targetHints":{"allow":["GET"]}}],"collection":[{"href":"https:\/\/www.lianmeithermos.com\/pt\/wp-json\/wp\/v2\/product"}],"about":[{"href":"https:\/\/www.lianmeithermos.com\/pt\/wp-json\/wp\/v2\/types\/product"}],"replies":[{"embeddable":true,"href":"https:\/\/www.lianmeithermos.com\/pt\/wp-json\/wp\/v2\/comments?post=802"}],"wp:featuredmedia":[{"embeddable":true,"href":"https:\/\/www.lianmeithermos.com\/pt\/wp-json\/wp\/v2\/media\/803"}],"wp:attachment":[{"href":"https:\/\/www.lianmeithermos.com\/pt\/wp-json\/wp\/v2\/media?parent=802"}],"wp:term":[{"taxonomy":"product_brand","embeddable":true,"href":"https:\/\/www.lianmeithermos.com\/pt\/wp-json\/wp\/v2\/product_brand?post=802"},{"taxonomy":"product_cat","embeddable":true,"href":"https:\/\/www.lianmeithermos.com\/pt\/wp-json\/wp\/v2\/product_cat?post=802"},{"taxonomy":"product_tag","embeddable":true,"href":"https:\/\/www.lianmeithermos.com\/pt\/wp-json\/wp\/v2\/product_tag?post=802"}],"curies":[{"name":"wp","href":"https:\/\/api.w.org\/{rel}","templated":true}]}}