{"id":820,"date":"2026-04-02T08:12:17","date_gmt":"2026-04-02T08:12:17","guid":{"rendered":"https:\/\/www.lianmeithermos.com\/?post_type=product&#038;p=820"},"modified":"2026-04-03T03:18:18","modified_gmt":"2026-04-03T03:18:18","slug":"wholesale-large-stainless-steel-stockpot-for-catering","status":"publish","type":"product","link":"https:\/\/www.lianmeithermos.com\/pt\/produto\/wholesale-large-stainless-steel-stockpot-for-catering\/","title":{"rendered":"Panela grande de a\u00e7o inoxid\u00e1vel para catering"},"content":{"rendered":"<h2 class=\"wp-block-heading\">Carater\u00edsticas da panela grande de a\u00e7o inoxid\u00e1vel Wholesale<\/h2>\n\n\n\n<div class=\"wp-block-columns is-layout-flex wp-container-core-columns-is-layout-9d6595d7 wp-block-columns-is-layout-flex\">\n<div class=\"wp-block-column is-vertically-aligned-center is-layout-flow wp-block-column-is-layout-flow\">\n<div class=\"wp-block-columns is-layout-flex wp-container-core-columns-is-layout-9d6595d7 wp-block-columns-is-layout-flex\">\n<div class=\"wp-block-column is-vertically-aligned-top is-layout-flow wp-block-column-is-layout-flow\">\n<p><strong>A\u00e7o espessado para trabalhos pesados:<\/strong> Constru\u00eddo com a\u00e7o inoxid\u00e1vel refor\u00e7ado para m\u00e1xima durabilidade e resist\u00eancia \u00e0 deforma\u00e7\u00e3o por calor elevado.<\/p>\n\n\n\n<p><strong>Aquecimento r\u00e1pido e uniforme:<\/strong> Possui uma base de alta efici\u00eancia para <strong>r\u00e1pida condu\u00e7\u00e3o de calor<\/strong>, poupando tempo e energia durante as horas de ponta.<\/p>\n\n\n\n<p><strong>Capacidade extra grande:<\/strong> Ideal para a prepara\u00e7\u00e3o de alimentos em grande escala, incluindo <strong>sopas, papas, guisados e carnes estufadas<\/strong>.<\/p>\n\n\n\n<p><strong>Durabilidade de n\u00edvel comercial:<\/strong> \u00c0 prova de ferrugem e resistente \u00e0 corros\u00e3o, concebida para suportar os rigores da restaura\u00e7\u00e3o profissional.<\/p>\n\n\n\n<p><strong>Vers\u00e1til e f\u00e1cil de limpar:<\/strong> Compat\u00edvel com v\u00e1rias fontes de calor; o acabamento interior liso garante <strong>limpeza e higiene sem esfor\u00e7o<\/strong>.<\/p>\n<\/div>\n\n\n\n<div class=\"wp-block-column is-layout-flow wp-block-column-is-layout-flow\">\n<figure class=\"wp-block-image size-full\"><img decoding=\"async\" width=\"720\" height=\"720\" src=\"https:\/\/www.lianmeithermos.com\/wp-content\/uploads\/2026\/04\/Wholesale-Large-Stainless-Steel-Stockpot1.webp\" alt=\"Panela grande de a\u00e7o inoxid\u00e1vel por atacado1\" class=\"wp-image-827\" srcset=\"https:\/\/www.lianmeithermos.com\/wp-content\/uploads\/2026\/04\/Wholesale-Large-Stainless-Steel-Stockpot1.webp 720w, https:\/\/www.lianmeithermos.com\/wp-content\/uploads\/2026\/04\/Wholesale-Large-Stainless-Steel-Stockpot1-300x300.webp 300w, https:\/\/www.lianmeithermos.com\/wp-content\/uploads\/2026\/04\/Wholesale-Large-Stainless-Steel-Stockpot1-150x150.webp 150w, https:\/\/www.lianmeithermos.com\/wp-content\/uploads\/2026\/04\/Wholesale-Large-Stainless-Steel-Stockpot1-12x12.webp 12w, https:\/\/www.lianmeithermos.com\/wp-content\/uploads\/2026\/04\/Wholesale-Large-Stainless-Steel-Stockpot1-600x600.webp 600w, https:\/\/www.lianmeithermos.com\/wp-content\/uploads\/2026\/04\/Wholesale-Large-Stainless-Steel-Stockpot1-100x100.webp 100w\" sizes=\"(max-width: 720px) 100vw, 720px\" \/><\/figure>\n<\/div>\n<\/div>\n<\/div>\n<\/div>","protected":false},"excerpt":{"rendered":"<p data-start=\"452\" data-end=\"647\">Panela grande de a\u00e7o inoxid\u00e1vel para venda por grosso, concebida para cozinhar em grande volume. Fabricada em a\u00e7o inoxid\u00e1vel espesso e resistente, esta panela duradoura garante uma r\u00e1pida condu\u00e7\u00e3o do calor e um desempenho duradouro.<\/p>\n<h2>Especifica\u00e7\u00f5es da Panela grande de a\u00e7o inoxid\u00e1vel por atacado<\/h2>\n<table data-path-to-node=\"1\">\n<thead>\n<tr>\n<td><strong>Estilo e tipo de pega<\/strong><\/td>\n<td><strong>Dimens\u00f5es (Di\u00e2metro * Altura cm)<\/strong><\/td>\n<td><strong>Material\uff08<span data-path-to-node=\"1,1,2,0\">A\u00e7o inoxid\u00e1vel\uff09<\/span><\/strong><\/td>\n<\/tr>\n<\/thead>\n<tbody>\n<tr>\n<td><span data-path-to-node=\"1,1,0,0\"><b data-path-to-node=\"1,1,0,0\" data-index-in-node=\"0\">S\u00e9rie de pegas de cinta standard<\/b><\/span><\/td>\n<td><span data-path-to-node=\"1,1,1,0\"><span data-path-to-node=\"1,1,1,0\" data-index-in-node=\"2\">25*25, 30*30, 35*35, 40*40, 45*45, 50*50<\/span><\/span><\/td>\n<td><span data-path-to-node=\"1,1,2,0\">201\u00a0<\/span><\/td>\n<\/tr>\n<tr>\n<td><span data-path-to-node=\"1,2,0,0\"><b data-path-to-node=\"1,2,0,0\" data-index-in-node=\"0\">S\u00e9rie A - Pega rebitada<\/b><\/span><\/td>\n<td>30*30, 35*35, 40*40, 45*45, 50*50, 60*60<\/td>\n<td><span data-path-to-node=\"1,2,2,0\">201\u00a0<\/span><\/td>\n<\/tr>\n<tr>\n<td><span data-path-to-node=\"1,3,0,0\"><b data-path-to-node=\"1,3,0,0\" data-index-in-node=\"0\">S\u00e9rie B - Pega rebitada<\/b><\/span><\/td>\n<td>30*30, 35*35, 40*40, 45*45, 50*50<\/td>\n<td><span data-path-to-node=\"1,3,2,0\">201\u00a0<\/span><\/td>\n<\/tr>\n<tr>\n<td><span data-path-to-node=\"1,4,0,0\"><b data-path-to-node=\"1,4,0,0\" data-index-in-node=\"0\">Modelos Deep &amp; Tall<\/b><\/span><\/td>\n<td>25*40,30*40,30*50,30*60,35*50,35*60,<br \/>40*50,40*60,45*60,50*60,60*70,60*80<\/td>\n<td>201<\/td>\n<\/tr>\n<tr>\n<td><span data-path-to-node=\"1,5,0,0\"><b data-path-to-node=\"1,5,0,0\" data-index-in-node=\"0\">Modelos rasos e largos<\/b><\/span><\/td>\n<td>30*20,35*22,40*24,45*26,50*28<\/td>\n<td><span data-path-to-node=\"1,5,2,0\">201\u00a0<\/span><\/td>\n<\/tr>\n<\/tbody>\n<\/table>","protected":false},"featured_media":828,"comment_status":"closed","ping_status":"closed","template":"","meta":{"_acf_changed":false},"product_brand":[],"product_cat":[17],"product_tag":[25],"class_list":{"0":"post-820","1":"product","2":"type-product","3":"status-publish","4":"has-post-thumbnail","6":"product_cat-wholesale-stainless-steel-insulated-barrels","7":"product_tag-restaurant","9":"first","10":"instock","11":"shipping-taxable","12":"product-type-simple"},"acf":[],"_links":{"self":[{"href":"https:\/\/www.lianmeithermos.com\/pt\/wp-json\/wp\/v2\/product\/820","targetHints":{"allow":["GET"]}}],"collection":[{"href":"https:\/\/www.lianmeithermos.com\/pt\/wp-json\/wp\/v2\/product"}],"about":[{"href":"https:\/\/www.lianmeithermos.com\/pt\/wp-json\/wp\/v2\/types\/product"}],"replies":[{"embeddable":true,"href":"https:\/\/www.lianmeithermos.com\/pt\/wp-json\/wp\/v2\/comments?post=820"}],"wp:featuredmedia":[{"embeddable":true,"href":"https:\/\/www.lianmeithermos.com\/pt\/wp-json\/wp\/v2\/media\/828"}],"wp:attachment":[{"href":"https:\/\/www.lianmeithermos.com\/pt\/wp-json\/wp\/v2\/media?parent=820"}],"wp:term":[{"taxonomy":"product_brand","embeddable":true,"href":"https:\/\/www.lianmeithermos.com\/pt\/wp-json\/wp\/v2\/product_brand?post=820"},{"taxonomy":"product_cat","embeddable":true,"href":"https:\/\/www.lianmeithermos.com\/pt\/wp-json\/wp\/v2\/product_cat?post=820"},{"taxonomy":"product_tag","embeddable":true,"href":"https:\/\/www.lianmeithermos.com\/pt\/wp-json\/wp\/v2\/product_tag?post=820"}],"curies":[{"name":"wp","href":"https:\/\/api.w.org\/{rel}","templated":true}]}}