{"id":829,"date":"2026-04-03T03:24:59","date_gmt":"2026-04-03T03:24:59","guid":{"rendered":"https:\/\/www.lianmeithermos.com\/?post_type=product&#038;p=829"},"modified":"2026-04-03T06:26:44","modified_gmt":"2026-04-03T06:26:44","slug":"wholesale-large-airtight-stainless-steel-containers","status":"publish","type":"product","link":"https:\/\/www.lianmeithermos.com\/pt\/produto\/wholesale-large-airtight-stainless-steel-containers\/","title":{"rendered":"Recipientes grandes e herm\u00e9ticos de a\u00e7o inoxid\u00e1vel para arroz, \u00f3leo, farinha, etc."},"content":{"rendered":"<h2 class=\"wp-block-heading\">Carater\u00edsticas dos grandes recipientes herm\u00e9ticos de a\u00e7o inoxid\u00e1vel por atacado<\/h2>\n\n\n\n<div class=\"wp-block-columns is-layout-flex wp-container-core-columns-is-layout-9d6595d7 wp-block-columns-is-layout-flex\">\n<div class=\"wp-block-column is-vertically-aligned-center is-layout-flow wp-block-column-is-layout-flow\">\n<div class=\"wp-block-columns is-layout-flex wp-container-core-columns-is-layout-9d6595d7 wp-block-columns-is-layout-flex\">\n<div class=\"wp-block-column is-vertically-aligned-top is-layout-flow wp-block-column-is-layout-flow\">\n<p><strong>Veda\u00e7\u00e3o herm\u00e9tica superior:<\/strong> Equipado com um anel de veda\u00e7\u00e3o de n\u00edvel profissional e um mecanismo de bloqueio para garantir uma <strong>\u00e0 prova de fugas<\/strong> ambiente que mant\u00e9m a frescura e o sabor.<\/p>\n\n\n\n<p><strong>Prote\u00e7\u00e3o total:<\/strong> Avan\u00e7ado <strong>\u00e0 prova de humidade e de pragas<\/strong> protege os seus produtos secos, gr\u00e3os ou l\u00edquidos da contamina\u00e7\u00e3o ambiental.<\/p>\n\n\n\n<p><strong>Durabilidade para trabalhos pesados:<\/strong> Feito de <strong>a\u00e7o inoxid\u00e1vel espessado e de alta qualidade<\/strong> que \u00e9 \u00e0 prova de ferrugem e constru\u00eddo para suportar os rigores de uma utiliza\u00e7\u00e3o comercial de grande volume.<\/p>\n\n\n\n<p><strong>Arruma\u00e7\u00e3o polivalente:<\/strong> Um recipiente verdadeiramente universal - perfeito para <strong>armazenamento de arroz, \u00f3leo, farinha e l\u00edquidos a granel<\/strong> em locais de restaura\u00e7\u00e3o ou industriais.<\/p>\n\n\n\n<p><strong>Higi\u00e9nico e f\u00e1cil de limpar:<\/strong> O interior liso e polido garante <strong>limpeza sem esfor\u00e7o<\/strong> e evita a acumula\u00e7\u00e3o de res\u00edduos, cumprindo as rigorosas normas de seguran\u00e7a alimentar.<\/p>\n<\/div>\n\n\n\n<div class=\"wp-block-column is-layout-flow wp-block-column-is-layout-flow\">\n<figure class=\"wp-block-image size-full\"><img decoding=\"async\" width=\"800\" height=\"800\" src=\"https:\/\/www.lianmeithermos.com\/wp-content\/uploads\/2026\/04\/Wholesale-Large-Airtight-Stainless-Steel-Containers1.png\" alt=\"Recipientes grandes herm\u00e9ticos de a\u00e7o inoxid\u00e1vel por atacado1\" class=\"wp-image-830\" srcset=\"https:\/\/www.lianmeithermos.com\/wp-content\/uploads\/2026\/04\/Wholesale-Large-Airtight-Stainless-Steel-Containers1.png 800w, https:\/\/www.lianmeithermos.com\/wp-content\/uploads\/2026\/04\/Wholesale-Large-Airtight-Stainless-Steel-Containers1-300x300.png 300w, https:\/\/www.lianmeithermos.com\/wp-content\/uploads\/2026\/04\/Wholesale-Large-Airtight-Stainless-Steel-Containers1-150x150.png 150w, https:\/\/www.lianmeithermos.com\/wp-content\/uploads\/2026\/04\/Wholesale-Large-Airtight-Stainless-Steel-Containers1-768x768.png 768w, https:\/\/www.lianmeithermos.com\/wp-content\/uploads\/2026\/04\/Wholesale-Large-Airtight-Stainless-Steel-Containers1-12x12.png 12w, https:\/\/www.lianmeithermos.com\/wp-content\/uploads\/2026\/04\/Wholesale-Large-Airtight-Stainless-Steel-Containers1-600x600.png 600w, https:\/\/www.lianmeithermos.com\/wp-content\/uploads\/2026\/04\/Wholesale-Large-Airtight-Stainless-Steel-Containers1-100x100.png 100w\" sizes=\"(max-width: 800px) 100vw, 800px\" \/><\/figure>\n<\/div>\n<\/div>\n<\/div>\n<\/div>","protected":false},"excerpt":{"rendered":"<p data-pm-slice=\"1 1 []\">Grandes recipientes herm\u00e9ticos de a\u00e7o inoxid\u00e1vel por atacado direto da f\u00e1brica, dur\u00e1veis e f\u00e1ceis de guardar. Perfeitos para arroz, \u00f3leo, farinha e outros ingredientes a granel. Ideal para restaurantes, catering e uso dom\u00e9stico.<\/p>\n<h2>Especifica\u00e7\u00f5es dos grandes recipientes herm\u00e9ticos de a\u00e7o inoxid\u00e1vel por atacado<\/h2>\n<table style=\"border-collapse: collapse; width: 328.02pt;\" border=\"0\" width=\"328\" cellspacing=\"0\" cellpadding=\"0\">\n<tbody>\n<tr style=\"height: 55.00pt;\">\n<td class=\"et2\" style=\"height: 55.00pt; width: 79.10pt;\" width=\"79\" height=\"55\">Capacidade (litros)<\/td>\n<td class=\"et2\" style=\"width: 130.00pt;\" width=\"130\">Material\uff08A\u00e7o inoxid\u00e1vel\uff09<\/td>\n<td class=\"et2\" style=\"width: 119.15pt;\" width=\"119\">Dimens\u00f5es (LWH cm)<\/td>\n<\/tr>\n<tr style=\"height: 16.80pt;\">\n<td class=\"et3\" style=\"height: 16.80pt;\" height=\"16\">20L<\/td>\n<td class=\"et3\">304<\/td>\n<td class=\"et3\">25*25*35<\/td>\n<\/tr>\n<tr style=\"height: 16.80pt;\">\n<td class=\"et3\" style=\"height: 16.80pt;\" height=\"16\">33L<\/td>\n<td class=\"et3\">304<\/td>\n<td class=\"et3\">30*30*40<\/td>\n<\/tr>\n<tr style=\"height: 16.80pt;\">\n<td class=\"et3\" style=\"height: 16.80pt;\" height=\"16\">50L<\/td>\n<td class=\"et3\">304<\/td>\n<td class=\"et3\">35*35*45<\/td>\n<\/tr>\n<tr style=\"height: 16.80pt;\">\n<td class=\"et3\" style=\"height: 16.80pt;\" height=\"16\">75L<\/td>\n<td class=\"et3\">304<\/td>\n<td class=\"et3\">40*40*50<\/td>\n<\/tr>\n<tr style=\"height: 16.80pt;\">\n<td class=\"et3\" style=\"height: 16.80pt;\" height=\"16\">20L<\/td>\n<td class=\"et3\">304<\/td>\n<td class=\"et3\">25*25*35<\/td>\n<\/tr>\n<tr style=\"height: 16.80pt;\">\n<td class=\"et3\" style=\"height: 16.80pt;\" height=\"16\">33L<\/td>\n<td class=\"et3\">304<\/td>\n<td class=\"et3\">30*30*40<\/td>\n<\/tr>\n<tr style=\"height: 16.80pt;\">\n<td class=\"et3\" style=\"height: 16.80pt;\" height=\"16\">50L<\/td>\n<td class=\"et3\">304<\/td>\n<td class=\"et3\">35*35*45<\/td>\n<\/tr>\n<tr style=\"height: 16.80pt;\">\n<td class=\"et3\" style=\"height: 16.80pt;\" height=\"16\">75L<\/td>\n<td class=\"et3\">304<\/td>\n<td class=\"et3\">40*40*50<\/td>\n<\/tr>\n<\/tbody>\n<\/table>","protected":false},"featured_media":830,"comment_status":"closed","ping_status":"closed","template":"","meta":{"_acf_changed":false},"product_brand":[],"product_cat":[17],"product_tag":[25],"class_list":{"0":"post-829","1":"product","2":"type-product","3":"status-publish","4":"has-post-thumbnail","6":"product_cat-wholesale-stainless-steel-insulated-barrels","7":"product_tag-restaurant","9":"first","10":"instock","11":"shipping-taxable","12":"product-type-simple"},"acf":[],"_links":{"self":[{"href":"https:\/\/www.lianmeithermos.com\/pt\/wp-json\/wp\/v2\/product\/829","targetHints":{"allow":["GET"]}}],"collection":[{"href":"https:\/\/www.lianmeithermos.com\/pt\/wp-json\/wp\/v2\/product"}],"about":[{"href":"https:\/\/www.lianmeithermos.com\/pt\/wp-json\/wp\/v2\/types\/product"}],"replies":[{"embeddable":true,"href":"https:\/\/www.lianmeithermos.com\/pt\/wp-json\/wp\/v2\/comments?post=829"}],"wp:featuredmedia":[{"embeddable":true,"href":"https:\/\/www.lianmeithermos.com\/pt\/wp-json\/wp\/v2\/media\/830"}],"wp:attachment":[{"href":"https:\/\/www.lianmeithermos.com\/pt\/wp-json\/wp\/v2\/media?parent=829"}],"wp:term":[{"taxonomy":"product_brand","embeddable":true,"href":"https:\/\/www.lianmeithermos.com\/pt\/wp-json\/wp\/v2\/product_brand?post=829"},{"taxonomy":"product_cat","embeddable":true,"href":"https:\/\/www.lianmeithermos.com\/pt\/wp-json\/wp\/v2\/product_cat?post=829"},{"taxonomy":"product_tag","embeddable":true,"href":"https:\/\/www.lianmeithermos.com\/pt\/wp-json\/wp\/v2\/product_tag?post=829"}],"curies":[{"name":"wp","href":"https:\/\/api.w.org\/{rel}","templated":true}]}}