{"id":831,"date":"2026-04-03T08:06:07","date_gmt":"2026-04-03T08:06:07","guid":{"rendered":"https:\/\/www.lianmeithermos.com\/?post_type=product&#038;p=831"},"modified":"2026-04-03T08:41:48","modified_gmt":"2026-04-03T08:41:48","slug":"wholesale-milk-tea-barrel-stainless-steel-milk-tea-bucket","status":"publish","type":"product","link":"https:\/\/www.lianmeithermos.com\/pt\/produto\/wholesale-milk-tea-barrel-stainless-steel-milk-tea-bucket\/","title":{"rendered":"Balde de ch\u00e1 de leite por atacado Barril de ch\u00e1 de leite em a\u00e7o inoxid\u00e1vel"},"content":{"rendered":"<h2 class=\"wp-block-heading\">Carater\u00edsticas do Barril de ch\u00e1 de leite por atacado<\/h2>\n\n\n\n<div class=\"wp-block-columns is-layout-flex wp-container-core-columns-is-layout-9d6595d7 wp-block-columns-is-layout-flex\">\n<div class=\"wp-block-column is-vertically-aligned-center is-layout-flow wp-block-column-is-layout-flow\">\n<div class=\"wp-block-columns is-layout-flex wp-container-core-columns-is-layout-9d6595d7 wp-block-columns-is-layout-flex\">\n<div class=\"wp-block-column is-vertically-aligned-top is-layout-flow wp-block-column-is-layout-flow\">\n<p><strong>Isolamento a quente e a frio<\/strong>Concebido para manter a temperatura da bebida, tanto para bebidas quentes como frias, garantindo um sabor e qualidade consistentes durante o servi\u00e7o. <br><strong>De qualidade alimentar e sem odor<\/strong>\uff1a Feito de a\u00e7o inoxid\u00e1vel de alta qualidade que \u00e9 seguro, n\u00e3o t\u00f3xico e resistente \u00e0 absor\u00e7\u00e3o de odores. <br><strong>Resistente \u00e0 corros\u00e3o e ferrugem\uff1a<\/strong> Constru\u00eddo em a\u00e7o inoxid\u00e1vel duradouro que resiste \u00e0 corros\u00e3o, a temperaturas elevadas e a uma utiliza\u00e7\u00e3o comercial prolongada sem enferrujar. <br><strong>Design c\u00f3modo da torneira<\/strong>\uff1a Equipado com uma torneira de f\u00e1cil utiliza\u00e7\u00e3o para uma distribui\u00e7\u00e3o suave e controlada, ideal para ambientes de servi\u00e7o de bebidas movimentados. <br><strong>F\u00e1cil de limpar e utiliza\u00e7\u00e3o vers\u00e1til<\/strong>\uff1a Estrutura simples para limpeza r\u00e1pida, adequada para lojas de ch\u00e1 de leite, vendedores ambulantes, uso dom\u00e9stico e empresas de catering.<\/p>\n<\/div>\n\n\n\n<div class=\"wp-block-column is-layout-flow wp-block-column-is-layout-flow\">\n<figure class=\"wp-block-image size-full\"><img decoding=\"async\" width=\"800\" height=\"800\" src=\"https:\/\/www.lianmeithermos.com\/wp-content\/uploads\/2026\/04\/Wholesale-Milk-Tea-Barrel.webp\" alt=\"Barril de ch\u00e1 de leite por atacado\" class=\"wp-image-832\" srcset=\"https:\/\/www.lianmeithermos.com\/wp-content\/uploads\/2026\/04\/Wholesale-Milk-Tea-Barrel.webp 800w, https:\/\/www.lianmeithermos.com\/wp-content\/uploads\/2026\/04\/Wholesale-Milk-Tea-Barrel-300x300.webp 300w, https:\/\/www.lianmeithermos.com\/wp-content\/uploads\/2026\/04\/Wholesale-Milk-Tea-Barrel-150x150.webp 150w, https:\/\/www.lianmeithermos.com\/wp-content\/uploads\/2026\/04\/Wholesale-Milk-Tea-Barrel-768x768.webp 768w, https:\/\/www.lianmeithermos.com\/wp-content\/uploads\/2026\/04\/Wholesale-Milk-Tea-Barrel-12x12.webp 12w, https:\/\/www.lianmeithermos.com\/wp-content\/uploads\/2026\/04\/Wholesale-Milk-Tea-Barrel-600x600.webp 600w, https:\/\/www.lianmeithermos.com\/wp-content\/uploads\/2026\/04\/Wholesale-Milk-Tea-Barrel-100x100.webp 100w\" sizes=\"(max-width: 800px) 100vw, 800px\" \/><\/figure>\n<\/div>\n<\/div>\n<\/div>\n<\/div>","protected":false},"excerpt":{"rendered":"<p data-start=\"452\" data-end=\"647\">O nosso barril de ch\u00e1 com leite por atacado oferece uma reten\u00e7\u00e3o de calor fi\u00e1vel, resist\u00eancia \u00e0 corros\u00e3o e limpeza f\u00e1cil. Equipado com uma torneira conveniente, \u00e9 perfeito para servir ch\u00e1 com leite, sumo e outras bebidas em ambientes comerciais movimentados.<\/p>\n<h2>Especifica\u00e7\u00f5es do Barril de ch\u00e1 de leite por atacado<\/h2>\n<table>\n<thead>\n<tr>\n<th>Capacidade<\/th>\n<th>Di\u00e2metro interior (cm)<\/th>\n<th>Di\u00e2metro exterior (cm)<\/th>\n<th>Altura interior (cm)<\/th>\n<th>Altura exterior (cm)<\/th>\n<\/tr>\n<\/thead>\n<tbody>\n<tr>\n<td>7L<\/td>\n<td>18<\/td>\n<td>24<\/td>\n<td>20<\/td>\n<td>25<\/td>\n<\/tr>\n<tr>\n<td>9L<\/td>\n<td>18<\/td>\n<td>24<\/td>\n<td>25<\/td>\n<td>30<\/td>\n<\/tr>\n<tr>\n<td>11L<\/td>\n<td>18<\/td>\n<td>24<\/td>\n<td>30<\/td>\n<td>35<\/td>\n<\/tr>\n<tr>\n<td>13L<\/td>\n<td>22.5<\/td>\n<td>29.5<\/td>\n<td>25<\/td>\n<td>34.5<\/td>\n<\/tr>\n<tr>\n<td>15L<\/td>\n<td>22.5<\/td>\n<td>29.5<\/td>\n<td>34<\/td>\n<td>41.5<\/td>\n<\/tr>\n<tr>\n<td>17L<\/td>\n<td>22.5<\/td>\n<td>29.5<\/td>\n<td>38<\/td>\n<td>46<\/td>\n<\/tr>\n<tr>\n<td>20L<\/td>\n<td>22.5<\/td>\n<td>29.5<\/td>\n<td>41<\/td>\n<td>50<\/td>\n<\/tr>\n<\/tbody>\n<\/table>","protected":false},"featured_media":832,"comment_status":"closed","ping_status":"closed","template":"","meta":{"_acf_changed":false},"product_brand":[],"product_cat":[18],"product_tag":[25],"class_list":{"0":"post-831","1":"product","2":"type-product","3":"status-publish","4":"has-post-thumbnail","6":"product_cat-wholesale-milk-tea-buckets","7":"product_tag-restaurant","9":"first","10":"instock","11":"shipping-taxable","12":"product-type-simple"},"acf":[],"_links":{"self":[{"href":"https:\/\/www.lianmeithermos.com\/pt\/wp-json\/wp\/v2\/product\/831","targetHints":{"allow":["GET"]}}],"collection":[{"href":"https:\/\/www.lianmeithermos.com\/pt\/wp-json\/wp\/v2\/product"}],"about":[{"href":"https:\/\/www.lianmeithermos.com\/pt\/wp-json\/wp\/v2\/types\/product"}],"replies":[{"embeddable":true,"href":"https:\/\/www.lianmeithermos.com\/pt\/wp-json\/wp\/v2\/comments?post=831"}],"wp:featuredmedia":[{"embeddable":true,"href":"https:\/\/www.lianmeithermos.com\/pt\/wp-json\/wp\/v2\/media\/832"}],"wp:attachment":[{"href":"https:\/\/www.lianmeithermos.com\/pt\/wp-json\/wp\/v2\/media?parent=831"}],"wp:term":[{"taxonomy":"product_brand","embeddable":true,"href":"https:\/\/www.lianmeithermos.com\/pt\/wp-json\/wp\/v2\/product_brand?post=831"},{"taxonomy":"product_cat","embeddable":true,"href":"https:\/\/www.lianmeithermos.com\/pt\/wp-json\/wp\/v2\/product_cat?post=831"},{"taxonomy":"product_tag","embeddable":true,"href":"https:\/\/www.lianmeithermos.com\/pt\/wp-json\/wp\/v2\/product_tag?post=831"}],"curies":[{"name":"wp","href":"https:\/\/api.w.org\/{rel}","templated":true}]}}