{"id":836,"date":"2026-04-05T00:18:36","date_gmt":"2026-04-05T00:18:36","guid":{"rendered":"https:\/\/www.lianmeithermos.com\/?post_type=product&#038;p=836"},"modified":"2026-04-05T00:24:27","modified_gmt":"2026-04-05T00:24:27","slug":"wholesale-stainless-steel-food-carrier","status":"publish","type":"product","link":"https:\/\/www.lianmeithermos.com\/pt\/produto\/wholesale-stainless-steel-food-carrier\/","title":{"rendered":"Porta-alimentos por atacado em a\u00e7o inoxid\u00e1vel com design empilh\u00e1vel de v\u00e1rias camadas"},"content":{"rendered":"<h2 class=\"wp-block-heading\">Carater\u00edsticas do transportador de alimentos de a\u00e7o inoxid\u00e1vel por atacado<\/h2>\n\n\n\n<div class=\"wp-block-columns is-layout-flex wp-container-core-columns-is-layout-9d6595d7 wp-block-columns-is-layout-flex\">\n<div class=\"wp-block-column is-vertically-aligned-center is-layout-flow wp-block-column-is-layout-flow\">\n<div class=\"wp-block-columns is-layout-flex wp-container-core-columns-is-layout-9d6595d7 wp-block-columns-is-layout-flex\">\n<div class=\"wp-block-column is-vertically-aligned-top is-layout-flow wp-block-column-is-layout-flow\">\n<p><strong>Design empilh\u00e1vel em v\u00e1rias camadas<\/strong><br>A inovadora estrutura em camadas permite que v\u00e1rios pratos sejam armazenados separadamente num \u00fanico suporte, tornando-o perfeito para a organiza\u00e7\u00e3o de refei\u00e7\u00f5es, transporte e controlo de por\u00e7\u00f5es em ambientes de servi\u00e7o alimentar movimentados.<\/p>\n\n\n\n<p><strong>Material em a\u00e7o inoxid\u00e1vel de qualidade alimentar<\/strong><br>Constru\u00eddo em a\u00e7o inoxid\u00e1vel de alta qualidade, de qualidade alimentar, dur\u00e1vel, resistente \u00e0 ferrugem, sem odores e seguro para contacto direto com os alimentos.<\/p>\n\n\n\n<p><strong>Veda\u00e7\u00e3o herm\u00e9tica e \u00e0 prova de fugas<\/strong><br>Equipado com clipes de fecho seguro e selos estanques para preservar a frescura, evitar derrames e proteger os alimentos durante o transporte.<\/p>\n\n\n\n<p><strong>Dur\u00e1vel e f\u00e1cil de limpar<\/strong><br>A constru\u00e7\u00e3o robusta garante um desempenho duradouro, enquanto a superf\u00edcie lisa em a\u00e7o inoxid\u00e1vel permite uma limpeza r\u00e1pida e higi\u00e9nica.<\/p>\n\n\n\n<p><strong>Ideal para uso grossista e comercial<\/strong><br>Perfeito para restaurantes, servi\u00e7os de catering, empresas de entrega de refei\u00e7\u00f5es e compradores a granel, com v\u00e1rios tamanhos e configura\u00e7\u00f5es dispon\u00edveis para diferentes necessidades.<\/p>\n\n\n\n<p><\/p>\n<\/div>\n\n\n\n<div class=\"wp-block-column is-layout-flow wp-block-column-is-layout-flow\">\n<figure class=\"wp-block-image size-full\"><img decoding=\"async\" width=\"800\" height=\"800\" src=\"https:\/\/www.lianmeithermos.com\/wp-content\/uploads\/2026\/04\/Wholesale-Stainless-Steel-Food-Carrier.png\" alt=\"Transportador de alimentos em a\u00e7o inoxid\u00e1vel por atacado\" class=\"wp-image-837\" srcset=\"https:\/\/www.lianmeithermos.com\/wp-content\/uploads\/2026\/04\/Wholesale-Stainless-Steel-Food-Carrier.png 800w, https:\/\/www.lianmeithermos.com\/wp-content\/uploads\/2026\/04\/Wholesale-Stainless-Steel-Food-Carrier-300x300.png 300w, https:\/\/www.lianmeithermos.com\/wp-content\/uploads\/2026\/04\/Wholesale-Stainless-Steel-Food-Carrier-150x150.png 150w, https:\/\/www.lianmeithermos.com\/wp-content\/uploads\/2026\/04\/Wholesale-Stainless-Steel-Food-Carrier-768x768.png 768w, https:\/\/www.lianmeithermos.com\/wp-content\/uploads\/2026\/04\/Wholesale-Stainless-Steel-Food-Carrier-12x12.png 12w, https:\/\/www.lianmeithermos.com\/wp-content\/uploads\/2026\/04\/Wholesale-Stainless-Steel-Food-Carrier-600x600.png 600w, https:\/\/www.lianmeithermos.com\/wp-content\/uploads\/2026\/04\/Wholesale-Stainless-Steel-Food-Carrier-100x100.png 100w\" sizes=\"(max-width: 800px) 100vw, 800px\" \/><\/figure>\n<\/div>\n<\/div>\n<\/div>\n<\/div>\n\n\n\n<p><\/p>","protected":false},"excerpt":{"rendered":"<p data-start=\"296\" data-end=\"592\">Porta-alimentos grossista em a\u00e7o inoxid\u00e1vel concebido com uma estrutura empilh\u00e1vel de v\u00e1rias camadas para uma separa\u00e7\u00e3o e transporte eficientes dos alimentos. Fabricado em a\u00e7o inoxid\u00e1vel de qualidade alimentar, possui uma veda\u00e7\u00e3o herm\u00e9tica para manter as refei\u00e7\u00f5es frescas, seguras e sem fugas - ideal para catering, entrega de alimentos e utiliza\u00e7\u00e3o comercial.<\/p>\n<h2>Especifica\u00e7\u00f5es do transportador de alimentos de a\u00e7o inoxid\u00e1vel por atacado\u00a0<\/h2>\n<table>\n<thead>\n<tr>\n<th>Capacidade<\/th>\n<th>Material<\/th>\n<th>Tamanho do produto<\/th>\n<\/tr>\n<\/thead>\n<tbody>\n<tr>\n<td>400ml<\/td>\n<td>A\u00e7o inoxid\u00e1vel 304 + PP<\/td>\n<td>10\u00d75cm<\/td>\n<\/tr>\n<tr>\n<td>600ml<\/td>\n<td>A\u00e7o inoxid\u00e1vel 304 + PP<\/td>\n<td>12\u00d76cm<\/td>\n<\/tr>\n<tr>\n<td>1100ml<\/td>\n<td>A\u00e7o inoxid\u00e1vel 304 + PP<\/td>\n<td>14\u00d77cm<\/td>\n<\/tr>\n<tr>\n<td>2200ml<\/td>\n<td>A\u00e7o inoxid\u00e1vel 304 + PP<\/td>\n<td>18\u00d79cm<\/td>\n<\/tr>\n<tr>\n<td>3500ml<\/td>\n<td>A\u00e7o inoxid\u00e1vel 304 + PP<\/td>\n<td>22\u00d711cm<\/td>\n<\/tr>\n<\/tbody>\n<\/table>\n<p>&nbsp;<\/p>","protected":false},"featured_media":837,"comment_status":"closed","ping_status":"closed","template":"","meta":{"_acf_changed":false},"product_brand":[],"product_cat":[20],"product_tag":[23],"class_list":{"0":"post-836","1":"product","2":"type-product","3":"status-publish","4":"has-post-thumbnail","6":"product_cat-wholesale-insulated-food-containers","7":"product_tag-family-kitchen","9":"first","10":"instock","11":"shipping-taxable","12":"product-type-simple"},"acf":[],"_links":{"self":[{"href":"https:\/\/www.lianmeithermos.com\/pt\/wp-json\/wp\/v2\/product\/836","targetHints":{"allow":["GET"]}}],"collection":[{"href":"https:\/\/www.lianmeithermos.com\/pt\/wp-json\/wp\/v2\/product"}],"about":[{"href":"https:\/\/www.lianmeithermos.com\/pt\/wp-json\/wp\/v2\/types\/product"}],"replies":[{"embeddable":true,"href":"https:\/\/www.lianmeithermos.com\/pt\/wp-json\/wp\/v2\/comments?post=836"}],"wp:featuredmedia":[{"embeddable":true,"href":"https:\/\/www.lianmeithermos.com\/pt\/wp-json\/wp\/v2\/media\/837"}],"wp:attachment":[{"href":"https:\/\/www.lianmeithermos.com\/pt\/wp-json\/wp\/v2\/media?parent=836"}],"wp:term":[{"taxonomy":"product_brand","embeddable":true,"href":"https:\/\/www.lianmeithermos.com\/pt\/wp-json\/wp\/v2\/product_brand?post=836"},{"taxonomy":"product_cat","embeddable":true,"href":"https:\/\/www.lianmeithermos.com\/pt\/wp-json\/wp\/v2\/product_cat?post=836"},{"taxonomy":"product_tag","embeddable":true,"href":"https:\/\/www.lianmeithermos.com\/pt\/wp-json\/wp\/v2\/product_tag?post=836"}],"curies":[{"name":"wp","href":"https:\/\/api.w.org\/{rel}","templated":true}]}}