{"id":839,"date":"2026-04-05T00:31:11","date_gmt":"2026-04-05T00:31:11","guid":{"rendered":"https:\/\/www.lianmeithermos.com\/?post_type=product&#038;p=839"},"modified":"2026-04-05T00:37:44","modified_gmt":"2026-04-05T00:37:44","slug":"wholesale-airtight-stainless-steel-food-storage-containers","status":"publish","type":"product","link":"https:\/\/www.lianmeithermos.com\/pt\/produto\/wholesale-airtight-stainless-steel-food-storage-containers\/","title":{"rendered":"Recipientes herm\u00e9ticos de a\u00e7o inoxid\u00e1vel para armazenamento de alimentos com forma retangular"},"content":{"rendered":"<h2 class=\"wp-block-heading\">Carater\u00edsticas dos recipientes herm\u00e9ticos de a\u00e7o inoxid\u00e1vel para armazenamento de alimentos por atacado<\/h2>\n\n\n\n<div class=\"wp-block-columns is-layout-flex wp-container-core-columns-is-layout-9d6595d7 wp-block-columns-is-layout-flex\">\n<div class=\"wp-block-column is-vertically-aligned-center is-layout-flow wp-block-column-is-layout-flow\">\n<div class=\"wp-block-columns is-layout-flex wp-container-core-columns-is-layout-9d6595d7 wp-block-columns-is-layout-flex\">\n<div class=\"wp-block-column is-vertically-aligned-top is-layout-flow wp-block-column-is-layout-flow\">\n<p><strong>Design multicamada empilh\u00e1vel<\/strong><br>As camadas empilh\u00e1veis permitem que diferentes alimentos sejam armazenados separadamente num \u00fanico recipiente, melhorando a organiza\u00e7\u00e3o e tornando o transporte mais conveniente para uso di\u00e1rio e comercial.<\/p>\n\n\n\n<p><strong>Material em a\u00e7o inoxid\u00e1vel de qualidade alimentar<\/strong><br>Fabricado em a\u00e7o inoxid\u00e1vel de alta qualidade que \u00e9 seguro, sem odores, resistente \u00e0 corros\u00e3o e constru\u00eddo para uma durabilidade a longo prazo.<\/p>\n\n\n\n<p><strong>Veda\u00e7\u00e3o herm\u00e9tica e \u00e0 prova de fugas<\/strong><br>Possui uma tampa hermeticamente fechada com clipes de fecho seguro para evitar fugas, manter a frescura e garantir a seguran\u00e7a na armazenagem e entrega de alimentos.<\/p>\n\n\n\n<p><strong>Dur\u00e1vel e f\u00e1cil de limpar<\/strong><br>A constru\u00e7\u00e3o em a\u00e7o inoxid\u00e1vel espesso aumenta a resist\u00eancia e a longevidade, enquanto a superf\u00edcie lisa permite uma limpeza f\u00e1cil e higi\u00e9nica.<\/p>\n\n\n\n<p><strong>Design retangular para efici\u00eancia de espa\u00e7o<\/strong><br>A forma retangular maximiza o espa\u00e7o de armazenamento, cabe perfeitamente em sacos, prateleiras e caixas de entrega e permite um empilhamento est\u00e1vel.<\/p>\n\n\n\n<p><\/p>\n<\/div>\n\n\n\n<div class=\"wp-block-column is-layout-flow wp-block-column-is-layout-flow\">\n<figure class=\"wp-block-image size-full\"><img decoding=\"async\" width=\"800\" height=\"800\" src=\"https:\/\/www.lianmeithermos.com\/wp-content\/uploads\/2026\/04\/Wholesale-Airtight-Stainless-Steel-Food-Storage-Containers.png\" alt=\"Recipientes herm\u00e9ticos de a\u00e7o inoxid\u00e1vel para armazenamento de alimentos por atacado\" class=\"wp-image-840\" srcset=\"https:\/\/www.lianmeithermos.com\/wp-content\/uploads\/2026\/04\/Wholesale-Airtight-Stainless-Steel-Food-Storage-Containers.png 800w, https:\/\/www.lianmeithermos.com\/wp-content\/uploads\/2026\/04\/Wholesale-Airtight-Stainless-Steel-Food-Storage-Containers-300x300.png 300w, https:\/\/www.lianmeithermos.com\/wp-content\/uploads\/2026\/04\/Wholesale-Airtight-Stainless-Steel-Food-Storage-Containers-150x150.png 150w, https:\/\/www.lianmeithermos.com\/wp-content\/uploads\/2026\/04\/Wholesale-Airtight-Stainless-Steel-Food-Storage-Containers-768x768.png 768w, https:\/\/www.lianmeithermos.com\/wp-content\/uploads\/2026\/04\/Wholesale-Airtight-Stainless-Steel-Food-Storage-Containers-12x12.png 12w, https:\/\/www.lianmeithermos.com\/wp-content\/uploads\/2026\/04\/Wholesale-Airtight-Stainless-Steel-Food-Storage-Containers-600x600.png 600w, https:\/\/www.lianmeithermos.com\/wp-content\/uploads\/2026\/04\/Wholesale-Airtight-Stainless-Steel-Food-Storage-Containers-100x100.png 100w\" sizes=\"(max-width: 800px) 100vw, 800px\" \/><\/figure>\n<\/div>\n<\/div>\n<\/div>\n<\/div>\n\n\n\n<p><\/p>","protected":false},"excerpt":{"rendered":"<p data-start=\"296\" data-end=\"592\">Recipientes herm\u00e9ticos de armazenamento de alimentos em a\u00e7o inoxid\u00e1vel para venda por grosso, concebidos numa estrutura retangular empilh\u00e1vel de v\u00e1rias camadas para uma organiza\u00e7\u00e3o e transporte eficientes dos alimentos. Fabricados em a\u00e7o inoxid\u00e1vel de qualidade alimentar com veda\u00e7\u00e3o segura, mant\u00eam os alimentos frescos, sem fugas e higi\u00e9nicos - ideais para prepara\u00e7\u00e3o de refei\u00e7\u00f5es, catering e cozinhas comerciais.<\/p>\n<h2>Especifica\u00e7\u00f5es de Recipientes herm\u00e9ticos de a\u00e7o inoxid\u00e1vel para armazenamento de alimentos por atacado<\/h2>\n<table>\n<thead>\n<tr>\n<th>Item No.<\/th>\n<th>Material<\/th>\n<th>Tamanho do produto<\/th>\n<\/tr>\n<\/thead>\n<tbody>\n<tr>\n<td>N.\u00ba 1<\/td>\n<td>A\u00e7o inoxid\u00e1vel 201<\/td>\n<td>13,6\u00d710,7\u00d75,3 cm<\/td>\n<\/tr>\n<tr>\n<td>N.\u00ba 2<\/td>\n<td>A\u00e7o inoxid\u00e1vel 201<\/td>\n<td>18,2\u00d713\u00d75,9 cm<\/td>\n<\/tr>\n<tr>\n<td>N.\u00ba 3<\/td>\n<td>A\u00e7o inoxid\u00e1vel 201<\/td>\n<td>22,8\u00d715,4\u00d76 cm<\/td>\n<\/tr>\n<tr>\n<td>N.\u00ba 4<\/td>\n<td>A\u00e7o inoxid\u00e1vel 201<\/td>\n<td>26\u00d718,5\u00d76,5 cm<\/td>\n<\/tr>\n<tr>\n<td>N.\u00ba 5<\/td>\n<td>A\u00e7o inoxid\u00e1vel 201<\/td>\n<td>30\u00d721,7\u00d77 cm<\/td>\n<\/tr>\n<\/tbody>\n<\/table>\n<table>\n<thead>\n<tr>\n<th>Item No.<\/th>\n<th>Material<\/th>\n<th>Tamanho do produto\uff08Grande)<\/th>\n<\/tr>\n<\/thead>\n<tbody>\n<tr>\n<td>N.\u00ba 1<\/td>\n<td>A\u00e7o inoxid\u00e1vel 201<\/td>\n<td>25\u00d717,5\u00d79 cm<\/td>\n<\/tr>\n<tr>\n<td>N.\u00ba 2<\/td>\n<td>A\u00e7o inoxid\u00e1vel 201<\/td>\n<td>32,5\u00d725\u00d711 cm<\/td>\n<\/tr>\n<tr>\n<td>N.\u00ba 3<\/td>\n<td>A\u00e7o inoxid\u00e1vel 201<\/td>\n<td>32,5\u00d722,5\u00d710 cm<\/td>\n<\/tr>\n<tr>\n<td>N.\u00ba 4<\/td>\n<td>A\u00e7o inoxid\u00e1vel 201<\/td>\n<td>33,5\u00d723\u00d711 cm<\/td>\n<\/tr>\n<tr>\n<td>N.\u00ba 5<\/td>\n<td>A\u00e7o inoxid\u00e1vel 201<\/td>\n<td>40\u00d728,5\u00d712 cm<\/td>\n<\/tr>\n<\/tbody>\n<\/table>\n<p>&nbsp;<\/p>","protected":false},"featured_media":840,"comment_status":"closed","ping_status":"closed","template":"","meta":{"_acf_changed":false},"product_brand":[],"product_cat":[20],"product_tag":[23],"class_list":{"0":"post-839","1":"product","2":"type-product","3":"status-publish","4":"has-post-thumbnail","6":"product_cat-wholesale-insulated-food-containers","7":"product_tag-family-kitchen","9":"first","10":"instock","11":"shipping-taxable","12":"product-type-simple"},"acf":[],"_links":{"self":[{"href":"https:\/\/www.lianmeithermos.com\/pt\/wp-json\/wp\/v2\/product\/839","targetHints":{"allow":["GET"]}}],"collection":[{"href":"https:\/\/www.lianmeithermos.com\/pt\/wp-json\/wp\/v2\/product"}],"about":[{"href":"https:\/\/www.lianmeithermos.com\/pt\/wp-json\/wp\/v2\/types\/product"}],"replies":[{"embeddable":true,"href":"https:\/\/www.lianmeithermos.com\/pt\/wp-json\/wp\/v2\/comments?post=839"}],"wp:featuredmedia":[{"embeddable":true,"href":"https:\/\/www.lianmeithermos.com\/pt\/wp-json\/wp\/v2\/media\/840"}],"wp:attachment":[{"href":"https:\/\/www.lianmeithermos.com\/pt\/wp-json\/wp\/v2\/media?parent=839"}],"wp:term":[{"taxonomy":"product_brand","embeddable":true,"href":"https:\/\/www.lianmeithermos.com\/pt\/wp-json\/wp\/v2\/product_brand?post=839"},{"taxonomy":"product_cat","embeddable":true,"href":"https:\/\/www.lianmeithermos.com\/pt\/wp-json\/wp\/v2\/product_cat?post=839"},{"taxonomy":"product_tag","embeddable":true,"href":"https:\/\/www.lianmeithermos.com\/pt\/wp-json\/wp\/v2\/product_tag?post=839"}],"curies":[{"name":"wp","href":"https:\/\/api.w.org\/{rel}","templated":true}]}}