{"id":841,"date":"2026-04-05T00:43:36","date_gmt":"2026-04-05T00:43:36","guid":{"rendered":"https:\/\/www.lianmeithermos.com\/?post_type=product&#038;p=841"},"modified":"2026-04-05T00:49:13","modified_gmt":"2026-04-05T00:49:13","slug":"stainless-steel-mixing-bowls-wholesale","status":"publish","type":"product","link":"https:\/\/www.lianmeithermos.com\/pt\/produto\/stainless-steel-mixing-bowls-wholesale\/","title":{"rendered":"Tigelas de mistura de a\u00e7o inoxid\u00e1vel por atacado dur\u00e1vel para uso na cozinha"},"content":{"rendered":"<h2 class=\"wp-block-heading\">Carater\u00edsticas das ta\u00e7as de mistura de a\u00e7o inoxid\u00e1vel por atacado<\/h2>\n\n\n\n<div class=\"wp-block-columns is-layout-flex wp-container-core-columns-is-layout-9d6595d7 wp-block-columns-is-layout-flex\">\n<div class=\"wp-block-column is-vertically-aligned-center is-layout-flow wp-block-column-is-layout-flow\">\n<div class=\"wp-block-columns is-layout-flex wp-container-core-columns-is-layout-9d6595d7 wp-block-columns-is-layout-flex\">\n<div class=\"wp-block-column is-vertically-aligned-top is-layout-flow wp-block-column-is-layout-flow\">\n<p><strong>Constru\u00e7\u00e3o espessa e duradoura<\/strong><br>Fabricado em a\u00e7o inoxid\u00e1vel de alta qualidade com um design espesso, garante uma durabilidade duradoura e resist\u00eancia a amolgadelas e ao desgaste di\u00e1rio.<\/p>\n\n\n\n<p><strong>Resistente \u00e0 ferrugem e f\u00e1cil de limpar<\/strong><br>A superf\u00edcie lisa em a\u00e7o inoxid\u00e1vel evita a ferrugem e as manchas, tornando a limpeza r\u00e1pida e sem esfor\u00e7o, mantendo a higiene.<\/p>\n\n\n\n<p><strong>Tamanhos pr\u00e1ticos para uso di\u00e1rio<\/strong><br>Dispon\u00edveis numa gama de tamanhos bem equilibrados, perfeitos para misturar, preparar, servir e armazenar v\u00e1rios ingredientes.<\/p>\n\n\n\n<p><strong>Design de encaixe que poupa espa\u00e7o<\/strong><br>As ta\u00e7as empilham-se ordenadamente umas dentro das outras, ajudando a manter as cozinhas arrumadas, organizadas e eficientes, tanto em casa como em estabelecimentos comerciais.<\/p>\n\n\n\n<p><strong>Ideal para cozinhas comerciais e grossistas<\/strong><br>Perfeito para compras a granel por restaurantes, padarias, servi\u00e7os de catering e empresas do sector alimentar que necessitem de utens\u00edlios de cozinha fi\u00e1veis e vers\u00e1teis.<\/p>\n<\/div>\n\n\n\n<div class=\"wp-block-column is-layout-flow wp-block-column-is-layout-flow\">\n<figure class=\"wp-block-image size-full\"><img decoding=\"async\" width=\"800\" height=\"800\" src=\"https:\/\/www.lianmeithermos.com\/wp-content\/uploads\/2026\/04\/Stainless-Steel-Mixing-Bowls-Wholesale.webp\" alt=\"Ta\u00e7as de mistura de a\u00e7o inoxid\u00e1vel por atacado\" class=\"wp-image-842\" srcset=\"https:\/\/www.lianmeithermos.com\/wp-content\/uploads\/2026\/04\/Stainless-Steel-Mixing-Bowls-Wholesale.webp 800w, https:\/\/www.lianmeithermos.com\/wp-content\/uploads\/2026\/04\/Stainless-Steel-Mixing-Bowls-Wholesale-300x300.webp 300w, https:\/\/www.lianmeithermos.com\/wp-content\/uploads\/2026\/04\/Stainless-Steel-Mixing-Bowls-Wholesale-150x150.webp 150w, https:\/\/www.lianmeithermos.com\/wp-content\/uploads\/2026\/04\/Stainless-Steel-Mixing-Bowls-Wholesale-768x768.webp 768w, https:\/\/www.lianmeithermos.com\/wp-content\/uploads\/2026\/04\/Stainless-Steel-Mixing-Bowls-Wholesale-12x12.webp 12w, https:\/\/www.lianmeithermos.com\/wp-content\/uploads\/2026\/04\/Stainless-Steel-Mixing-Bowls-Wholesale-600x600.webp 600w, https:\/\/www.lianmeithermos.com\/wp-content\/uploads\/2026\/04\/Stainless-Steel-Mixing-Bowls-Wholesale-100x100.webp 100w\" sizes=\"(max-width: 800px) 100vw, 800px\" \/><\/figure>\n<\/div>\n<\/div>\n<\/div>\n<\/div>\n\n\n\n<p><\/p>","protected":false},"excerpt":{"rendered":"<p data-start=\"296\" data-end=\"592\">Ta\u00e7as misturadoras em a\u00e7o inoxid\u00e1vel para venda por grosso, fabricadas em material espesso e dur\u00e1vel para um desempenho duradouro. Concebidas para uma limpeza f\u00e1cil e resist\u00eancia \u00e0 ferrugem, estas ta\u00e7as apresentam tamanhos pr\u00e1ticos e um design de encaixe para manter as cozinhas organizadas - ideais para preparar alimentos, cozer e utilizar para fins comerciais.<\/p>\n<h2>Especifica\u00e7\u00f5es de Tigelas de mistura de a\u00e7o inoxid\u00e1vel por atacado<\/h2>\n<table style=\"height: 297px;\" width=\"306\">\n<thead>\n<tr>\n<th>Tamanho<\/th>\n<th>Material<\/th>\n<\/tr>\n<\/thead>\n<tbody>\n<tr>\n<td>18CM<\/td>\n<td>A\u00e7o inoxid\u00e1vel<\/td>\n<\/tr>\n<tr>\n<td>20CM<\/td>\n<td>A\u00e7o inoxid\u00e1vel<\/td>\n<\/tr>\n<tr>\n<td>22CM<\/td>\n<td>A\u00e7o inoxid\u00e1vel<\/td>\n<\/tr>\n<tr>\n<td>24CM<\/td>\n<td>A\u00e7o inoxid\u00e1vel<\/td>\n<\/tr>\n<tr>\n<td>26CM<\/td>\n<td>A\u00e7o inoxid\u00e1vel<\/td>\n<\/tr>\n<tr>\n<td>28CM<\/td>\n<td>A\u00e7o inoxid\u00e1vel<\/td>\n<\/tr>\n<tr>\n<td>30CM<\/td>\n<td>A\u00e7o inoxid\u00e1vel<\/td>\n<\/tr>\n<tr>\n<td>32CM<\/td>\n<td>A\u00e7o inoxid\u00e1vel<\/td>\n<\/tr>\n<tr>\n<td>34CM<\/td>\n<td>A\u00e7o inoxid\u00e1vel<\/td>\n<\/tr>\n<\/tbody>\n<\/table>","protected":false},"featured_media":842,"comment_status":"closed","ping_status":"closed","template":"","meta":{"_acf_changed":false},"product_brand":[],"product_cat":[20],"product_tag":[23,25],"class_list":{"0":"post-841","1":"product","2":"type-product","3":"status-publish","4":"has-post-thumbnail","6":"product_cat-wholesale-insulated-food-containers","7":"product_tag-family-kitchen","8":"product_tag-restaurant","10":"first","11":"instock","12":"shipping-taxable","13":"product-type-simple"},"acf":[],"_links":{"self":[{"href":"https:\/\/www.lianmeithermos.com\/pt\/wp-json\/wp\/v2\/product\/841","targetHints":{"allow":["GET"]}}],"collection":[{"href":"https:\/\/www.lianmeithermos.com\/pt\/wp-json\/wp\/v2\/product"}],"about":[{"href":"https:\/\/www.lianmeithermos.com\/pt\/wp-json\/wp\/v2\/types\/product"}],"replies":[{"embeddable":true,"href":"https:\/\/www.lianmeithermos.com\/pt\/wp-json\/wp\/v2\/comments?post=841"}],"wp:featuredmedia":[{"embeddable":true,"href":"https:\/\/www.lianmeithermos.com\/pt\/wp-json\/wp\/v2\/media\/842"}],"wp:attachment":[{"href":"https:\/\/www.lianmeithermos.com\/pt\/wp-json\/wp\/v2\/media?parent=841"}],"wp:term":[{"taxonomy":"product_brand","embeddable":true,"href":"https:\/\/www.lianmeithermos.com\/pt\/wp-json\/wp\/v2\/product_brand?post=841"},{"taxonomy":"product_cat","embeddable":true,"href":"https:\/\/www.lianmeithermos.com\/pt\/wp-json\/wp\/v2\/product_cat?post=841"},{"taxonomy":"product_tag","embeddable":true,"href":"https:\/\/www.lianmeithermos.com\/pt\/wp-json\/wp\/v2\/product_tag?post=841"}],"curies":[{"name":"wp","href":"https:\/\/api.w.org\/{rel}","templated":true}]}}