{"id":843,"date":"2026-04-05T01:03:26","date_gmt":"2026-04-05T01:03:26","guid":{"rendered":"https:\/\/www.lianmeithermos.com\/?post_type=product&#038;p=843"},"modified":"2026-04-05T01:10:36","modified_gmt":"2026-04-05T01:10:36","slug":"wholesale-stainless-steel-rectangular-food-container","status":"publish","type":"product","link":"https:\/\/www.lianmeithermos.com\/pt\/produto\/wholesale-stainless-steel-rectangular-food-container\/","title":{"rendered":"Recipiente para alimentos retangular de a\u00e7o inoxid\u00e1vel por atacado com tampa herm\u00e9tica"},"content":{"rendered":"<h2 class=\"wp-block-heading\">Carater\u00edsticas do Recipiente para alimentos retangular de a\u00e7o inoxid\u00e1vel por atacado<\/h2>\n\n\n\n<div class=\"wp-block-columns is-layout-flex wp-container-core-columns-is-layout-9d6595d7 wp-block-columns-is-layout-flex\">\n<div class=\"wp-block-column is-vertically-aligned-center is-layout-flow wp-block-column-is-layout-flow\">\n<div class=\"wp-block-columns is-layout-flex wp-container-core-columns-is-layout-9d6595d7 wp-block-columns-is-layout-flex\">\n<div class=\"wp-block-column is-vertically-aligned-top is-layout-flow wp-block-column-is-layout-flow\">\n<p><strong>Acabamento met\u00e1lico refinado e textura premium<\/strong><br>Apresenta uma superf\u00edcie lisa e polida em a\u00e7o inoxid\u00e1vel com um brilho met\u00e1lico refinado, proporcionando um aspeto limpo e moderno, ao mesmo tempo que aumenta a durabilidade e a resist\u00eancia ao desgaste.<\/p>\n\n\n\n<p><strong>Material em a\u00e7o inoxid\u00e1vel de qualidade alimentar<\/strong><br>Fabricado em a\u00e7o inoxid\u00e1vel de alta qualidade, seguro para alimentos, n\u00e3o t\u00f3xico, sem odores, resistente \u00e0 corros\u00e3o e constru\u00eddo para uma utiliza\u00e7\u00e3o segura e a longo prazo.<\/p>\n\n\n\n<p><strong>Design empilh\u00e1vel em v\u00e1rias camadas<\/strong><br>A estrutura em camadas permite que v\u00e1rios pratos sejam armazenados separadamente num \u00fanico recipiente, tornando-o conveniente para uma arruma\u00e7\u00e3o organizada, prepara\u00e7\u00e3o de refei\u00e7\u00f5es e transporte.<\/p>\n\n\n\n<p><strong>Dur\u00e1vel e f\u00e1cil de manter<\/strong><br>A constru\u00e7\u00e3o espessa garante resist\u00eancia e uma longa vida \u00fatil, enquanto a superf\u00edcie lisa permite uma limpeza r\u00e1pida e sem esfor\u00e7o.<\/p>\n\n\n\n<p><strong>Forma retangular para uma arruma\u00e7\u00e3o eficiente<\/strong><br>Concebida numa pr\u00e1tica forma retangular que maximiza a utiliza\u00e7\u00e3o do espa\u00e7o, cabe perfeitamente em \u00e1reas de armazenamento e assegura um empilhamento est\u00e1vel.<\/p>\n<\/div>\n\n\n\n<div class=\"wp-block-column is-layout-flow wp-block-column-is-layout-flow\">\n<figure class=\"wp-block-image size-full\"><img decoding=\"async\" width=\"800\" height=\"800\" src=\"https:\/\/www.lianmeithermos.com\/wp-content\/uploads\/2026\/04\/Wholesale-Stainless-Steel-Rectangular-Food-Container-with-Airtight-Lid.png\" alt=\"Recipiente para alimentos retangular de a\u00e7o inoxid\u00e1vel por atacado com tampa herm\u00e9tica\" class=\"wp-image-844\" srcset=\"https:\/\/www.lianmeithermos.com\/wp-content\/uploads\/2026\/04\/Wholesale-Stainless-Steel-Rectangular-Food-Container-with-Airtight-Lid.png 800w, https:\/\/www.lianmeithermos.com\/wp-content\/uploads\/2026\/04\/Wholesale-Stainless-Steel-Rectangular-Food-Container-with-Airtight-Lid-300x300.png 300w, https:\/\/www.lianmeithermos.com\/wp-content\/uploads\/2026\/04\/Wholesale-Stainless-Steel-Rectangular-Food-Container-with-Airtight-Lid-150x150.png 150w, https:\/\/www.lianmeithermos.com\/wp-content\/uploads\/2026\/04\/Wholesale-Stainless-Steel-Rectangular-Food-Container-with-Airtight-Lid-768x768.png 768w, https:\/\/www.lianmeithermos.com\/wp-content\/uploads\/2026\/04\/Wholesale-Stainless-Steel-Rectangular-Food-Container-with-Airtight-Lid-12x12.png 12w, https:\/\/www.lianmeithermos.com\/wp-content\/uploads\/2026\/04\/Wholesale-Stainless-Steel-Rectangular-Food-Container-with-Airtight-Lid-600x600.png 600w, https:\/\/www.lianmeithermos.com\/wp-content\/uploads\/2026\/04\/Wholesale-Stainless-Steel-Rectangular-Food-Container-with-Airtight-Lid-100x100.png 100w\" sizes=\"(max-width: 800px) 100vw, 800px\" \/><\/figure>\n<\/div>\n<\/div>\n<\/div>\n<\/div>\n\n\n\n<p><\/p>","protected":false},"excerpt":{"rendered":"<p data-start=\"301\" data-end=\"619\">Recipiente para alimentos retangular em a\u00e7o inoxid\u00e1vel concebido com uma estrutura empilh\u00e1vel de v\u00e1rias camadas para armazenamento e transporte organizados de alimentos. Fabricado em a\u00e7o inoxid\u00e1vel de qualidade alimentar com um acabamento met\u00e1lico suave, oferece durabilidade, higiene e frescura duradoura - ideal para cozinhas, restaura\u00e7\u00e3o e utiliza\u00e7\u00e3o comercial.<\/p>\n<h2>Especifica\u00e7\u00f5es do Recipiente para alimentos retangular de a\u00e7o inoxid\u00e1vel por atacado<\/h2>\n<table data-path-to-node=\"1\">\n<thead>\n<tr>\n<td><strong>Modelo \/ Tipo<\/strong><\/td>\n<td><strong>Material<\/strong><\/td>\n<td><strong>Dimens\u00f5es (WLH cm)<\/strong><\/td>\n<td><strong>Capacidade<\/strong><\/td>\n<td><strong>Op\u00e7\u00f5es de tampa<\/strong><\/td>\n<\/tr>\n<\/thead>\n<tbody>\n<tr>\n<td><span data-path-to-node=\"1,1,0,0\"><b data-path-to-node=\"1,1,0,0\" data-index-in-node=\"0\">Caixa de temperos pequena<\/b><\/span><\/td>\n<td><span data-path-to-node=\"1,1,1,0\">A\u00e7o inoxid\u00e1vel 410<\/span><\/td>\n<td><span data-path-to-node=\"1,1,2,0\">13,5 * 10,5 * 4,8 (excluindo a tampa)<\/span><\/td>\n<td><span data-path-to-node=\"1,1,3,0\">400ml<\/span><\/td>\n<td><span data-path-to-node=\"1,1,4,0\">Tampa PP \/ Tampa SS<\/span><\/td>\n<\/tr>\n<tr>\n<td><span data-path-to-node=\"1,2,0,0\"><b data-path-to-node=\"1,2,0,0\" data-index-in-node=\"0\">Caixa de prepara\u00e7\u00e3o m\u00e9dia<\/b><\/span><\/td>\n<td><span data-path-to-node=\"1,2,1,0\">A\u00e7o inoxid\u00e1vel 410<\/span><\/td>\n<td><span data-path-to-node=\"1,2,2,0\">13 * 18 * 4,8 (excluindo a tampa)<\/span><\/td>\n<td><span data-path-to-node=\"1,2,3,0\">700ml<\/span><\/td>\n<td><span data-path-to-node=\"1,2,4,0\">Tampa PP \/ Tampa SS<\/span><\/td>\n<\/tr>\n<tr>\n<td><span data-path-to-node=\"1,3,0,0\"><b data-path-to-node=\"1,3,0,0\" data-index-in-node=\"0\">Caixa de arruma\u00e7\u00e3o grande<\/b><\/span><\/td>\n<td><span data-path-to-node=\"1,3,1,0\">A\u00e7o inoxid\u00e1vel 410<\/span><\/td>\n<td><span data-path-to-node=\"1,3,2,0\">15 * 22 * 4,8 (excluindo a tampa)<\/span><\/td>\n<td><span data-path-to-node=\"1,3,3,0\">1000ml<\/span><\/td>\n<td><span data-path-to-node=\"1,3,4,0\">Tampa PP<\/span><\/td>\n<\/tr>\n<tr>\n<td><span data-path-to-node=\"1,4,0,0\"><b data-path-to-node=\"1,4,0,0\" data-index-in-node=\"0\">Tabuleiro de utilidades - M<\/b><\/span><\/td>\n<td><span data-path-to-node=\"1,4,1,0\">A\u00e7o inoxid\u00e1vel 410<\/span><\/td>\n<td><span data-path-to-node=\"1,4,2,0\">25 * 20 * 4,8 (excluindo a tampa)<\/span><\/td>\n<td><span data-path-to-node=\"1,4,3,0\">1500ml<\/span><\/td>\n<td><span data-path-to-node=\"1,4,4,0\">Tampa PP<\/span><\/td>\n<\/tr>\n<tr>\n<td><span data-path-to-node=\"1,5,0,0\"><b data-path-to-node=\"1,5,0,0\" data-index-in-node=\"0\">Tabuleiro de utilidades - L<\/b><\/span><\/td>\n<td><span data-path-to-node=\"1,5,1,0\">A\u00e7o inoxid\u00e1vel 410<\/span><\/td>\n<td><span data-path-to-node=\"1,5,2,0\">30 * 25 * 5,2 (excluindo a tampa)<\/span><\/td>\n<td><span data-path-to-node=\"1,5,3,0\">2600ml<\/span><\/td>\n<td><span data-path-to-node=\"1,5,4,0\">Tampa PP<\/span><\/td>\n<\/tr>\n<tr>\n<td><span data-path-to-node=\"1,6,0,0\"><b data-path-to-node=\"1,6,0,0\" data-index-in-node=\"0\">Caixa pequena (com tampa SS)<\/b><\/span><\/td>\n<td><span data-path-to-node=\"1,6,1,0\">A\u00e7o inoxid\u00e1vel 410<\/span><\/td>\n<td><span data-path-to-node=\"1,6,2,0\">14 * 11 * 1 (Incl. Tampa)<\/span><\/td>\n<td><span data-path-to-node=\"1,6,3,0\">400ml<\/span><\/td>\n<td><span data-path-to-node=\"1,6,4,0\">Tampa SS<\/span><\/td>\n<\/tr>\n<tr>\n<td><span data-path-to-node=\"1,7,0,0\"><b data-path-to-node=\"1,7,0,0\" data-index-in-node=\"0\">Caixa m\u00e9dia (com tampa SS)<\/b><\/span><\/td>\n<td><span data-path-to-node=\"1,7,1,0\">A\u00e7o inoxid\u00e1vel 410<\/span><\/td>\n<td><span data-path-to-node=\"1,7,2,0\">14 * 19 * 1 (Incl. Tampa)<\/span><\/td>\n<td><span data-path-to-node=\"1,7,3,0\">700ml<\/span><\/td>\n<td><span data-path-to-node=\"1,7,4,0\">Tampa SS<\/span><\/td>\n<\/tr>\n<\/tbody>\n<\/table>","protected":false},"featured_media":844,"comment_status":"closed","ping_status":"closed","template":"","meta":{"_acf_changed":false},"product_brand":[],"product_cat":[20],"product_tag":[23,25],"class_list":{"0":"post-843","1":"product","2":"type-product","3":"status-publish","4":"has-post-thumbnail","6":"product_cat-wholesale-insulated-food-containers","7":"product_tag-family-kitchen","8":"product_tag-restaurant","10":"first","11":"instock","12":"shipping-taxable","13":"product-type-simple"},"acf":[],"_links":{"self":[{"href":"https:\/\/www.lianmeithermos.com\/pt\/wp-json\/wp\/v2\/product\/843","targetHints":{"allow":["GET"]}}],"collection":[{"href":"https:\/\/www.lianmeithermos.com\/pt\/wp-json\/wp\/v2\/product"}],"about":[{"href":"https:\/\/www.lianmeithermos.com\/pt\/wp-json\/wp\/v2\/types\/product"}],"replies":[{"embeddable":true,"href":"https:\/\/www.lianmeithermos.com\/pt\/wp-json\/wp\/v2\/comments?post=843"}],"wp:featuredmedia":[{"embeddable":true,"href":"https:\/\/www.lianmeithermos.com\/pt\/wp-json\/wp\/v2\/media\/844"}],"wp:attachment":[{"href":"https:\/\/www.lianmeithermos.com\/pt\/wp-json\/wp\/v2\/media?parent=843"}],"wp:term":[{"taxonomy":"product_brand","embeddable":true,"href":"https:\/\/www.lianmeithermos.com\/pt\/wp-json\/wp\/v2\/product_brand?post=843"},{"taxonomy":"product_cat","embeddable":true,"href":"https:\/\/www.lianmeithermos.com\/pt\/wp-json\/wp\/v2\/product_cat?post=843"},{"taxonomy":"product_tag","embeddable":true,"href":"https:\/\/www.lianmeithermos.com\/pt\/wp-json\/wp\/v2\/product_tag?post=843"}],"curies":[{"name":"wp","href":"https:\/\/api.w.org\/{rel}","templated":true}]}}