{"id":845,"date":"2026-04-05T01:21:13","date_gmt":"2026-04-05T01:21:13","guid":{"rendered":"https:\/\/www.lianmeithermos.com\/?post_type=product&#038;p=845"},"modified":"2026-04-05T01:28:31","modified_gmt":"2026-04-05T01:28:31","slug":"wholesale-stainless-steel-milk-can-with-airtight-lid","status":"publish","type":"product","link":"https:\/\/www.lianmeithermos.com\/pt\/produto\/wholesale-stainless-steel-milk-can-with-airtight-lid\/","title":{"rendered":"Lata de leite de a\u00e7o inoxid\u00e1vel por atacado com tampa herm\u00e9tica para armazenamento de alimentos"},"content":{"rendered":"<h2 class=\"wp-block-heading\">Carater\u00edsticas da lata de leite de a\u00e7o inoxid\u00e1vel por atacado<\/h2>\n\n\n\n<div class=\"wp-block-columns is-layout-flex wp-container-core-columns-is-layout-9d6595d7 wp-block-columns-is-layout-flex\">\n<div class=\"wp-block-column is-vertically-aligned-center is-layout-flow wp-block-column-is-layout-flow\">\n<div class=\"wp-block-columns is-layout-flex wp-container-core-columns-is-layout-9d6595d7 wp-block-columns-is-layout-flex\">\n<div class=\"wp-block-column is-vertically-aligned-top is-layout-flow wp-block-column-is-layout-flow\">\n<p><strong>Veda\u00e7\u00e3o herm\u00e9tica e segura<\/strong><br>Equipado com uma tampa herm\u00e9tica que evita eficazmente a humidade, os insectos e as fugas, garantindo uma armazenagem segura e duradoura de alimentos e l\u00edquidos.<\/p>\n\n\n\n<p><strong>Prote\u00e7\u00e3o da frescura e dos odores<\/strong><br>O design selado ajuda a manter a frescura e a preservar o sabor e o aroma originais do conte\u00fado armazenado sem contamina\u00e7\u00e3o.<\/p>\n\n\n\n<p><strong>Constru\u00e7\u00e3o em a\u00e7o inoxid\u00e1vel espessado<\/strong><br>Fabricado em a\u00e7o inoxid\u00e1vel resistente e dur\u00e1vel, resistente \u00e0 corros\u00e3o, \u00e0 prova de ferrugem e constru\u00eddo para suportar a utiliza\u00e7\u00e3o di\u00e1ria em ambientes exigentes.<\/p>\n\n\n\n<p><strong>F\u00e1cil de limpar e higi\u00e9nico<\/strong><br>As superf\u00edcies interiores e exteriores lisas permitem uma limpeza r\u00e1pida e sem esfor\u00e7o, mantendo elevados padr\u00f5es de higiene.<\/p>\n\n\n\n<p><strong>Arruma\u00e7\u00e3o multifun\u00e7\u00f5es vers\u00e1til<\/strong><br>Adequado para armazenar arroz, \u00f3leo, gr\u00e3os, produtos secos e outros artigos a granel, tornando-o ideal para cozinhas, restaurantes, catering e utiliza\u00e7\u00e3o dom\u00e9stica.<\/p>\n<\/div>\n\n\n\n<div class=\"wp-block-column is-layout-flow wp-block-column-is-layout-flow\">\n<figure class=\"wp-block-image size-full\"><img decoding=\"async\" width=\"800\" height=\"800\" src=\"https:\/\/www.lianmeithermos.com\/wp-content\/uploads\/2026\/04\/Wholesale-Stainless-Steel-Milk-Can-with-Airtight-Lid-for-Food-Storage.webp\" alt=\"Lata de leite de a\u00e7o inoxid\u00e1vel por atacado com tampa herm\u00e9tica para armazenamento de alimentos\" class=\"wp-image-846\" srcset=\"https:\/\/www.lianmeithermos.com\/wp-content\/uploads\/2026\/04\/Wholesale-Stainless-Steel-Milk-Can-with-Airtight-Lid-for-Food-Storage.webp 800w, https:\/\/www.lianmeithermos.com\/wp-content\/uploads\/2026\/04\/Wholesale-Stainless-Steel-Milk-Can-with-Airtight-Lid-for-Food-Storage-300x300.webp 300w, https:\/\/www.lianmeithermos.com\/wp-content\/uploads\/2026\/04\/Wholesale-Stainless-Steel-Milk-Can-with-Airtight-Lid-for-Food-Storage-150x150.webp 150w, https:\/\/www.lianmeithermos.com\/wp-content\/uploads\/2026\/04\/Wholesale-Stainless-Steel-Milk-Can-with-Airtight-Lid-for-Food-Storage-768x768.webp 768w, https:\/\/www.lianmeithermos.com\/wp-content\/uploads\/2026\/04\/Wholesale-Stainless-Steel-Milk-Can-with-Airtight-Lid-for-Food-Storage-12x12.webp 12w, https:\/\/www.lianmeithermos.com\/wp-content\/uploads\/2026\/04\/Wholesale-Stainless-Steel-Milk-Can-with-Airtight-Lid-for-Food-Storage-600x600.webp 600w, https:\/\/www.lianmeithermos.com\/wp-content\/uploads\/2026\/04\/Wholesale-Stainless-Steel-Milk-Can-with-Airtight-Lid-for-Food-Storage-100x100.webp 100w\" sizes=\"(max-width: 800px) 100vw, 800px\" \/><\/figure>\n<\/div>\n<\/div>\n<\/div>\n<\/div>","protected":false},"excerpt":{"rendered":"<p data-pm-slice=\"1 1 []\">Lata de leite em a\u00e7o inoxid\u00e1vel concebida com uma tampa herm\u00e9tica segura para manter o conte\u00fado fresco, seco e protegido. Fabricada em a\u00e7o inoxid\u00e1vel espesso de qualidade alimentar, \u00e9 dur\u00e1vel, resistente \u00e0 ferrugem e f\u00e1cil de limpar - ideal para armazenar arroz, \u00f3leo, gr\u00e3os e outros artigos a granel em ambientes comerciais ou dom\u00e9sticos.<\/p>\n<h2>Especifica\u00e7\u00f5es da Lata de leite de a\u00e7o inoxid\u00e1vel por atacado<\/h2>\n<p><strong>Balde normal selado<\/strong><\/p>\n<table>\n<thead>\n<tr>\n<th>Modelo<\/th>\n<th>Capacidade de \u00e1gua (kg)<\/th>\n<th>Capacidade de arroz (kg)<\/th>\n<th>Di\u00e2metro superior (cm)<\/th>\n<th>Di\u00e2metro do fundo (cm)<\/th>\n<th>Altura total (cm)<\/th>\n<\/tr>\n<\/thead>\n<tbody>\n<tr>\n<td>5L<\/td>\n<td>4.0<\/td>\n<td>4.0<\/td>\n<td>15.7<\/td>\n<td>17.7<\/td>\n<td>23.8<\/td>\n<\/tr>\n<tr>\n<td>7L<\/td>\n<td>7.0<\/td>\n<td>6.0<\/td>\n<td>15.7<\/td>\n<td>17.6<\/td>\n<td>29.3<\/td>\n<\/tr>\n<tr>\n<td>9L<\/td>\n<td>9.0<\/td>\n<td>8.0<\/td>\n<td>19.5<\/td>\n<td>22.5<\/td>\n<td>24.4<\/td>\n<\/tr>\n<tr>\n<td>14L<\/td>\n<td>13.0<\/td>\n<td>11.0<\/td>\n<td>21.0<\/td>\n<td>25.7<\/td>\n<td>30.7<\/td>\n<\/tr>\n<tr>\n<td>18L<\/td>\n<td>17.5<\/td>\n<td>14.5<\/td>\n<td>21.0<\/td>\n<td>25.6<\/td>\n<td>39.5<\/td>\n<\/tr>\n<tr>\n<td>22L<\/td>\n<td>20.0<\/td>\n<td>17.5<\/td>\n<td>22.5<\/td>\n<td>28.9<\/td>\n<td>31.1<\/td>\n<\/tr>\n<tr>\n<td>24L<\/td>\n<td>18.5<\/td>\n<td>16.0<\/td>\n<td>21.9<\/td>\n<td>25.8<\/td>\n<td>46.4<\/td>\n<\/tr>\n<tr>\n<td>28L<\/td>\n<td>28.0<\/td>\n<td>24.0<\/td>\n<td>22.4<\/td>\n<td>28.8<\/td>\n<td>39.3<\/td>\n<\/tr>\n<tr>\n<td>35L<\/td>\n<td>30.0<\/td>\n<td>25.0<\/td>\n<td>22.6<\/td>\n<td>28.8<\/td>\n<td>48.8<\/td>\n<\/tr>\n<tr>\n<td>42L<\/td>\n<td>35.0<\/td>\n<td>34.0<\/td>\n<td>22.3<\/td>\n<td>28.9<\/td>\n<td>58.6<\/td>\n<\/tr>\n<tr>\n<td>48L<\/td>\n<td>39.0<\/td>\n<td>37.0<\/td>\n<td>26.6<\/td>\n<td>33.3<\/td>\n<td>50.6<\/td>\n<\/tr>\n<tr>\n<td>58L<\/td>\n<td>43.0<\/td>\n<td>39.0<\/td>\n<td>26.7<\/td>\n<td>33.7<\/td>\n<td>60.3<\/td>\n<\/tr>\n<tr>\n<td>64L<\/td>\n<td>46.0<\/td>\n<td>37.0<\/td>\n<td>32.0<\/td>\n<td>39.0<\/td>\n<td>52.0<\/td>\n<\/tr>\n<tr>\n<td>68L<\/td>\n<td>55.0<\/td>\n<td>45.0<\/td>\n<td>27.5<\/td>\n<td>34.8<\/td>\n<td>68.4<\/td>\n<\/tr>\n<tr>\n<td>76L<\/td>\n<td>63.0<\/td>\n<td>55.0<\/td>\n<td>32.0<\/td>\n<td>38.8<\/td>\n<td>60.0<\/td>\n<\/tr>\n<tr>\n<td>88L<\/td>\n<td>80.0<\/td>\n<td>70.0<\/td>\n<td>31.5<\/td>\n<td>39.7<\/td>\n<td>69.0<\/td>\n<\/tr>\n<tr>\n<td>100L<\/td>\n<td>\u2014<\/td>\n<td>\u2014<\/td>\n<td>30.4<\/td>\n<td>39.8<\/td>\n<td>83.0<\/td>\n<\/tr>\n<\/tbody>\n<\/table>\n<p><strong>Balde selado em a\u00e7o inoxid\u00e1vel 304<\/strong><\/p>\n<table>\n<thead>\n<tr>\n<th>Modelo<\/th>\n<th>Capacidade de \u00e1gua (kg)<\/th>\n<th>Capacidade de arroz (kg)<\/th>\n<th>Di\u00e2metro superior (cm)<\/th>\n<th>Di\u00e2metro do fundo (cm)<\/th>\n<th>Altura total (cm)<\/th>\n<\/tr>\n<\/thead>\n<tbody>\n<tr>\n<td>15L<\/td>\n<td>\u2014<\/td>\n<td>\u2014<\/td>\n<td>\u2014<\/td>\n<td>\u2014<\/td>\n<td>\u2014<\/td>\n<\/tr>\n<tr>\n<td>20L<\/td>\n<td>\u2014<\/td>\n<td>\u2014<\/td>\n<td>\u2014<\/td>\n<td>\u2014<\/td>\n<td>\u2014<\/td>\n<\/tr>\n<tr>\n<td>28L<\/td>\n<td>28.0<\/td>\n<td>24.0<\/td>\n<td>24.5<\/td>\n<td>29.7<\/td>\n<td>49.0<\/td>\n<\/tr>\n<tr>\n<td>35L<\/td>\n<td>30.0<\/td>\n<td>26.0<\/td>\n<td>24.5<\/td>\n<td>29.5<\/td>\n<td>60.0<\/td>\n<\/tr>\n<tr>\n<td>42L<\/td>\n<td>35.0<\/td>\n<td>34.0<\/td>\n<td>24.5<\/td>\n<td>29.7<\/td>\n<td>69.5<\/td>\n<\/tr>\n<tr>\n<td>48L<\/td>\n<td>39.0<\/td>\n<td>37.0<\/td>\n<td>28.5<\/td>\n<td>34.8<\/td>\n<td>63.0<\/td>\n<\/tr>\n<tr>\n<td>58L<\/td>\n<td>43.0<\/td>\n<td>39.0<\/td>\n<td>28.5<\/td>\n<td>34.5<\/td>\n<td>72.6<\/td>\n<\/tr>\n<tr>\n<td>64L<\/td>\n<td>46.0<\/td>\n<td>37.0<\/td>\n<td>32.3<\/td>\n<td>39.5<\/td>\n<td>61.8<\/td>\n<\/tr>\n<tr>\n<td>76L<\/td>\n<td>63.0<\/td>\n<td>55.0<\/td>\n<td>32.4<\/td>\n<td>40.0<\/td>\n<td>70.0<\/td>\n<\/tr>\n<tr>\n<td>88L<\/td>\n<td>80.0<\/td>\n<td>70.0<\/td>\n<td>32.5<\/td>\n<td>39.5<\/td>\n<td>82.5<\/td>\n<\/tr>\n<\/tbody>\n<\/table>","protected":false},"featured_media":846,"comment_status":"closed","ping_status":"closed","template":"","meta":{"_acf_changed":false},"product_brand":[],"product_cat":[17],"product_tag":[25],"class_list":{"0":"post-845","1":"product","2":"type-product","3":"status-publish","4":"has-post-thumbnail","6":"product_cat-wholesale-stainless-steel-insulated-barrels","7":"product_tag-restaurant","9":"first","10":"instock","11":"shipping-taxable","12":"product-type-simple"},"acf":[],"_links":{"self":[{"href":"https:\/\/www.lianmeithermos.com\/pt\/wp-json\/wp\/v2\/product\/845","targetHints":{"allow":["GET"]}}],"collection":[{"href":"https:\/\/www.lianmeithermos.com\/pt\/wp-json\/wp\/v2\/product"}],"about":[{"href":"https:\/\/www.lianmeithermos.com\/pt\/wp-json\/wp\/v2\/types\/product"}],"replies":[{"embeddable":true,"href":"https:\/\/www.lianmeithermos.com\/pt\/wp-json\/wp\/v2\/comments?post=845"}],"wp:featuredmedia":[{"embeddable":true,"href":"https:\/\/www.lianmeithermos.com\/pt\/wp-json\/wp\/v2\/media\/846"}],"wp:attachment":[{"href":"https:\/\/www.lianmeithermos.com\/pt\/wp-json\/wp\/v2\/media?parent=845"}],"wp:term":[{"taxonomy":"product_brand","embeddable":true,"href":"https:\/\/www.lianmeithermos.com\/pt\/wp-json\/wp\/v2\/product_brand?post=845"},{"taxonomy":"product_cat","embeddable":true,"href":"https:\/\/www.lianmeithermos.com\/pt\/wp-json\/wp\/v2\/product_cat?post=845"},{"taxonomy":"product_tag","embeddable":true,"href":"https:\/\/www.lianmeithermos.com\/pt\/wp-json\/wp\/v2\/product_tag?post=845"}],"curies":[{"name":"wp","href":"https:\/\/api.w.org\/{rel}","templated":true}]}}