{"id":847,"date":"2026-04-05T01:42:44","date_gmt":"2026-04-05T01:42:44","guid":{"rendered":"https:\/\/www.lianmeithermos.com\/?post_type=product&#038;p=847"},"modified":"2026-04-05T01:49:00","modified_gmt":"2026-04-05T01:49:00","slug":"wholesale-thermal-food-carrier-for-outdoor","status":"publish","type":"product","link":"https:\/\/www.lianmeithermos.com\/pt\/produto\/wholesale-thermal-food-carrier-for-outdoor\/","title":{"rendered":"Porta-alimentos t\u00e9rmico por atacado, caixa isolada para utiliza\u00e7\u00e3o no exterior e em casa"},"content":{"rendered":"<h2 class=\"wp-block-heading\">Carater\u00edsticas do transportador t\u00e9rmico de alimentos por atacado<\/h2>\n\n\n\n<div class=\"wp-block-columns is-layout-flex wp-container-core-columns-is-layout-9d6595d7 wp-block-columns-is-layout-flex\">\n<div class=\"wp-block-column is-vertically-aligned-center is-layout-flow wp-block-column-is-layout-flow\">\n<div class=\"wp-block-columns is-layout-flex wp-container-core-columns-is-layout-9d6595d7 wp-block-columns-is-layout-flex\">\n<div class=\"wp-block-column is-vertically-aligned-top is-layout-flow wp-block-column-is-layout-flow\">\n<p><strong>Desempenho do isolamento a quente e frio<\/strong><br>Concebida para manter eficazmente as temperaturas quentes e frias, mantendo os alimentos frescos e prontos a servir em v\u00e1rios ambientes.<\/p>\n\n\n\n<p><strong>Material sem odor e seguro para alimentos<\/strong><br>Fabricado com materiais de alta qualidade que n\u00e3o ret\u00eam odores ou sabores, garantindo um armazenamento de alimentos seguro, limpo e fi\u00e1vel.<\/p>\n\n\n\n<p><strong>Resistente \u00e0 corros\u00e3o e \u00e0 prova de ferrugem<\/strong><br>Constru\u00eddo com materiais duradouros que resistem \u00e0 corros\u00e3o, a temperaturas elevadas e \u00e0 ferrugem, tornando-o adequado para uma utiliza\u00e7\u00e3o a longo prazo.<\/p>\n\n\n\n<p><strong>Dur\u00e1vel e f\u00e1cil de manter<\/strong><br>A constru\u00e7\u00e3o robusta garante um desempenho duradouro, enquanto a superf\u00edcie lisa permite uma limpeza e manuten\u00e7\u00e3o f\u00e1ceis.<\/p>\n\n\n\n<p><strong>M\u00faltiplas capacidades e op\u00e7\u00f5es de cores<\/strong><br>Dispon\u00edvel numa variedade de tamanhos e cores para se adaptar a diferentes necessidades de armazenamento, ideal tanto para uso pessoal como comercial.<\/p>\n\n\n\n<p><strong>Adequado para utiliza\u00e7\u00e3o no exterior e em casa<\/strong><br>Perfeito para piqueniques, catering, entrega de comida e utiliza\u00e7\u00e3o dom\u00e9stica di\u00e1ria, oferecendo comodidade e versatilidade em qualquer ambiente.<\/p>\n<\/div>\n\n\n\n<div class=\"wp-block-column is-layout-flow wp-block-column-is-layout-flow\">\n<figure class=\"wp-block-image size-full\"><img decoding=\"async\" width=\"1000\" height=\"1000\" src=\"https:\/\/www.lianmeithermos.com\/wp-content\/uploads\/2026\/04\/Wholesale-Thermal-Food-Carrier3.webp\" alt=\"Transportador t\u00e9rmico de alimentos por atacado3\" class=\"wp-image-850\" srcset=\"https:\/\/www.lianmeithermos.com\/wp-content\/uploads\/2026\/04\/Wholesale-Thermal-Food-Carrier3.webp 1000w, https:\/\/www.lianmeithermos.com\/wp-content\/uploads\/2026\/04\/Wholesale-Thermal-Food-Carrier3-300x300.webp 300w, https:\/\/www.lianmeithermos.com\/wp-content\/uploads\/2026\/04\/Wholesale-Thermal-Food-Carrier3-150x150.webp 150w, https:\/\/www.lianmeithermos.com\/wp-content\/uploads\/2026\/04\/Wholesale-Thermal-Food-Carrier3-768x768.webp 768w, https:\/\/www.lianmeithermos.com\/wp-content\/uploads\/2026\/04\/Wholesale-Thermal-Food-Carrier3-12x12.webp 12w, https:\/\/www.lianmeithermos.com\/wp-content\/uploads\/2026\/04\/Wholesale-Thermal-Food-Carrier3-600x600.webp 600w, https:\/\/www.lianmeithermos.com\/wp-content\/uploads\/2026\/04\/Wholesale-Thermal-Food-Carrier3-100x100.webp 100w\" sizes=\"(max-width: 1000px) 100vw, 1000px\" \/><\/figure>\n<\/div>\n<\/div>\n<\/div>\n<\/div>","protected":false},"excerpt":{"rendered":"<p data-start=\"452\" data-end=\"647\">Porta-alimentos t\u00e9rmico por grosso concebido para utiliza\u00e7\u00e3o no exterior e em casa. Com um excelente isolamento a quente e a frio, mant\u00e9m os alimentos frescos e \u00e0 temperatura desejada durante mais tempo. Fabricado a partir de materiais de alta qualidade e resistentes \u00e0 corros\u00e3o, n\u00e3o tem odor, \u00e9 \u00e0 prova de ferrugem e foi constru\u00eddo para durar - dispon\u00edvel em v\u00e1rias capacidades e cores para satisfazer diferentes necessidades.<\/p>\n<h2>Especifica\u00e7\u00f5es do transportador t\u00e9rmico de alimentos por atacado<\/h2>\n<table>\n<thead>\n<tr>\n<th>Especifica\u00e7\u00e3o<\/th>\n<th>Cor<\/th>\n<\/tr>\n<\/thead>\n<tbody>\n<tr>\n<td>16L<\/td>\n<td>Azul \/ Verde \/ Vermelho<\/td>\n<\/tr>\n<tr>\n<td>30L<\/td>\n<td>Azul \/ Verde \/ Vermelho<\/td>\n<\/tr>\n<tr>\n<td>45L<\/td>\n<td>Azul \/ Verde \/ Vermelho<\/td>\n<\/tr>\n<\/tbody>\n<\/table>","protected":false},"featured_media":848,"comment_status":"closed","ping_status":"closed","template":"","meta":{"_acf_changed":false},"product_brand":[],"product_cat":[19],"product_tag":[24],"class_list":{"0":"post-847","1":"product","2":"type-product","3":"status-publish","4":"has-post-thumbnail","6":"product_cat-wholesale-insulated-cooler-boxes","7":"product_tag-outdoor","9":"first","10":"instock","11":"shipping-taxable","12":"product-type-simple"},"acf":[],"_links":{"self":[{"href":"https:\/\/www.lianmeithermos.com\/pt\/wp-json\/wp\/v2\/product\/847","targetHints":{"allow":["GET"]}}],"collection":[{"href":"https:\/\/www.lianmeithermos.com\/pt\/wp-json\/wp\/v2\/product"}],"about":[{"href":"https:\/\/www.lianmeithermos.com\/pt\/wp-json\/wp\/v2\/types\/product"}],"replies":[{"embeddable":true,"href":"https:\/\/www.lianmeithermos.com\/pt\/wp-json\/wp\/v2\/comments?post=847"}],"wp:featuredmedia":[{"embeddable":true,"href":"https:\/\/www.lianmeithermos.com\/pt\/wp-json\/wp\/v2\/media\/848"}],"wp:attachment":[{"href":"https:\/\/www.lianmeithermos.com\/pt\/wp-json\/wp\/v2\/media?parent=847"}],"wp:term":[{"taxonomy":"product_brand","embeddable":true,"href":"https:\/\/www.lianmeithermos.com\/pt\/wp-json\/wp\/v2\/product_brand?post=847"},{"taxonomy":"product_cat","embeddable":true,"href":"https:\/\/www.lianmeithermos.com\/pt\/wp-json\/wp\/v2\/product_cat?post=847"},{"taxonomy":"product_tag","embeddable":true,"href":"https:\/\/www.lianmeithermos.com\/pt\/wp-json\/wp\/v2\/product_tag?post=847"}],"curies":[{"name":"wp","href":"https:\/\/api.w.org\/{rel}","templated":true}]}}