{"id":851,"date":"2026-04-05T01:54:00","date_gmt":"2026-04-05T01:54:00","guid":{"rendered":"https:\/\/www.lianmeithermos.com\/?post_type=product&#038;p=851"},"modified":"2026-04-05T02:09:19","modified_gmt":"2026-04-05T02:09:19","slug":"bulk-insulated-cooler-boxes-for-outdoor","status":"publish","type":"product","link":"https:\/\/www.lianmeithermos.com\/pt\/produto\/bulk-insulated-cooler-boxes-for-outdoor\/","title":{"rendered":"Caixas t\u00e9rmicas isoladas a granel para exterior"},"content":{"rendered":"<h2 class=\"wp-block-heading\">Carater\u00edsticas das caixas t\u00e9rmicas isoladas a granel<\/h2>\n\n\n\n<div class=\"wp-block-columns is-layout-flex wp-container-core-columns-is-layout-9d6595d7 wp-block-columns-is-layout-flex\">\n<div class=\"wp-block-column is-vertically-aligned-center is-layout-flow wp-block-column-is-layout-flow\">\n<div class=\"wp-block-columns is-layout-flex wp-container-core-columns-is-layout-9d6595d7 wp-block-columns-is-layout-flex\">\n<div class=\"wp-block-column is-vertically-aligned-top is-layout-flow wp-block-column-is-layout-flow\">\n<p>1. Reten\u00e7\u00e3o de temperatura superior<\/p>\n\n\n\n<p>Este suporte t\u00e9rmico para alimentos foi concebido para armazenamento a quente e a frio, mantendo as temperaturas internas durante longas horas. \u00c9 uma solu\u00e7\u00e3o ideal para catering profissional, eventos ao ar livre e log\u00edstica de cadeia de frio de longa dist\u00e2ncia, onde a estabilidade da temperatura \u00e9 cr\u00edtica.<\/p>\n\n\n\n<h3 class=\"wp-block-heading\">2. Materiais de qualidade alimentar e inodoros<\/h3>\n\n\n\n<p>Constru\u00eddo a partir de materiais n\u00e3o t\u00f3xicos de primeira qualidade e completamente isentos de odores, este recipiente garante que os alimentos e as bebidas mant\u00eam o seu sabor original. O revestimento de alta qualidade evita a lixivia\u00e7\u00e3o qu\u00edmica e os sabores indesejados durante o armazenamento a longo prazo.<\/p>\n\n\n\n<h3 class=\"wp-block-heading\">3. M\u00e1xima resist\u00eancia \u00e0 corros\u00e3o e \u00e0 ferrugem<\/h3>\n\n\n\n<p>Constru\u00eddas para resistir a ambientes agressivos, as superf\u00edcies s\u00e3o altamente resistentes \u00e0 corros\u00e3o e \u00e0 ferrugem. Esta constru\u00e7\u00e3o robusta assegura uma longa vida \u00fatil e uma elevada durabilidade, mesmo com limpezas frequentes ou exposi\u00e7\u00e3o a condi\u00e7\u00f5es de humidade elevada.<\/p>\n\n\n\n<h3 class=\"wp-block-heading\">4. Toler\u00e2ncia a altas temperaturas e integridade estrutural<\/h3>\n\n\n\n<p>A engenharia especializada e resistente ao calor permite que a caixa suporte conte\u00fados a altas temperaturas sem deformar ou degradar. O seu inv\u00f3lucro resistente ao impacto mant\u00e9m-se est\u00e1vel em condi\u00e7\u00f5es extremas, tornando-a fi\u00e1vel para cozinhas comerciais e para uma utiliza\u00e7\u00e3o robusta no exterior.<\/p>\n\n\n\n<h3 class=\"wp-block-heading\">5. Capacidades vers\u00e1teis e op\u00e7\u00f5es de cores<\/h3>\n\n\n\n<p>Dispon\u00edvel em v\u00e1rios tamanhos e numa vasta gama de cores para se adequar a marcas espec\u00edficas ou a necessidades organizacionais. Quer seja para transporte comercial a granel ou para utiliza\u00e7\u00e3o profissional especializada, fornecemos solu\u00e7\u00f5es de volume flex\u00edveis que se adaptam \u00e0s suas necessidades de invent\u00e1rio.<\/p>\n<\/div>\n\n\n\n<div class=\"wp-block-column is-layout-flow wp-block-column-is-layout-flow\">\n<figure class=\"wp-block-image size-full\"><img decoding=\"async\" width=\"1280\" height=\"1280\" src=\"https:\/\/www.lianmeithermos.com\/wp-content\/uploads\/2026\/04\/Bulk-Insulated-Cooler-Boxes-for-Outdoor2.webp\" alt=\"Caixas t\u00e9rmicas isoladas a granel para exterior2\" class=\"wp-image-854\" srcset=\"https:\/\/www.lianmeithermos.com\/wp-content\/uploads\/2026\/04\/Bulk-Insulated-Cooler-Boxes-for-Outdoor2.webp 1280w, https:\/\/www.lianmeithermos.com\/wp-content\/uploads\/2026\/04\/Bulk-Insulated-Cooler-Boxes-for-Outdoor2-300x300.webp 300w, https:\/\/www.lianmeithermos.com\/wp-content\/uploads\/2026\/04\/Bulk-Insulated-Cooler-Boxes-for-Outdoor2-150x150.webp 150w, https:\/\/www.lianmeithermos.com\/wp-content\/uploads\/2026\/04\/Bulk-Insulated-Cooler-Boxes-for-Outdoor2-768x768.webp 768w, https:\/\/www.lianmeithermos.com\/wp-content\/uploads\/2026\/04\/Bulk-Insulated-Cooler-Boxes-for-Outdoor2-12x12.webp 12w, https:\/\/www.lianmeithermos.com\/wp-content\/uploads\/2026\/04\/Bulk-Insulated-Cooler-Boxes-for-Outdoor2-1200x1200.webp 1200w, https:\/\/www.lianmeithermos.com\/wp-content\/uploads\/2026\/04\/Bulk-Insulated-Cooler-Boxes-for-Outdoor2-600x600.webp 600w, https:\/\/www.lianmeithermos.com\/wp-content\/uploads\/2026\/04\/Bulk-Insulated-Cooler-Boxes-for-Outdoor2-100x100.webp 100w\" sizes=\"(max-width: 1280px) 100vw, 1280px\" \/><\/figure>\n<\/div>\n<\/div>\n<\/div>\n<\/div>","protected":false},"excerpt":{"rendered":"<p data-start=\"452\" data-end=\"647\">As caixas t\u00e9rmicas isoladas a granel para catering profissional ao ar livre e log\u00edstica garantem uma reten\u00e7\u00e3o duradoura da temperatura para alimentos e bebidas em qualquer ambiente.<\/p>\n<h2>Especifica\u00e7\u00f5es das caixas t\u00e9rmicas isoladas a granel<\/h2>\n<table>\n<thead>\n<tr>\n<th>Especifica\u00e7\u00e3o<\/th>\n<th>Cor<\/th>\n<\/tr>\n<\/thead>\n<tbody>\n<tr>\n<td>16L<\/td>\n<td>Azul \/ Verde \/ Vermelho<\/td>\n<\/tr>\n<tr>\n<td>30L<\/td>\n<td>Azul \/ Verde \/ Vermelho<\/td>\n<\/tr>\n<tr>\n<td>45L<\/td>\n<td>Azul \/ Verde \/ Vermelho<\/td>\n<\/tr>\n<\/tbody>\n<\/table>","protected":false},"featured_media":854,"comment_status":"closed","ping_status":"closed","template":"","meta":{"_acf_changed":false},"product_brand":[],"product_cat":[19],"product_tag":[24],"class_list":{"0":"post-851","1":"product","2":"type-product","3":"status-publish","4":"has-post-thumbnail","6":"product_cat-wholesale-insulated-cooler-boxes","7":"product_tag-outdoor","9":"first","10":"instock","11":"shipping-taxable","12":"product-type-simple"},"acf":[],"_links":{"self":[{"href":"https:\/\/www.lianmeithermos.com\/pt\/wp-json\/wp\/v2\/product\/851","targetHints":{"allow":["GET"]}}],"collection":[{"href":"https:\/\/www.lianmeithermos.com\/pt\/wp-json\/wp\/v2\/product"}],"about":[{"href":"https:\/\/www.lianmeithermos.com\/pt\/wp-json\/wp\/v2\/types\/product"}],"replies":[{"embeddable":true,"href":"https:\/\/www.lianmeithermos.com\/pt\/wp-json\/wp\/v2\/comments?post=851"}],"wp:featuredmedia":[{"embeddable":true,"href":"https:\/\/www.lianmeithermos.com\/pt\/wp-json\/wp\/v2\/media\/854"}],"wp:attachment":[{"href":"https:\/\/www.lianmeithermos.com\/pt\/wp-json\/wp\/v2\/media?parent=851"}],"wp:term":[{"taxonomy":"product_brand","embeddable":true,"href":"https:\/\/www.lianmeithermos.com\/pt\/wp-json\/wp\/v2\/product_brand?post=851"},{"taxonomy":"product_cat","embeddable":true,"href":"https:\/\/www.lianmeithermos.com\/pt\/wp-json\/wp\/v2\/product_cat?post=851"},{"taxonomy":"product_tag","embeddable":true,"href":"https:\/\/www.lianmeithermos.com\/pt\/wp-json\/wp\/v2\/product_tag?post=851"}],"curies":[{"name":"wp","href":"https:\/\/api.w.org\/{rel}","templated":true}]}}