{"id":857,"date":"2026-04-05T02:23:33","date_gmt":"2026-04-05T02:23:33","guid":{"rendered":"https:\/\/www.lianmeithermos.com\/?post_type=product&#038;p=857"},"modified":"2026-04-05T02:30:48","modified_gmt":"2026-04-05T02:30:48","slug":"wholesale-stainless-steel-stock-pot-with-bale-handle","status":"publish","type":"product","link":"https:\/\/www.lianmeithermos.com\/pt\/produto\/wholesale-stainless-steel-stock-pot-with-bale-handle\/","title":{"rendered":"Balde de sopa comercial de a\u00e7o inoxid\u00e1vel por atacado com al\u00e7a de fardo"},"content":{"rendered":"<h2 class=\"wp-block-heading\">Carater\u00edsticas da panela de a\u00e7o inoxid\u00e1vel por atacado<\/h2>\n\n\n\n<div class=\"wp-block-columns is-layout-flex wp-container-core-columns-is-layout-9d6595d7 wp-block-columns-is-layout-flex\">\n<div class=\"wp-block-column is-vertically-aligned-center is-layout-flow wp-block-column-is-layout-flow\">\n<div class=\"wp-block-columns is-layout-flex wp-container-core-columns-is-layout-9d6595d7 wp-block-columns-is-layout-flex\">\n<div class=\"wp-block-column is-vertically-aligned-top is-layout-flow wp-block-column-is-layout-flow\">\n<p><strong>Constru\u00e7\u00e3o em a\u00e7o inoxid\u00e1vel espessado<\/strong><br>Fabricado em a\u00e7o inoxid\u00e1vel resistente com uma estrutura refor\u00e7ada, garantindo uma excelente durabilidade, resist\u00eancia ao calor elevado e um desempenho duradouro em cozinhas comerciais.<\/p>\n\n\n\n<p><strong>Condu\u00e7\u00e3o de calor r\u00e1pida e uniforme<\/strong><br>Uma transfer\u00eancia de calor eficiente permite que os alimentos cozinhem r\u00e1pida e uniformemente, melhorando a efici\u00eancia da cozedura e poupando tempo e energia.<\/p>\n\n\n\n<p><strong>Grande capacidade para cozinhar de forma vers\u00e1til<\/strong><br>Concebida com uma capacidade generosa, perfeita para preparar sopas, papas, guisados e pratos estufados, satisfazendo as necessidades de restaurantes e servi\u00e7os de catering.<\/p>\n\n\n\n<p><strong>Resistente a altas temperaturas e dur\u00e1vel<\/strong><br>Constru\u00eddo para suportar uma cozedura cont\u00ednua a altas temperaturas sem deformar ou danificar, tornando-o adequado para uma utiliza\u00e7\u00e3o di\u00e1ria intensiva.<\/p>\n\n\n\n<p><strong>Design c\u00f3modo da pega do fardo<\/strong><br>Equipado com uma pega robusta para facilitar a eleva\u00e7\u00e3o e o transporte, ideal para ambientes de cozinha movimentados e para cozinhar grandes quantidades.<\/p>\n<\/div>\n\n\n\n<div class=\"wp-block-column is-layout-flow wp-block-column-is-layout-flow\">\n<figure class=\"wp-block-image alignwide size-full\"><img decoding=\"async\" width=\"281\" height=\"281\" src=\"https:\/\/www.lianmeithermos.com\/wp-content\/uploads\/2026\/04\/Wholesale-Stainless-Steel-Stock-Pot-with-Bale-Handle.webp\" alt=\"Panela de a\u00e7o inoxid\u00e1vel por atacado com pega de fardo\" class=\"wp-image-858\" srcset=\"https:\/\/www.lianmeithermos.com\/wp-content\/uploads\/2026\/04\/Wholesale-Stainless-Steel-Stock-Pot-with-Bale-Handle.webp 281w, https:\/\/www.lianmeithermos.com\/wp-content\/uploads\/2026\/04\/Wholesale-Stainless-Steel-Stock-Pot-with-Bale-Handle-150x150.webp 150w, https:\/\/www.lianmeithermos.com\/wp-content\/uploads\/2026\/04\/Wholesale-Stainless-Steel-Stock-Pot-with-Bale-Handle-12x12.webp 12w, https:\/\/www.lianmeithermos.com\/wp-content\/uploads\/2026\/04\/Wholesale-Stainless-Steel-Stock-Pot-with-Bale-Handle-100x100.webp 100w\" sizes=\"(max-width: 281px) 100vw, 281px\" \/><\/figure>\n<\/div>\n<\/div>\n<\/div>\n<\/div>","protected":false},"excerpt":{"rendered":"<p data-start=\"452\" data-end=\"647\">Panela de caldo de a\u00e7o inoxid\u00e1vel por atacado com pega de fardo, concebida para cozinha comercial e prepara\u00e7\u00e3o de alimentos de grande capacidade. Fabricada em a\u00e7o inoxid\u00e1vel espessado, oferece uma r\u00e1pida condu\u00e7\u00e3o de calor, excelente durabilidade e resist\u00eancia a temperaturas elevadas - ideal para sopas, papas de aveia, pratos refogados e muito mais.<\/p>\n<h2>Especifica\u00e7\u00f5es da panela de a\u00e7o inoxid\u00e1vel por atacado<\/h2>\n<table data-path-to-node=\"1\">\n<thead>\n<tr>\n<td><strong>Tamanho (Di\u00e2metro * Altura cm)<\/strong><\/td>\n<td><strong>Grau do material<\/strong><\/td>\n<\/tr>\n<\/thead>\n<tbody>\n<tr>\n<td><span data-path-to-node=\"1,1,0,0\"><b data-path-to-node=\"1,1,0,0\" data-index-in-node=\"0\">20 * 20<\/b><\/span><\/td>\n<td><span data-path-to-node=\"1,1,1,0\">A\u00e7o inoxid\u00e1vel 201<\/span><\/td>\n<\/tr>\n<tr>\n<td><span data-path-to-node=\"1,2,0,0\"><b data-path-to-node=\"1,2,0,0\" data-index-in-node=\"0\">25 * 25<\/b><\/span><\/td>\n<td><span data-path-to-node=\"1,2,1,0\">A\u00e7o inoxid\u00e1vel 201<\/span><\/td>\n<\/tr>\n<tr>\n<td><span data-path-to-node=\"1,3,0,0\"><b data-path-to-node=\"1,3,0,0\" data-index-in-node=\"0\">30 * 30<\/b><\/span><\/td>\n<td><span data-path-to-node=\"1,3,1,0\">A\u00e7o inoxid\u00e1vel 201<\/span><\/td>\n<\/tr>\n<tr>\n<td><span data-path-to-node=\"1,4,0,0\"><b data-path-to-node=\"1,4,0,0\" data-index-in-node=\"0\">35 * 35<\/b><\/span><\/td>\n<td><span data-path-to-node=\"1,4,1,0\">A\u00e7o inoxid\u00e1vel 201<\/span><\/td>\n<\/tr>\n<tr>\n<td><span data-path-to-node=\"1,5,0,0\"><b data-path-to-node=\"1,5,0,0\" data-index-in-node=\"0\">40 * 40<\/b><\/span><\/td>\n<td><span data-path-to-node=\"1,5,1,0\">A\u00e7o inoxid\u00e1vel 201<\/span><\/td>\n<\/tr>\n<tr>\n<td><span data-path-to-node=\"1,6,0,0\"><b data-path-to-node=\"1,6,0,0\" data-index-in-node=\"0\">45 * 45<\/b><\/span><\/td>\n<td><span data-path-to-node=\"1,6,1,0\">A\u00e7o inoxid\u00e1vel 201<\/span><\/td>\n<\/tr>\n<tr>\n<td><span data-path-to-node=\"1,7,0,0\"><b data-path-to-node=\"1,7,0,0\" data-index-in-node=\"0\">50 * 50<\/b><\/span><\/td>\n<td><span data-path-to-node=\"1,7,1,0\">A\u00e7o inoxid\u00e1vel 201<\/span><\/td>\n<\/tr>\n<tr>\n<td><span data-path-to-node=\"1,8,0,0\"><b data-path-to-node=\"1,8,0,0\" data-index-in-node=\"0\">60 * 60<\/b><\/span><\/td>\n<td><span data-path-to-node=\"1,8,1,0\">A\u00e7o inoxid\u00e1vel 201<\/span><\/td>\n<\/tr>\n<tr>\n<td><span data-path-to-node=\"1,9,0,0\"><b data-path-to-node=\"1,9,0,0\" data-index-in-node=\"0\">25 * 25<\/b><\/span><\/td>\n<td><span data-path-to-node=\"1,9,1,0\">A\u00e7o inoxid\u00e1vel 304<\/span><\/td>\n<\/tr>\n<tr>\n<td><span data-path-to-node=\"1,10,0,0\"><b data-path-to-node=\"1,10,0,0\" data-index-in-node=\"0\">30 * 30<\/b><\/span><\/td>\n<td><span data-path-to-node=\"1,10,1,0\">A\u00e7o inoxid\u00e1vel 304<\/span><\/td>\n<\/tr>\n<tr>\n<td><span data-path-to-node=\"1,11,0,0\"><b data-path-to-node=\"1,11,0,0\" data-index-in-node=\"0\">35 * 35<\/b><\/span><\/td>\n<td><span data-path-to-node=\"1,11,1,0\">A\u00e7o inoxid\u00e1vel 304<\/span><\/td>\n<\/tr>\n<\/tbody>\n<\/table>","protected":false},"featured_media":858,"comment_status":"closed","ping_status":"closed","template":"","meta":{"_acf_changed":false},"product_brand":[],"product_cat":[17],"product_tag":[25],"class_list":{"0":"post-857","1":"product","2":"type-product","3":"status-publish","4":"has-post-thumbnail","6":"product_cat-wholesale-stainless-steel-insulated-barrels","7":"product_tag-restaurant","9":"first","10":"instock","11":"shipping-taxable","12":"product-type-simple"},"acf":[],"_links":{"self":[{"href":"https:\/\/www.lianmeithermos.com\/pt\/wp-json\/wp\/v2\/product\/857","targetHints":{"allow":["GET"]}}],"collection":[{"href":"https:\/\/www.lianmeithermos.com\/pt\/wp-json\/wp\/v2\/product"}],"about":[{"href":"https:\/\/www.lianmeithermos.com\/pt\/wp-json\/wp\/v2\/types\/product"}],"replies":[{"embeddable":true,"href":"https:\/\/www.lianmeithermos.com\/pt\/wp-json\/wp\/v2\/comments?post=857"}],"wp:featuredmedia":[{"embeddable":true,"href":"https:\/\/www.lianmeithermos.com\/pt\/wp-json\/wp\/v2\/media\/858"}],"wp:attachment":[{"href":"https:\/\/www.lianmeithermos.com\/pt\/wp-json\/wp\/v2\/media?parent=857"}],"wp:term":[{"taxonomy":"product_brand","embeddable":true,"href":"https:\/\/www.lianmeithermos.com\/pt\/wp-json\/wp\/v2\/product_brand?post=857"},{"taxonomy":"product_cat","embeddable":true,"href":"https:\/\/www.lianmeithermos.com\/pt\/wp-json\/wp\/v2\/product_cat?post=857"},{"taxonomy":"product_tag","embeddable":true,"href":"https:\/\/www.lianmeithermos.com\/pt\/wp-json\/wp\/v2\/product_tag?post=857"}],"curies":[{"name":"wp","href":"https:\/\/api.w.org\/{rel}","templated":true}]}}