{"id":875,"date":"2026-04-05T16:21:51","date_gmt":"2026-04-05T16:21:51","guid":{"rendered":"https:\/\/www.lianmeithermos.com\/?post_type=product&#038;p=875"},"modified":"2026-04-08T00:48:42","modified_gmt":"2026-04-08T00:48:42","slug":"wholesale-commercial-soup-warmer","status":"publish","type":"product","link":"https:\/\/www.lianmeithermos.com\/pt\/produto\/wholesale-commercial-soup-warmer\/","title":{"rendered":"Aquecedor de sopas comercial por atacado com controlo de temperatura ajust\u00e1vel"},"content":{"rendered":"<h2 class=\"wp-block-heading\">Carater\u00edsticas do aquecedor de sopa comercial por atacado <\/h2>\n\n\n\n<div class=\"wp-block-columns is-layout-flex wp-container-core-columns-is-layout-9d6595d7 wp-block-columns-is-layout-flex\">\n<div class=\"wp-block-column is-vertically-aligned-center is-layout-flow wp-block-column-is-layout-flow\">\n<div class=\"wp-block-columns is-layout-flex wp-container-core-columns-is-layout-9d6595d7 wp-block-columns-is-layout-flex\">\n<div class=\"wp-block-column is-vertically-aligned-top is-layout-flow wp-block-column-is-layout-flow\">\n<p><strong>Compatibilidade global:<\/strong> <strong>Tipos de fichas personaliz\u00e1veis<\/strong> para satisfazer os requisitos el\u00e9ctricos espec\u00edficos de <strong>diferentes pa\u00edses<\/strong>, garantindo uma funcionalidade pronta a utilizar em todo o mundo.<\/p>\n\n\n\n<p><strong>Controlo inteligente da temperatura com v\u00e1rias regula\u00e7\u00f5es:<\/strong> Equipado com um bot\u00e3o de f\u00e1cil utiliza\u00e7\u00e3o para <strong>regula\u00e7\u00e3o do calor em v\u00e1rias fases<\/strong>, permitindo-lhe manter temperaturas de servi\u00e7o perfeitas para sopas e caldos.<\/p>\n\n\n\n<p><strong>Sistema integrado de seguran\u00e7a:<\/strong> Carater\u00edsticas <strong>Prote\u00e7\u00e3o contra fervura e secagem<\/strong> para cortar automaticamente a energia quando os n\u00edveis de \u00e1gua est\u00e3o baixos, garantindo um funcionamento seguro e sem preocupa\u00e7\u00f5es em cozinhas profissionais movimentadas.<\/p>\n\n\n\n<p><strong>Funcionamento sem esfor\u00e7o:<\/strong> Racionalizado <strong>funcionamento com um toque<\/strong> torna a unidade incrivelmente f\u00e1cil e c\u00f3moda de utilizar pelo pessoal, minimizando o tempo de forma\u00e7\u00e3o.<\/p>\n\n\n\n<p><strong>Capacidade comercial com isolamento de dupla camada:<\/strong> <strong>Design de alta capacidade<\/strong> responde \u00e0s necessidades profissionais de catering e restaura\u00e7\u00e3o. O <strong>corpo isolado de dupla camada<\/strong> mant\u00e9m o calor contido para maior efici\u00eancia, mantendo-se frio ao toque para seguran\u00e7a do utilizador.<\/p>\n\n\n\n<p><strong>Fun\u00e7\u00e3o eficiente de manter o calor:<\/strong> Dedicado <strong>Modo manter quente<\/strong> garante que os clientes podem desfrutar de uma sopa quente e apetitosa em qualquer altura, reduzindo o desperd\u00edcio de alimentos e melhorando a satisfa\u00e7\u00e3o do cliente.<\/p>\n<\/div>\n\n\n\n<div class=\"wp-block-column is-layout-flow wp-block-column-is-layout-flow\">\n<figure class=\"wp-block-image alignwide size-full\"><img decoding=\"async\" width=\"800\" height=\"800\" src=\"https:\/\/www.lianmeithermos.com\/wp-content\/uploads\/2026\/04\/Wholesale-Commercial-Soup-Warmer1.webp\" alt=\"Aquecedor de sopa comercial por atacado1\" class=\"wp-image-876\" srcset=\"https:\/\/www.lianmeithermos.com\/wp-content\/uploads\/2026\/04\/Wholesale-Commercial-Soup-Warmer1.webp 800w, https:\/\/www.lianmeithermos.com\/wp-content\/uploads\/2026\/04\/Wholesale-Commercial-Soup-Warmer1-300x300.webp 300w, https:\/\/www.lianmeithermos.com\/wp-content\/uploads\/2026\/04\/Wholesale-Commercial-Soup-Warmer1-150x150.webp 150w, https:\/\/www.lianmeithermos.com\/wp-content\/uploads\/2026\/04\/Wholesale-Commercial-Soup-Warmer1-768x768.webp 768w, https:\/\/www.lianmeithermos.com\/wp-content\/uploads\/2026\/04\/Wholesale-Commercial-Soup-Warmer1-12x12.webp 12w, https:\/\/www.lianmeithermos.com\/wp-content\/uploads\/2026\/04\/Wholesale-Commercial-Soup-Warmer1-600x600.webp 600w, https:\/\/www.lianmeithermos.com\/wp-content\/uploads\/2026\/04\/Wholesale-Commercial-Soup-Warmer1-100x100.webp 100w\" sizes=\"(max-width: 800px) 100vw, 800px\" \/><\/figure>\n<\/div>\n<\/div>\n<\/div>\n<\/div>","protected":false},"excerpt":{"rendered":"<p data-start=\"452\" data-end=\"647\">Aquecedor de sopas comercial por grosso com fichas internacionais personaliz\u00e1veis e controlo de temperatura a v\u00e1rios n\u00edveis. Constru\u00eddo com um corpo anti-queimadura de camada dupla e prote\u00e7\u00e3o contra fervura e secagem, garante um funcionamento seguro e com um s\u00f3 toque para catering e restaurantes de grande volume.<\/p>\n<h2>Especifica\u00e7\u00f5es do aquecedor de sopa comercial por atacado<\/h2>\n<table style=\"border-collapse: collapse; width: 305.02pt;\" border=\"0\" width=\"305\" cellspacing=\"0\" cellpadding=\"0\">\n<tbody>\n<tr style=\"height: 34.75pt;\">\n<td class=\"et2\" style=\"height: 34.75pt; width: 170.30pt;\" width=\"170\" height=\"34\">Modelo e especifica\u00e7\u00f5es<\/td>\n<td class=\"et2\" style=\"width: 46.80pt;\" width=\"46\">Tamanho do corpo (cm)<\/td>\n<td class=\"et2\" style=\"width: 88.40pt;\" width=\"88\">201 Tamanho interno do vaso (cm)<\/td>\n<\/tr>\n<tr style=\"height: 62.10pt;\">\n<td class=\"et3\" style=\"height: 62.10pt; width: 170.30pt;\" width=\"170\" height=\"62\">Aquecedor de sopas em forma de tambor de ferro preto de 10 l (com pote interior de 201)<\/td>\n<td class=\"et3\" style=\"width: 46.80pt;\" width=\"46\">30 * 32<\/td>\n<td class=\"et3\" style=\"width: 88.40pt;\" width=\"88\">23 * 22.5<\/td>\n<\/tr>\n<tr style=\"height: 51.15pt;\">\n<td class=\"et3\" style=\"height: 51.15pt; width: 170.30pt;\" width=\"170\" height=\"51\">Aquecedor de sopas inteligente tipo tambor de 10L (com pote interno de 201)<\/td>\n<td class=\"et3\" style=\"width: 46.80pt;\" width=\"46\">30 * 32<\/td>\n<td class=\"et3\" style=\"width: 88.40pt;\" width=\"88\">23 * 22.5<\/td>\n<\/tr>\n<tr style=\"height: 48.45pt;\">\n<td class=\"et3\" style=\"height: 48.45pt; width: 170.30pt;\" width=\"170\" height=\"48\">Aquecedor de sopas tipo tambor de a\u00e7o inoxid\u00e1vel de 10 L (com pote interior de 201)<\/td>\n<td class=\"et3\" style=\"width: 46.80pt;\" width=\"46\">30 * 32<\/td>\n<td class=\"et3\" style=\"width: 88.40pt;\" width=\"88\">23 * 22.5<\/td>\n<\/tr>\n<tr style=\"height: 49.35pt;\">\n<td class=\"et3\" style=\"height: 49.35pt; width: 170.30pt;\" width=\"170\" height=\"49\">Aquecedor de sopas tipo tambor em a\u00e7o inoxid\u00e1vel 10L (Vers\u00e3o 2)<\/td>\n<td class=\"et3\" style=\"width: 46.80pt;\" width=\"46\">30 * 32<\/td>\n<td class=\"et3\" style=\"width: 88.40pt;\" width=\"88\">23 * 22.5<\/td>\n<\/tr>\n<tr style=\"height: 56.65pt;\">\n<td class=\"et3\" style=\"height: 56.65pt; width: 170.30pt;\" width=\"170\" height=\"56\">Aquecedor de sopas tipo tambor em a\u00e7o inoxid\u00e1vel 10L (Vers\u00e3o 3)<\/td>\n<td class=\"et3\" style=\"width: 46.80pt;\" width=\"46\">30 * 32<\/td>\n<td class=\"et3\" style=\"width: 88.40pt;\" width=\"88\">23 * 22.5<\/td>\n<\/tr>\n<tr style=\"height: 62.10pt;\">\n<td class=\"et3\" style=\"height: 62.10pt; width: 170.30pt;\" width=\"170\" height=\"62\">Aquecedor de sopas tipo tambor em a\u00e7o inoxid\u00e1vel 10L (Vers\u00e3o 4)<\/td>\n<td class=\"et3\" style=\"width: 46.80pt;\" width=\"46\">30 * 32<\/td>\n<td class=\"et3\" style=\"width: 88.40pt;\" width=\"88\">23 * 22.5<\/td>\n<\/tr>\n<\/tbody>\n<\/table>\n<p>&nbsp;<\/p>","protected":false},"featured_media":876,"comment_status":"closed","ping_status":"closed","template":"","meta":{"_acf_changed":false},"product_brand":[],"product_cat":[17],"product_tag":[],"class_list":{"0":"post-875","1":"product","2":"type-product","3":"status-publish","4":"has-post-thumbnail","6":"product_cat-wholesale-stainless-steel-insulated-barrels","8":"first","9":"instock","10":"shipping-taxable","11":"product-type-simple"},"acf":[],"_links":{"self":[{"href":"https:\/\/www.lianmeithermos.com\/pt\/wp-json\/wp\/v2\/product\/875","targetHints":{"allow":["GET"]}}],"collection":[{"href":"https:\/\/www.lianmeithermos.com\/pt\/wp-json\/wp\/v2\/product"}],"about":[{"href":"https:\/\/www.lianmeithermos.com\/pt\/wp-json\/wp\/v2\/types\/product"}],"replies":[{"embeddable":true,"href":"https:\/\/www.lianmeithermos.com\/pt\/wp-json\/wp\/v2\/comments?post=875"}],"wp:featuredmedia":[{"embeddable":true,"href":"https:\/\/www.lianmeithermos.com\/pt\/wp-json\/wp\/v2\/media\/876"}],"wp:attachment":[{"href":"https:\/\/www.lianmeithermos.com\/pt\/wp-json\/wp\/v2\/media?parent=875"}],"wp:term":[{"taxonomy":"product_brand","embeddable":true,"href":"https:\/\/www.lianmeithermos.com\/pt\/wp-json\/wp\/v2\/product_brand?post=875"},{"taxonomy":"product_cat","embeddable":true,"href":"https:\/\/www.lianmeithermos.com\/pt\/wp-json\/wp\/v2\/product_cat?post=875"},{"taxonomy":"product_tag","embeddable":true,"href":"https:\/\/www.lianmeithermos.com\/pt\/wp-json\/wp\/v2\/product_tag?post=875"}],"curies":[{"name":"wp","href":"https:\/\/api.w.org\/{rel}","templated":true}]}}