{"id":878,"date":"2026-04-05T16:55:50","date_gmt":"2026-04-05T16:55:50","guid":{"rendered":"https:\/\/www.lianmeithermos.com\/?post_type=product&#038;p=878"},"modified":"2026-04-11T01:50:01","modified_gmt":"2026-04-11T01:50:01","slug":"bulk-stainless-steel-cookware-set","status":"publish","type":"product","link":"https:\/\/www.lianmeithermos.com\/pt\/produto\/bulk-stainless-steel-cookware-set\/","title":{"rendered":"Conjunto de panelas de a\u00e7o inoxid\u00e1vel a granel compat\u00edvel com v\u00e1rios fog\u00f5es"},"content":{"rendered":"<h2 class=\"wp-block-heading\">Carater\u00edsticas do conjunto de panelas de a\u00e7o inoxid\u00e1vel Bulk<\/h2>\n\n\n\n<div class=\"wp-block-columns is-layout-flex wp-container-core-columns-is-layout-9d6595d7 wp-block-columns-is-layout-flex\">\n<div class=\"wp-block-column is-vertically-aligned-center is-layout-flow wp-block-column-is-layout-flow\">\n<div class=\"wp-block-columns is-layout-flex wp-container-core-columns-is-layout-9d6595d7 wp-block-columns-is-layout-flex\">\n<div class=\"wp-block-column is-vertically-aligned-top is-layout-flow wp-block-column-is-layout-flow\">\n<p><strong>Antiaderente de precis\u00e3o:<\/strong> Cada pe\u00e7a \u00e9 revestida com material antiaderente de alta qualidade para uma utiliza\u00e7\u00e3o comercial pesada.<\/p>\n\n\n\n<p><strong>Compat\u00edvel com v\u00e1rios fog\u00f5es:<\/strong> Optimizado para <strong>Indu\u00e7\u00e3o, g\u00e1s, eletricidade e cer\u00e2mica<\/strong> fog\u00f5es.<\/p>\n\n\n\n<p><strong>Durabilidade profissional:<\/strong> Fabricado em a\u00e7o inoxid\u00e1vel espessado de qualidade alimentar para garantir um desempenho duradouro.<\/p>\n\n\n\n<p><strong>Manuten\u00e7\u00e3o f\u00e1cil:<\/strong> Concebida para uma limpeza sem esfor\u00e7o e uma higiene superior em cozinhas movimentadas.<\/p>\n<\/div>\n\n\n\n<div class=\"wp-block-column is-layout-flow wp-block-column-is-layout-flow\">\n<figure class=\"wp-block-image alignwide size-full\"><img decoding=\"async\" width=\"474\" height=\"515\" src=\"https:\/\/www.lianmeithermos.com\/wp-content\/uploads\/2026\/04\/Bulk-Stainless-Steel-Cookware-Set1.webp\" alt=\"Conjunto de panelas de a\u00e7o inoxid\u00e1vel a granel1\" class=\"wp-image-879\" srcset=\"https:\/\/www.lianmeithermos.com\/wp-content\/uploads\/2026\/04\/Bulk-Stainless-Steel-Cookware-Set1.webp 474w, https:\/\/www.lianmeithermos.com\/wp-content\/uploads\/2026\/04\/Bulk-Stainless-Steel-Cookware-Set1-276x300.webp 276w, https:\/\/www.lianmeithermos.com\/wp-content\/uploads\/2026\/04\/Bulk-Stainless-Steel-Cookware-Set1-11x12.webp 11w\" sizes=\"(max-width: 474px) 100vw, 474px\" \/><\/figure>\n<\/div>\n<\/div>\n<\/div>\n<\/div>","protected":false},"excerpt":{"rendered":"<p data-start=\"452\" data-end=\"647\">Este conjunto de utens\u00edlios de cozinha em a\u00e7o inoxid\u00e1vel a granel possui um corpo antiaderente espessado e compatibilidade com v\u00e1rios fog\u00f5es. \u00c9 a solu\u00e7\u00e3o completa perfeita para fornecedores grossistas de catering e hotelaria.<\/p>\n<h2>Especifica\u00e7\u00f5es do Conjunto de panelas de a\u00e7o inoxid\u00e1vel a granel<\/h2>\n<table style=\"height: 390px;\" width=\"342\">\n<tbody>\n<tr>\n<td width=\"71\">Nome do artigo<\/td>\n<td width=\"88\">Di\u00e2metro \/ Especifica\u00e7\u00e3o<\/td>\n<\/tr>\n<tr>\n<td width=\"71\">Panela (pequena)<\/td>\n<td width=\"88\">18cm\u00a0(with Lid)<\/td>\n<\/tr>\n<tr>\n<td width=\"71\">Panela (m\u00e9dia)<\/td>\n<td width=\"88\">20cm\u00a0(with Lid)<\/td>\n<\/tr>\n<tr>\n<td width=\"71\">Panela (grande)<\/td>\n<td width=\"88\">22cm\u00a0(with Lid)<\/td>\n<\/tr>\n<tr>\n<td width=\"71\">Yukihira Pan<\/td>\n<td width=\"88\">18 cm<\/td>\n<\/tr>\n<tr>\n<td width=\"71\">Frigideira<\/td>\n<td width=\"88\">24 cm<\/td>\n<\/tr>\n<tr>\n<td width=\"71\">Wok profundo<\/td>\n<td width=\"88\">32 cm<\/td>\n<\/tr>\n<\/tbody>\n<\/table>","protected":false},"featured_media":879,"comment_status":"closed","ping_status":"closed","template":"","meta":{"_acf_changed":false},"product_brand":[],"product_cat":[29],"product_tag":[],"class_list":{"0":"post-878","1":"product","2":"type-product","3":"status-publish","4":"has-post-thumbnail","6":"product_cat-wholesale-cookware","8":"first","9":"instock","10":"shipping-taxable","11":"product-type-simple"},"acf":[],"_links":{"self":[{"href":"https:\/\/www.lianmeithermos.com\/pt\/wp-json\/wp\/v2\/product\/878","targetHints":{"allow":["GET"]}}],"collection":[{"href":"https:\/\/www.lianmeithermos.com\/pt\/wp-json\/wp\/v2\/product"}],"about":[{"href":"https:\/\/www.lianmeithermos.com\/pt\/wp-json\/wp\/v2\/types\/product"}],"replies":[{"embeddable":true,"href":"https:\/\/www.lianmeithermos.com\/pt\/wp-json\/wp\/v2\/comments?post=878"}],"wp:featuredmedia":[{"embeddable":true,"href":"https:\/\/www.lianmeithermos.com\/pt\/wp-json\/wp\/v2\/media\/879"}],"wp:attachment":[{"href":"https:\/\/www.lianmeithermos.com\/pt\/wp-json\/wp\/v2\/media?parent=878"}],"wp:term":[{"taxonomy":"product_brand","embeddable":true,"href":"https:\/\/www.lianmeithermos.com\/pt\/wp-json\/wp\/v2\/product_brand?post=878"},{"taxonomy":"product_cat","embeddable":true,"href":"https:\/\/www.lianmeithermos.com\/pt\/wp-json\/wp\/v2\/product_cat?post=878"},{"taxonomy":"product_tag","embeddable":true,"href":"https:\/\/www.lianmeithermos.com\/pt\/wp-json\/wp\/v2\/product_tag?post=878"}],"curies":[{"name":"wp","href":"https:\/\/api.w.org\/{rel}","templated":true}]}}