{"id":880,"date":"2026-04-05T17:01:57","date_gmt":"2026-04-05T17:01:57","guid":{"rendered":"https:\/\/www.lianmeithermos.com\/?post_type=product&#038;p=880"},"modified":"2026-04-08T01:04:28","modified_gmt":"2026-04-08T01:04:28","slug":"wholesale-non-stick-frying-pans-universal-stove-compatible","status":"publish","type":"product","link":"https:\/\/www.lianmeithermos.com\/pt\/produto\/wholesale-non-stick-frying-pans-universal-stove-compatible\/","title":{"rendered":"Frigideiras antiaderentes por atacado compat\u00edveis com fog\u00f5es universais"},"content":{"rendered":"<h2 class=\"wp-block-heading\">Carater\u00edsticas das frigideiras antiaderentes por atacado<\/h2>\n\n\n\n<div class=\"wp-block-columns is-layout-flex wp-container-core-columns-is-layout-9d6595d7 wp-block-columns-is-layout-flex\">\n<div class=\"wp-block-column is-vertically-aligned-center is-layout-flow wp-block-column-is-layout-flow\">\n<div class=\"wp-block-columns is-layout-flex wp-container-core-columns-is-layout-9d6595d7 wp-block-columns-is-layout-flex\">\n<div class=\"wp-block-column is-vertically-aligned-top is-layout-flow wp-block-column-is-layout-flow\">\n<p><strong>Revestimento antiaderente de qualidade superior:<\/strong> Possui uma superf\u00edcie antiaderente duradoura para garantir uma f\u00e1cil liberta\u00e7\u00e3o dos alimentos e um desempenho de cozedura superior.<\/p>\n\n\n\n<p><strong>Constru\u00e7\u00e3o em material espessado:<\/strong> Fabricado em a\u00e7o inoxid\u00e1vel espesso de elevado calibre para maior durabilidade e distribui\u00e7\u00e3o uniforme do calor.<\/p>\n\n\n\n<p><strong>Compatibilidade com fog\u00f5es universais:<\/strong> Especialmente concebido com uma base adequada para <strong>Indu\u00e7\u00e3o, g\u00e1s, eletricidade, cer\u00e2mica e halog\u00e9neo<\/strong> fog\u00f5es.<\/p>\n\n\n\n<p><strong>F\u00e1cil de limpar e manter:<\/strong> Concebida para uma limpeza r\u00e1pida e sem esfor\u00e7o, tornando-a perfeita para ambientes profissionais de elevada efici\u00eancia.<\/p>\n\n\n\n<p><strong>Pegas ergon\u00f3micas Stay-Cool:<\/strong> Equipado com pegas ocas e duradouras em a\u00e7o inoxid\u00e1vel que reduzem a transfer\u00eancia de calor para uma utiliza\u00e7\u00e3o segura e confort\u00e1vel.<\/p>\n<\/div>\n\n\n\n<div class=\"wp-block-column is-layout-flow wp-block-column-is-layout-flow\">\n<figure class=\"wp-block-image alignwide size-full\"><img decoding=\"async\" width=\"1080\" height=\"1080\" src=\"https:\/\/www.lianmeithermos.com\/wp-content\/uploads\/2026\/04\/Wholesale-Non-Stick-Frying-Pans-1.webp\" alt=\"Frigideiras antiaderentes por atacado\" class=\"wp-image-883\" srcset=\"https:\/\/www.lianmeithermos.com\/wp-content\/uploads\/2026\/04\/Wholesale-Non-Stick-Frying-Pans-1.webp 1080w, https:\/\/www.lianmeithermos.com\/wp-content\/uploads\/2026\/04\/Wholesale-Non-Stick-Frying-Pans-1-300x300.webp 300w, https:\/\/www.lianmeithermos.com\/wp-content\/uploads\/2026\/04\/Wholesale-Non-Stick-Frying-Pans-1-150x150.webp 150w, https:\/\/www.lianmeithermos.com\/wp-content\/uploads\/2026\/04\/Wholesale-Non-Stick-Frying-Pans-1-768x768.webp 768w, https:\/\/www.lianmeithermos.com\/wp-content\/uploads\/2026\/04\/Wholesale-Non-Stick-Frying-Pans-1-12x12.webp 12w, https:\/\/www.lianmeithermos.com\/wp-content\/uploads\/2026\/04\/Wholesale-Non-Stick-Frying-Pans-1-600x600.webp 600w, https:\/\/www.lianmeithermos.com\/wp-content\/uploads\/2026\/04\/Wholesale-Non-Stick-Frying-Pans-1-100x100.webp 100w\" sizes=\"(max-width: 1080px) 100vw, 1080px\" \/><\/figure>\n<\/div>\n<\/div>\n<\/div>\n<\/div>","protected":false},"excerpt":{"rendered":"<p data-start=\"452\" data-end=\"647\">Estas frigideiras antiaderentes para venda por grosso s\u00e3o feitas de a\u00e7o inoxid\u00e1vel espessado. Compat\u00edveis com todos os fog\u00f5es (indu\u00e7\u00e3o\/g\u00e1s\/el\u00e9trico) e concebidas para <b data-path-to-node=\"5\" data-index-in-node=\"153\">limpeza f\u00e1cil<\/b>. Ideal para cozinhas comerciais e grossistas.<\/p>\n<h2>Especifica\u00e7\u00f5es das frigideiras antiaderentes por atacado<\/h2>\n<table style=\"border-collapse: collapse; width: 344px; height: 233px;\" border=\"0\" width=\"93\" cellspacing=\"0\" cellpadding=\"0\">\n<tbody>\n<tr style=\"height: 34.75pt;\">\n<td class=\"et2\" style=\"height: 34.75pt; width: 46.80pt;\" width=\"46\" height=\"34\">Item<\/td>\n<td class=\"et2\" style=\"width: 46.80pt;\" width=\"46\">Tamanho<\/td>\n<\/tr>\n<tr style=\"height: 34.75pt;\">\n<td class=\"et2\" style=\"height: 34.75pt; width: 46.80pt;\" width=\"46\" height=\"34\">Frigideira (S)<\/td>\n<td class=\"et2\" style=\"width: 46.80pt;\" width=\"46\">24 cm<\/td>\n<\/tr>\n<tr style=\"height: 51.75pt;\">\n<td class=\"et2\" style=\"height: 51.75pt; width: 46.80pt;\" width=\"46\" height=\"51\">Frigideira (M)<\/td>\n<td class=\"et2\" style=\"width: 46.80pt;\" width=\"46\">26 cm<\/td>\n<\/tr>\n<tr style=\"height: 51.75pt;\">\n<td class=\"et2\" style=\"height: 51.75pt; width: 46.80pt;\" width=\"46\" height=\"51\">Frigideira (L)<\/td>\n<td class=\"et2\" style=\"width: 46.80pt;\" width=\"46\">28 cm<\/td>\n<\/tr>\n<\/tbody>\n<\/table>","protected":false},"featured_media":883,"comment_status":"closed","ping_status":"closed","template":"","meta":{"_acf_changed":false},"product_brand":[],"product_cat":[29],"product_tag":[],"class_list":{"0":"post-880","1":"product","2":"type-product","3":"status-publish","4":"has-post-thumbnail","6":"product_cat-wholesale-cookware","8":"first","9":"instock","10":"shipping-taxable","11":"product-type-simple"},"acf":[],"_links":{"self":[{"href":"https:\/\/www.lianmeithermos.com\/pt\/wp-json\/wp\/v2\/product\/880","targetHints":{"allow":["GET"]}}],"collection":[{"href":"https:\/\/www.lianmeithermos.com\/pt\/wp-json\/wp\/v2\/product"}],"about":[{"href":"https:\/\/www.lianmeithermos.com\/pt\/wp-json\/wp\/v2\/types\/product"}],"replies":[{"embeddable":true,"href":"https:\/\/www.lianmeithermos.com\/pt\/wp-json\/wp\/v2\/comments?post=880"}],"wp:featuredmedia":[{"embeddable":true,"href":"https:\/\/www.lianmeithermos.com\/pt\/wp-json\/wp\/v2\/media\/883"}],"wp:attachment":[{"href":"https:\/\/www.lianmeithermos.com\/pt\/wp-json\/wp\/v2\/media?parent=880"}],"wp:term":[{"taxonomy":"product_brand","embeddable":true,"href":"https:\/\/www.lianmeithermos.com\/pt\/wp-json\/wp\/v2\/product_brand?post=880"},{"taxonomy":"product_cat","embeddable":true,"href":"https:\/\/www.lianmeithermos.com\/pt\/wp-json\/wp\/v2\/product_cat?post=880"},{"taxonomy":"product_tag","embeddable":true,"href":"https:\/\/www.lianmeithermos.com\/pt\/wp-json\/wp\/v2\/product_tag?post=880"}],"curies":[{"name":"wp","href":"https:\/\/api.w.org\/{rel}","templated":true}]}}